{"id":17354,"date":"2025-04-24T18:00:00","date_gmt":"2025-04-24T15:00:00","guid":{"rendered":"https:\/\/mustila.fi\/?page_id=17354"},"modified":"2025-03-28T14:54:30","modified_gmt":"2025-03-28T14:54:30","slug":"opening_hours_and_admission_fees","status":"publish","type":"page","link":"https:\/\/mustila.fi\/en\/opening_hours_and_admission_fees\/","title":{"rendered":"Opening hours and admission fees"},"content":{"rendered":"\n<figure class=\"wp-block-image\"><img decoding=\"async\" src=\"\/wp-content\/uploads\/tiedostot\/amelanchier_kukka_jreinikainen.jpg\" alt=\"amelanchier_kukka_jreinikainen.jpg\"\/><\/figure>\n\n\n\n<h1 class=\"wp-block-heading\">&nbsp;<br>The Arboretum Mustila is open every day of the year<\/h1>\n\n\n\n<p><\/p>\n\n\n\n<figure class=\"wp-block-table\"><table><thead><tr><th class=\"has-text-align-center\" data-align=\"center\">&nbsp;<\/th><th>Mon-Fri<\/th><th>Sat<\/th><th>Sun<\/th><\/tr><\/thead><tbody><tr><th class=\"has-text-align-center\" data-align=\"center\">May till September<\/th><td>&nbsp;8\u201321<\/td><td> 8\u201321<\/td><td>&nbsp;8\u201321<\/td><\/tr><tr><th class=\"has-text-align-center\" data-align=\"center\">October till April<\/th><td>&nbsp;9\u201318<\/td><td> 9\u201318<\/td><td> 9\u201318<\/td><\/tr><\/tbody><\/table><\/figure>\n\n\n\n<p><\/p>\n\n\n\n<h1 class=\"wp-block-heading\">Caf\u00e9 opening hours&nbsp;<\/h1>\n\n\n\n<figure class=\"wp-block-table\"><table><thead><tr><th class=\"has-text-align-center\" data-align=\"center\">&nbsp;<\/th><th>Mon-Fri<\/th><th>Sat<\/th><th>Sun<\/th><\/tr><\/thead><tbody><tr><th class=\"has-text-align-center\" data-align=\"center\">May<\/th><td>&nbsp;10\u201318<\/td><td>&nbsp;10\u201317<\/td><td>&nbsp;11\u201318<\/td><\/tr><tr><th class=\"has-text-align-center\" data-align=\"center\">June<\/th><td>&nbsp;9\u201320<\/td><td>&nbsp;10\u201317<\/td><td>&nbsp;11\u201318<\/td><\/tr><tr><th class=\"has-text-align-center\" data-align=\"center\">July<\/th><td>10\u201318<\/td><td>&nbsp;10\u201317<\/td><td>&nbsp;11\u201318<\/td><\/tr><tr><th class=\"has-text-align-center\" data-align=\"center\">August<\/th><td>&nbsp;10\u201317<\/td><td>&nbsp;11\u201317<\/td><td>&nbsp;11\u201317<\/td><\/tr><tr><th class=\"has-text-align-center\" data-align=\"center\">September<\/th><td>\u00a0Thu-Fri 10\u201316<\/td><td>&nbsp;11\u201316<\/td><td>&nbsp;11\u201316<\/td><\/tr><tr><td class=\"has-text-align-center\" data-align=\"center\"><strong>October<\/strong><\/td><td> caf\u00e9 closed<\/td><td>&nbsp;11\u201316<\/td><td> 11\u201316<\/td><\/tr><\/tbody><\/table><\/figure>\n\n\n\n<p>The Arboretum Caf\u00e9 is closed for the winter season (Oct 13th to Apr 30th).<br>&nbsp;<\/p>\n\n\n\n<h1 class=\"wp-block-heading\">Admission fees<\/h1>\n\n\n\n<ul class=\"wp-block-list\">\n<li>Adults: 10 \u20ac<\/li>\n\n\n\n<li>Pensioners: 8 \u20ac<\/li>\n\n\n\n<li>Students and children over 12 years old: 6 \u20ac<\/li>\n\n\n\n<li>Children under 12 years: free admission<\/li>\n\n\n\n<li>Dogs: free admission, but must be on lease<\/li>\n\n\n\n<li>Summer Admission Card: 20 \u20ac<\/li>\n\n\n\n<li>Guide for groups: 70 \u20ac \/ hour, weekends 90 \u20ac \/ hour (please book an English-speaking guide a week in advance!)<\/li>\n<\/ul>\n\n\n\n<p>&nbsp;The admission fee is valid for the whole day.&nbsp;The Summer Card is valid till the end of year.<\/p>\n\n\n\n<p>The Arboretum is open all year round and may be visited also after&nbsp;Arboretum Caf\u00e9 opening hours. When the Caf\u00e9 is closed admission fees and purchases are to be paid either in the Office or using the the Pay Box on the Caf\u00e9 door.<\/p>\n\n\n\n<p><\/p>\n","protected":false},"excerpt":{"rendered":"<p>&nbsp;The Arboretum Mustila is open every day of the year &nbsp; Mon-Fri Sat Sun May till September &nbsp;8\u201321 8\u201321 &nbsp;8\u201321 October till April &nbsp;9\u201318 9\u201318 9\u201318 Caf\u00e9 opening hours&nbsp; &nbsp; Mon-Fri Sat Sun May &nbsp;10\u201318 &nbsp;10\u201317 &nbsp;11\u201318 June &nbsp;9\u201320 &nbsp;10\u201317 &nbsp;11\u201318 July 10\u201318 &nbsp;10\u201317 &nbsp;11\u201318 August &nbsp;10\u201317 &nbsp;11\u201317 &nbsp;11\u201317 September \u00a0Thu-Fri 10\u201316 &nbsp;11\u201316 &nbsp;11\u201316 October [&hellip;]<\/p>\n","protected":false},"author":2,"featured_media":0,"parent":0,"menu_order":0,"comment_status":"closed","ping_status":"closed","template":"","meta":{"iawp_total_views":484,"footnotes":""},"class_list":["post-17354","page","type-page","status-publish","hentry"],"_links":{"self":[{"href":"https:\/\/mustila.fi\/en\/wp-json\/wp\/v2\/pages\/17354","targetHints":{"allow":["GET"]}}],"collection":[{"href":"https:\/\/mustila.fi\/en\/wp-json\/wp\/v2\/pages"}],"about":[{"href":"https:\/\/mustila.fi\/en\/wp-json\/wp\/v2\/types\/page"}],"author":[{"embeddable":true,"href":"https:\/\/mustila.fi\/en\/wp-json\/wp\/v2\/users\/2"}],"replies":[{"embeddable":true,"href":"https:\/\/mustila.fi\/en\/wp-json\/wp\/v2\/comments?post=17354"}],"version-history":[{"count":0,"href":"https:\/\/mustila.fi\/en\/wp-json\/wp\/v2\/pages\/17354\/revisions"}],"wp:attachment":[{"href":"https:\/\/mustila.fi\/en\/wp-json\/wp\/v2\/media?parent=17354"}],"curies":[{"name":"wp","href":"https:\/\/api.w.org\/{rel}","templated":true}]}}