{"id":17368,"date":"2023-09-26T13:49:17","date_gmt":"2023-09-26T13:49:17","guid":{"rendered":"https:\/\/mustila.fi\/?page_id=17368"},"modified":"2023-09-26T13:49:18","modified_gmt":"2023-09-26T13:49:18","slug":"services","status":"publish","type":"page","link":"https:\/\/mustila.fi\/en\/services\/","title":{"rendered":"Services"},"content":{"rendered":"\n<figure class=\"wp-block-image\"><img decoding=\"async\" src=\"\/wp-content\/uploads\/tiedostot\/kahvila_2.jpg\" alt=\"Kahvila\"\/><\/figure>\n\n\n\n<h3 class=\"wp-block-heading\">Arboretum Caf\u00e9<\/h3>\n\n\n\n<p>Uphill from the parking area is an old granary where the cosy Arboretum Caf\u00e9 invites visitors from the beginning of May until the end of September. The caf\u00e9 is closed during winter season (from October until April).<\/p>\n\n\n\n<p>Main accompaniments for coffee or tea are salty or sweet pastries baked in the caf\u00e9 kitchen. Also sweets, ice cream and soft drinks are sold. Light lunch (usually a soup with bread) is served in June and July. Lunch, tea or dinner for groups but must be ordered in advance. Proceeds from the caf\u00e9 are used to the maintenance and development of the Arboretum.<\/p>\n\n\n\n<p>The space upstairs can be rented for meetings, lectures or festive occasions. It accommodates comfortably ca. thirty persons.<\/p>\n\n\n\n<p>Also on sale in the Arboretum Caf\u00e9:<\/p>\n\n\n\n<ul class=\"wp-block-list\">\n<li>Seedlings of uncommon plants (outside the caf\u00e9).&nbsp;<\/li>\n\n\n\n<li>Seeds of trees, shrubs and perennials (should be ordered in advance).&nbsp;<\/li>\n\n\n\n<li>Gardening literature and botanical publications.&nbsp;<\/li>\n\n\n\n<li>Postcards and souvenirs (e.g. hardwood carving boards).&nbsp;<\/li>\n<\/ul>\n\n\n\n<h3 class=\"wp-block-heading\">Guided tours<\/h3>\n\n\n\n<p>We arrange guided tours for groups in the Arboretum. The theme and duration of the tour can be suited to the group\u2019s wishes. Usually the tours are the length of an hour, or less than a kilometre through the central areas of the park: the Azalea Slope (Atsalearinne), Rhododendron Valley (Alppiruusulaakso), Terrace (Terassi) and\/or the Hazel Slope (P\u00e4hkin\u00e4rinne). The tour can be conducted in Suomi, Svenska or English. The guides are experts from the Arboretum.<\/p>\n\n\n\n<p>When the guided tour is not longer than an hour and a half, the charge is&nbsp;<strong>50 euros \/ guide (+ entrance fees) on weekdays, and on weekends and public holidays 70 euros \/ guide (+ entrance fees)<\/strong>.&nbsp; Prices for study and school groups and longer special tours are agreed and priced separately. Coffee or meals may be ordered for the tours.<\/p>\n\n\n\n<h3 class=\"wp-block-heading\">Public guided tours and events<\/h3>\n\n\n\n<p>Public guided tours (at the price of the entrance fee) are arranged on the most active seasons at times published in advance. These times are given in the summer calendar of events. Also specific theme tours, lectures and other activities for visitors are listed there.<\/p>\n\n\n\n<h3 class=\"wp-block-heading\">Office<\/h3>\n\n\n\n<p>The office of Arboretum Mustila is situated on&nbsp;the hill next to the caf\u00e9.<\/p>\n\n\n\n<p>Office hours are 8:00-16:00 the year round. During winter season (from beginning of November till the end of February) the personnel is at its minimum and not always in the office building, and it is advisable to agree on the visit in advance.&nbsp;<\/p>\n\n\n\n<p>From the office you may order:<\/p>\n\n\n\n<ul class=\"wp-block-list\">\n<li>Seeds<\/li>\n\n\n\n<li>Plants<\/li>\n\n\n\n<li>Guided tours<\/li>\n\n\n\n<li>Coffee and meals for groups<\/li>\n\n\n\n<li>Botanical and gardening publications<\/li>\n<\/ul>\n\n\n\n<h3 class=\"wp-block-heading\">Inquiries and reservation<\/h3>\n\n\n\n<p>Please contact the arboretum office.<\/p>\n","protected":false},"excerpt":{"rendered":"<p>Arboretum Caf\u00e9 Uphill from the parking area is an old granary where the cosy Arboretum Caf\u00e9 invites visitors from the beginning of May until the end of September. The caf\u00e9 is closed during winter season (from October until April). Main accompaniments for coffee or tea are salty or sweet pastries baked in the caf\u00e9 kitchen. [&hellip;]<\/p>\n","protected":false},"author":2,"featured_media":0,"parent":0,"menu_order":0,"comment_status":"closed","ping_status":"closed","template":"","meta":{"iawp_total_views":180,"footnotes":""},"class_list":["post-17368","page","type-page","status-publish","hentry"],"_links":{"self":[{"href":"https:\/\/mustila.fi\/en\/wp-json\/wp\/v2\/pages\/17368","targetHints":{"allow":["GET"]}}],"collection":[{"href":"https:\/\/mustila.fi\/en\/wp-json\/wp\/v2\/pages"}],"about":[{"href":"https:\/\/mustila.fi\/en\/wp-json\/wp\/v2\/types\/page"}],"author":[{"embeddable":true,"href":"https:\/\/mustila.fi\/en\/wp-json\/wp\/v2\/users\/2"}],"replies":[{"embeddable":true,"href":"https:\/\/mustila.fi\/en\/wp-json\/wp\/v2\/comments?post=17368"}],"version-history":[{"count":0,"href":"https:\/\/mustila.fi\/en\/wp-json\/wp\/v2\/pages\/17368\/revisions"}],"wp:attachment":[{"href":"https:\/\/mustila.fi\/en\/wp-json\/wp\/v2\/media?parent=17368"}],"curies":[{"name":"wp","href":"https:\/\/api.w.org\/{rel}","templated":true}]}}