{"id":17493,"date":"2023-09-26T19:04:00","date_gmt":"2023-09-26T19:04:00","guid":{"rendered":"https:\/\/mustila.fi\/?page_id=17493"},"modified":"2023-09-26T19:04:01","modified_gmt":"2023-09-26T19:04:01","slug":"ulsike-1992-5-rhus-aromatica-tuoksusumakki","status":"publish","type":"page","link":"https:\/\/mustila.fi\/en\/ulsike-1992-5-rhus-aromatica-tuoksusumakki\/","title":{"rendered":"Ulsike 1992: 5. Rhus aromatica &#8211; tuoksusumakki"},"content":{"rendered":"\n<p><em><small>Ulkomaisten kasvilajien menestymistutkimuksessa eli Ulsike-projektissa laadittiin vuosien 1992-1997 koelajeista kuvaukset. T\u00e4m\u00e4n sivun tiedot koskevat siten tietty\u00e4 koesiemener\u00e4\u00e4 ja ovat saattaneet p\u00e4ivitty\u00e4 mm. Ulsike-projektista saatujen kokemusten perusteella.<\/small><\/em><\/p>\n\n\n\n<p>koe-er\u00e4n tunnus: K09-91-173<\/p>\n\n\n\n<p>alkuper\u00e4 Guelph, Ontario, Kanada 43 32&#8217;N x 80 14&#8217;W, 350 m m.p.y.<br><br>Kotoisin Pohjois-Kanadan koillisosasta rajoittuen pohjoisessa USA:n ja Kanadan rajalle, id\u00e4ss\u00e4 Atlantiin, etel\u00e4ss\u00e4 pohjoiseen Texasiin sek\u00e4 l\u00e4nness\u00e4 Kansasiin. Tuoksusumakki on pensas, joka kasvaa yleisen\u00e4 koko levinneisyysalueellaan. Kuten samettisumakki, suosii tuoksusumakki aurinkoisia kasvupaikkoja, mutta on kasvualustan suhteen vaatimaton. Sumakkeja tunnetaan maailmasta 150 lajia, joista voidaan mainita mm. myrkkysumakki (<em>R. vernix<\/em>) ja myrkkymuratti (<em>R. radicans<\/em>), molemmat kasvualueidensa myrkyllisimpi\u00e4 kasveja. Suomessa menestynee vain 3-4 lajia.<br><br>Tuoksusumakki saattaisi olla merkitt\u00e4v\u00e4 lis\u00e4 viljeltyyn koristepensasvalikoimaamme. Kasvi on miellytt\u00e4v\u00e4n tuoksuinen, se kukkii huhti-toukokuussa keltaisin kukin ja sen hedelm\u00e4 on karvapintainen oranssinpunainen marja, joka kypsyy syys- lokakuussa. Tuoksusumakin lehdet ovat kerrannaiset, 3-lehdykk\u00e4iset ja saavat kauniin, oranssinpunaisen syysv\u00e4rin.<br><br>Tuoksusumakilla on samettisumakin tavoin kovakuorinen siemen, joka vaatii pehmitt\u00e4misen. T\u00e4m\u00e4n lis\u00e4ksi siemenell\u00e4 on sis\u00e4syntyinen alkiolepo; joka on purettu kylm\u00e4stratifioinnilla. Siemen tulisi kylv\u00e4\u00e4 v\u00e4litt\u00f6m\u00e4sti n. 0,5 cm syvyyteen. Tuoksusumakki vaatii sek\u00e4 sirkkataimena ett\u00e4 my\u00f6hemmin mahdollisimman runsaasti valoa sek\u00e4 niukan kastelun. Taimi voidaan koulia jatkokasvatusalustalle heti varsinaisten kasvulehtien kehitytty\u00e4. Id\u00e4tys vie noin 20 vrk.<br><br>Tuoksusumakki on noin 1 m korkuinen pensas, ja sen oletetaan menestyv\u00e4n kasvuvy\u00f6hykkeell\u00e4 I. Siemener\u00e4 on ker\u00e4tty kasvin luontaisen levinneisyysalueen pohjoisosasta viljelyst\u00e4 karanneista yksil\u00f6ist\u00e4, joiden vanhempien alkuper\u00e4 on tuntematon.<\/p>\n\n\n\n<h2 class=\"wp-block-heading\">Kasvin perustiedot<\/h2>\n\n\n\n<p>SukuRhusLajiAromatica<\/p>\n\n\n\n<h2 class=\"wp-block-heading\">Keywords<\/h2>\n\n\n\n<ul class=\"wp-block-list\">\n<li>Ulsike<\/li>\n\n\n\n<li>1992<\/li>\n\n\n\n<li>Lehtipuut ja -pensaat<\/li>\n\n\n\n<li>Rhus<\/li>\n\n\n\n<li>Rhus aromatica<\/li>\n<\/ul>\n","protected":false},"excerpt":{"rendered":"<p>Ulkomaisten kasvilajien menestymistutkimuksessa eli Ulsike-projektissa laadittiin vuosien 1992-1997 koelajeista kuvaukset. T\u00e4m\u00e4n sivun tiedot koskevat siten tietty\u00e4 koesiemener\u00e4\u00e4 ja ovat saattaneet p\u00e4ivitty\u00e4 mm. Ulsike-projektista saatujen kokemusten perusteella. koe-er\u00e4n tunnus: K09-91-173 alkuper\u00e4 Guelph, Ontario, Kanada 43 32&#8217;N x 80 14&#8217;W, 350 m m.p.y. Kotoisin Pohjois-Kanadan koillisosasta rajoittuen pohjoisessa USA:n ja Kanadan rajalle, id\u00e4ss\u00e4 Atlantiin, etel\u00e4ss\u00e4 pohjoiseen Texasiin [&hellip;]<\/p>\n","protected":false},"author":2,"featured_media":0,"parent":0,"menu_order":0,"comment_status":"closed","ping_status":"closed","template":"","meta":{"iawp_total_views":7,"footnotes":""},"class_list":["post-17493","page","type-page","status-publish","hentry"],"_links":{"self":[{"href":"https:\/\/mustila.fi\/en\/wp-json\/wp\/v2\/pages\/17493","targetHints":{"allow":["GET"]}}],"collection":[{"href":"https:\/\/mustila.fi\/en\/wp-json\/wp\/v2\/pages"}],"about":[{"href":"https:\/\/mustila.fi\/en\/wp-json\/wp\/v2\/types\/page"}],"author":[{"embeddable":true,"href":"https:\/\/mustila.fi\/en\/wp-json\/wp\/v2\/users\/2"}],"replies":[{"embeddable":true,"href":"https:\/\/mustila.fi\/en\/wp-json\/wp\/v2\/comments?post=17493"}],"version-history":[{"count":0,"href":"https:\/\/mustila.fi\/en\/wp-json\/wp\/v2\/pages\/17493\/revisions"}],"wp:attachment":[{"href":"https:\/\/mustila.fi\/en\/wp-json\/wp\/v2\/media?parent=17493"}],"curies":[{"name":"wp","href":"https:\/\/api.w.org\/{rel}","templated":true}]}}