{"id":17508,"date":"2023-09-26T19:11:35","date_gmt":"2023-09-26T19:11:35","guid":{"rendered":"https:\/\/mustila.fi\/?page_id=17508"},"modified":"2023-09-26T19:11:36","modified_gmt":"2023-09-26T19:11:36","slug":"ulsike-1993-29-pinus-pumila-pensassembra","status":"publish","type":"page","link":"https:\/\/mustila.fi\/en\/ulsike-1993-29-pinus-pumila-pensassembra\/","title":{"rendered":"Ulsike 1993: 29. Pinus pumila &#8211; pensassembra"},"content":{"rendered":"\n<p><em><small>Ulkomaisten kasvilajien menestymistutkimuksessa eli Ulsike-projektissa laadittiin vuosien 1992-1997 koelajeista kuvaukset. T\u00e4m\u00e4n sivun tiedot koskevat siten tietty\u00e4 koesiemener\u00e4\u00e4 ja ovat saattaneet p\u00e4ivitty\u00e4 mm. Ulsike-projektista saatujen kokemusten perusteella.<\/small><\/em><\/p>\n\n\n\n<p>koe-er\u00e4n tunnus: K09-92-005<\/p>\n\n\n\n<p>alkuper\u00e4: Blagoveschensk, Ven\u00e4j\u00e4<br><br>Pensassembra on kotoisin laajalta alueelta Kaukoid\u00e4st\u00e4 ja on ehk\u00e4 koristeellisin meill\u00e4 viljelt\u00e4vist\u00e4 pensasmaisista m\u00e4nnyist\u00e4. Se kasvaa n. 2 m korkeaksi pensaaksi, jolla on kauniit, sinivihre\u00e4t neulaset. K\u00e4vyt ovat pallomaisia kuten sembralla, mutta pienempi\u00e4. Pensassembra on meill\u00e4 melko harvoin viljelty laji, jota tulisi k\u00e4ytt\u00e4\u00e4 nykyist\u00e4 enemm\u00e4n. Laji muodostaa kotiseudullaan laajoja pensaikkoja ja viihtyy avoimilla alueilla.<br><br>Pensassembran siemenell\u00e4 on syv\u00e4, osin siemenkuoren aiheuttama lepotila, jonka purkamiseksi siemen suositellaan kylvett\u00e4v\u00e4ksi kes\u00e4ll\u00e4. T\u00e4ll\u00f6in siemen it\u00e4\u00e4 kylv\u00f6\u00e4 seuraavana kev\u00e4\u00e4n\u00e4. Kylv\u00f6s peitet\u00e4\u00e4n hiekalla niin ett\u00e4 siemen peittyy. Proteiinipitoinen siemen on suojattava jyrsij\u00f6ilt\u00e4.<\/p>\n\n\n\n<h2 class=\"wp-block-heading\">Kasvin perustiedot<\/h2>\n\n\n\n<p>SukuPinusLajiPumila<\/p>\n\n\n\n<h2 class=\"wp-block-heading\">Keywords<\/h2>\n\n\n\n<ul class=\"wp-block-list\">\n<li>Ulsike<\/li>\n\n\n\n<li>1993<\/li>\n\n\n\n<li>Pinus<\/li>\n\n\n\n<li>Pinus pumila<\/li>\n<\/ul>\n","protected":false},"excerpt":{"rendered":"<p>Ulkomaisten kasvilajien menestymistutkimuksessa eli Ulsike-projektissa laadittiin vuosien 1992-1997 koelajeista kuvaukset. T\u00e4m\u00e4n sivun tiedot koskevat siten tietty\u00e4 koesiemener\u00e4\u00e4 ja ovat saattaneet p\u00e4ivitty\u00e4 mm. Ulsike-projektista saatujen kokemusten perusteella. koe-er\u00e4n tunnus: K09-92-005 alkuper\u00e4: Blagoveschensk, Ven\u00e4j\u00e4 Pensassembra on kotoisin laajalta alueelta Kaukoid\u00e4st\u00e4 ja on ehk\u00e4 koristeellisin meill\u00e4 viljelt\u00e4vist\u00e4 pensasmaisista m\u00e4nnyist\u00e4. Se kasvaa n. 2 m korkeaksi pensaaksi, jolla on [&hellip;]<\/p>\n","protected":false},"author":1,"featured_media":0,"parent":0,"menu_order":0,"comment_status":"closed","ping_status":"closed","template":"","meta":{"iawp_total_views":9,"footnotes":""},"class_list":["post-17508","page","type-page","status-publish","hentry"],"_links":{"self":[{"href":"https:\/\/mustila.fi\/en\/wp-json\/wp\/v2\/pages\/17508","targetHints":{"allow":["GET"]}}],"collection":[{"href":"https:\/\/mustila.fi\/en\/wp-json\/wp\/v2\/pages"}],"about":[{"href":"https:\/\/mustila.fi\/en\/wp-json\/wp\/v2\/types\/page"}],"author":[{"embeddable":true,"href":"https:\/\/mustila.fi\/en\/wp-json\/wp\/v2\/users\/1"}],"replies":[{"embeddable":true,"href":"https:\/\/mustila.fi\/en\/wp-json\/wp\/v2\/comments?post=17508"}],"version-history":[{"count":0,"href":"https:\/\/mustila.fi\/en\/wp-json\/wp\/v2\/pages\/17508\/revisions"}],"wp:attachment":[{"href":"https:\/\/mustila.fi\/en\/wp-json\/wp\/v2\/media?parent=17508"}],"curies":[{"name":"wp","href":"https:\/\/api.w.org\/{rel}","templated":true}]}}