{"id":17528,"date":"2023-09-26T19:17:14","date_gmt":"2023-09-26T19:17:14","guid":{"rendered":"https:\/\/mustila.fi\/?page_id=17528"},"modified":"2023-09-26T19:17:15","modified_gmt":"2023-09-26T19:17:15","slug":"ulsike-1992-18-prunus-mahaleb-veikselinkirsikka","status":"publish","type":"page","link":"https:\/\/mustila.fi\/en\/ulsike-1992-18-prunus-mahaleb-veikselinkirsikka\/","title":{"rendered":"Ulsike 1992: 18. Prunus mahaleb &#8211; veikselinkirsikka"},"content":{"rendered":"\n<p><em><small>Ulkomaisten kasvilajien menestymistutkimuksessa eli Ulsike-projektissa laadittiin vuosien 1992-1997 koelajeista kuvaukset. T\u00e4m\u00e4n sivun tiedot koskevat siten tietty\u00e4 koesiemener\u00e4\u00e4 ja ovat saattaneet p\u00e4ivitty\u00e4 mm. Ulsike-projektista saatujen kokemusten perusteella.<\/small><\/em><\/p>\n\n\n\n<p>koe-er\u00e4n tunnus: K09-92-011<\/p>\n\n\n\n<p>alkuper\u00e4: Zvenigorod, Ven\u00e4j\u00e4 55 50&#8217;N x 36 50 &#8220;E, korkeus merenpinnasta tuntematon<br><br>Kotoisin Euroopasta ja L\u00e4hi-Id\u00e4st\u00e4. Pitk\u00e4\u00e4n viljelyss\u00e4 ollut laji, jota k\u00e4ytet\u00e4\u00e4n paljon ymp\u00e4ri maailmaa sek\u00e4 perusrunkona vartettaessa arkoja lajikkeita ett\u00e4 aitakasvina etenkin Pohjois-Amerikassa, miss\u00e4 se on karannut viljelyst\u00e4 ja villiintynyt.&nbsp; Sit\u00e4 hy\u00f6dynnet\u00e4\u00e4n my\u00f6s teollisesti aromaattisen kuorensa vuoksi. Kukkii lehtien puhkeamisen aikaan pienin (n. 1 cm) kukin, jotka muodostavat jopa 10 kukan tuoksuvia terttuja. Hedelm\u00e4 on n. 0,5 cm luumarja, joka kypsytty\u00e4\u00e4n syksyll\u00e4 saa mustan v\u00e4rin.<br><br>Veikselinkirsikan siemen on kylm\u00e4stratifioitu, ja tulee kylv\u00e4\u00e4 v\u00e4litt\u00f6m\u00e4sti n. 1 cm syvyyteen. Kylv\u00f6alusta ja jatkokasvatusalusta on suojattava jyrsij\u00f6ilt\u00e4. It\u00e4vyys n. 50 %, id\u00e4tysaika IL 30 vrk.<br><br>Veikselinkirsikka on todenn\u00e4k\u00f6isesti arin nyt kokeiltavista kirsikka- ja luumulajeista, ja sen oletetaan menestyv\u00e4n vy\u00f6hykkeell\u00e4 I. Materiaalia tullaan sijoittamaan mukaan my\u00f6s t\u00e4t\u00e4 pohjoisemmaksi l\u00e4hetett\u00e4viin lajitelmiin menestymisrajan l\u00f6yt\u00e4miseksi. Siemen on ker\u00e4tty luontaisen esiintymisalueen it\u00e4osasta.<\/p>\n\n\n\n<h2 class=\"wp-block-heading\">Kasvin perustiedot<\/h2>\n\n\n\n<p>SukuPrunusLajiMahaleb<\/p>\n\n\n\n<h2 class=\"wp-block-heading\">Keywords<\/h2>\n\n\n\n<ul class=\"wp-block-list\">\n<li>Ulsike<\/li>\n\n\n\n<li>1992<\/li>\n\n\n\n<li>Prunus<\/li>\n\n\n\n<li>Prunus mahaleb<\/li>\n<\/ul>\n","protected":false},"excerpt":{"rendered":"<p>Ulkomaisten kasvilajien menestymistutkimuksessa eli Ulsike-projektissa laadittiin vuosien 1992-1997 koelajeista kuvaukset. T\u00e4m\u00e4n sivun tiedot koskevat siten tietty\u00e4 koesiemener\u00e4\u00e4 ja ovat saattaneet p\u00e4ivitty\u00e4 mm. Ulsike-projektista saatujen kokemusten perusteella. koe-er\u00e4n tunnus: K09-92-011 alkuper\u00e4: Zvenigorod, Ven\u00e4j\u00e4 55 50&#8217;N x 36 50 &#8220;E, korkeus merenpinnasta tuntematon Kotoisin Euroopasta ja L\u00e4hi-Id\u00e4st\u00e4. Pitk\u00e4\u00e4n viljelyss\u00e4 ollut laji, jota k\u00e4ytet\u00e4\u00e4n paljon ymp\u00e4ri maailmaa sek\u00e4 [&hellip;]<\/p>\n","protected":false},"author":2,"featured_media":0,"parent":0,"menu_order":0,"comment_status":"closed","ping_status":"closed","template":"","meta":{"iawp_total_views":4,"footnotes":""},"class_list":["post-17528","page","type-page","status-publish","hentry"],"_links":{"self":[{"href":"https:\/\/mustila.fi\/en\/wp-json\/wp\/v2\/pages\/17528","targetHints":{"allow":["GET"]}}],"collection":[{"href":"https:\/\/mustila.fi\/en\/wp-json\/wp\/v2\/pages"}],"about":[{"href":"https:\/\/mustila.fi\/en\/wp-json\/wp\/v2\/types\/page"}],"author":[{"embeddable":true,"href":"https:\/\/mustila.fi\/en\/wp-json\/wp\/v2\/users\/2"}],"replies":[{"embeddable":true,"href":"https:\/\/mustila.fi\/en\/wp-json\/wp\/v2\/comments?post=17528"}],"version-history":[{"count":0,"href":"https:\/\/mustila.fi\/en\/wp-json\/wp\/v2\/pages\/17528\/revisions"}],"wp:attachment":[{"href":"https:\/\/mustila.fi\/en\/wp-json\/wp\/v2\/media?parent=17528"}],"curies":[{"name":"wp","href":"https:\/\/api.w.org\/{rel}","templated":true}]}}