{"id":17532,"date":"2023-09-26T19:18:11","date_gmt":"2023-09-26T19:18:11","guid":{"rendered":"https:\/\/mustila.fi\/?page_id=17532"},"modified":"2023-09-26T19:18:13","modified_gmt":"2023-09-26T19:18:13","slug":"ulsike-1992-21-pyrus-ussuriensis-ussurinpaaryna","status":"publish","type":"page","link":"https:\/\/mustila.fi\/en\/ulsike-1992-21-pyrus-ussuriensis-ussurinpaaryna\/","title":{"rendered":"Ulsike 1992: 21. Pyrus ussuriensis &#8211; ussurinp\u00e4\u00e4ryn\u00e4"},"content":{"rendered":"\n<p><em><small>Ulkomaisten kasvilajien menestymistutkimuksessa eli Ulsike-projektissa laadittiin vuosien 1992-1997 koelajeista kuvaukset. T\u00e4m\u00e4n sivun tiedot koskevat siten tietty\u00e4 koesiemener\u00e4\u00e4 ja ovat saattaneet p\u00e4ivitty\u00e4 mm. Ulsike-projektista saatujen kokemusten perusteella.<\/small><\/em><\/p>\n\n\n\n<p>koe-er\u00e4n tunnus: K09-92-010<\/p>\n\n\n\n<p>alkuper\u00e4: Dalnerechensk, Ven\u00e4j\u00e4 45 30&#8217;N x 134 00&#8217;E, korkeus merenpinnasta tuntematon<br><br>Kotoisin pohjois-Kiinasta ja Korean niemimaalta sek\u00e4 Ussuri-joen suistosta. Maailmasta tunnetaan n. 20 lajia Euroopasta, Aasiasta ja Polyois-Afrikasta. P\u00e4\u00e4ryn\u00e4\u00e4 on viljelty satojen vuosien ajan ja viljelyss\u00e4 on lukemattomia lajikkeita.<br><br>Ussurinp\u00e4\u00e4ryn\u00e4 on kotiseudullaan jopa yli 10 &#8211; metrinen puu, meill\u00e4 todenn\u00e4k\u00f6isesti 5-7 metri\u00e4 korkea pienehk\u00f6 puu, joka kukkii valkein kukin lehtien puhkeamisen aikoihin touko &#8211; kes\u00e4kuussa. Hedelm\u00e4 on 4-5 cm, v\u00e4rilt\u00e4\u00e4n kellanvihre\u00e4. Lehtien mainitaan saavan punaisen syysv\u00e4rin ennen varisemista. Ussurinp\u00e4\u00e4ryn\u00e4st\u00e4 on mainintoja perusrunkona arkoja lajikkeita vartettaessa. Lajista on saatavissa hyvin niukalti tietoja. Siemen on kylm\u00e4k\u00e4sitelty ennen pakkaamista, ja tulisi kylv\u00e4\u00e4 v\u00e4litt\u00f6m\u00e4sti n. 1 cm syvyyteen. Ussurinp\u00e4\u00e4ryn\u00e4 it\u00e4\u00e4 melko viile\u00e4ss\u00e4, n. 15 asteen l\u00e4mp\u00f6tilassa, ja it\u00e4vyys heikkenee l\u00e4mp\u00f6tilan noustessa. Taimet tulee koulia heti varsinaisten kasvulehtien puhjettua jatkokasvatusalustalle, joka on suojattava jyrsij\u00f6ilt\u00e4. It\u00e4vyys 60%, id\u00e4tysaika on 10-14 vrk.<br>&nbsp;<\/p>\n\n\n\n<h2 class=\"wp-block-heading\">Kasvin perustiedot<\/h2>\n\n\n\n<p>SukuPyrusLajiUssuriensis<\/p>\n\n\n\n<h2 class=\"wp-block-heading\">Keywords<\/h2>\n\n\n\n<ul class=\"wp-block-list\">\n<li>Ulsike<\/li>\n\n\n\n<li>1992<\/li>\n\n\n\n<li>Pyrus<\/li>\n\n\n\n<li>Pyrus ussuriensis<\/li>\n<\/ul>\n","protected":false},"excerpt":{"rendered":"<p>Ulkomaisten kasvilajien menestymistutkimuksessa eli Ulsike-projektissa laadittiin vuosien 1992-1997 koelajeista kuvaukset. T\u00e4m\u00e4n sivun tiedot koskevat siten tietty\u00e4 koesiemener\u00e4\u00e4 ja ovat saattaneet p\u00e4ivitty\u00e4 mm. Ulsike-projektista saatujen kokemusten perusteella. koe-er\u00e4n tunnus: K09-92-010 alkuper\u00e4: Dalnerechensk, Ven\u00e4j\u00e4 45 30&#8217;N x 134 00&#8217;E, korkeus merenpinnasta tuntematon Kotoisin pohjois-Kiinasta ja Korean niemimaalta sek\u00e4 Ussuri-joen suistosta. Maailmasta tunnetaan n. 20 lajia Euroopasta, Aasiasta [&hellip;]<\/p>\n","protected":false},"author":2,"featured_media":0,"parent":0,"menu_order":0,"comment_status":"closed","ping_status":"closed","template":"","meta":{"iawp_total_views":2,"footnotes":""},"class_list":["post-17532","page","type-page","status-publish","hentry"],"_links":{"self":[{"href":"https:\/\/mustila.fi\/en\/wp-json\/wp\/v2\/pages\/17532","targetHints":{"allow":["GET"]}}],"collection":[{"href":"https:\/\/mustila.fi\/en\/wp-json\/wp\/v2\/pages"}],"about":[{"href":"https:\/\/mustila.fi\/en\/wp-json\/wp\/v2\/types\/page"}],"author":[{"embeddable":true,"href":"https:\/\/mustila.fi\/en\/wp-json\/wp\/v2\/users\/2"}],"replies":[{"embeddable":true,"href":"https:\/\/mustila.fi\/en\/wp-json\/wp\/v2\/comments?post=17532"}],"version-history":[{"count":0,"href":"https:\/\/mustila.fi\/en\/wp-json\/wp\/v2\/pages\/17532\/revisions"}],"wp:attachment":[{"href":"https:\/\/mustila.fi\/en\/wp-json\/wp\/v2\/media?parent=17532"}],"curies":[{"name":"wp","href":"https:\/\/api.w.org\/{rel}","templated":true}]}}