{"id":17545,"date":"2023-09-26T19:21:18","date_gmt":"2023-09-26T19:21:18","guid":{"rendered":"https:\/\/mustila.fi\/?page_id=17545"},"modified":"2023-09-26T19:21:20","modified_gmt":"2023-09-26T19:21:20","slug":"ulsike-1993-30-prunus-virginiana-virginiantuomi","status":"publish","type":"page","link":"https:\/\/mustila.fi\/en\/ulsike-1993-30-prunus-virginiana-virginiantuomi\/","title":{"rendered":"Ulsike 1993: 30. Prunus virginiana &#8211; virginiantuomi"},"content":{"rendered":"\n<p><em><small>Ulkomaisten kasvilajien menestymistutkimuksessa eli Ulsike-projektissa laadittiin vuosien 1992-1997 koelajeista kuvaukset. T\u00e4m\u00e4n sivun tiedot koskevat siten tietty\u00e4 koesiemener\u00e4\u00e4 ja ovat saattaneet p\u00e4ivitty\u00e4 mm. Ulsike-projektista saatujen kokemusten perusteella.<\/small><\/em><\/p>\n\n\n\n<p>koe-er\u00e4n tunnus: K09-92-076<\/p>\n\n\n\n<p>alkuper\u00e4: Edmonton, Alberta, Kanada<br><br>Virginiantuomi on 3-8 m korkea, voimakkaasti vesova suuri pensas tai pieni puu, joka on kotoisin Pohjois-Amerikasta. Se esiintyy siell\u00e4 Tyynenmeren rannikolta aina Atlantille saakka. Kanadassa virginiantuomi on suosittu koristekasvi, jolla kirsikoiden tapaan on koristearvoa l\u00e4pi kasvukauden. Lajilla on runsas valkoinen kukinta kev\u00e4\u00e4ll\u00e4, tummanpunaiset tai l\u00e4hes mustat marjat ja kaunis keltainen syysv\u00e4ritys syksyll\u00e4. Hedelm\u00e4t ovat sy\u00f6t\u00e4vi\u00e4 ja niit\u00e4 k\u00e4ytet\u00e4\u00e4n hillon ja mehun valmistukseen. Siement\u00e4 sen sijaan pidet\u00e4\u00e4n myrkyllisen\u00e4.<br><br>Virginiantuomi on meill\u00e4 todettu kest\u00e4v\u00e4ksi aina Oulun korkeudella saakka. Virginiantuomen siemenell\u00e4 on syv\u00e4 alkiolepo, jonka purkamiseksi tarvitaan jopa 5 kk kylm\u00e4k\u00e4sittely. Siemen tulisi kylv\u00e4\u00e4 syksyll\u00e4, jolloin se it\u00e4\u00e4 kylv\u00f6\u00e4 seuraavana kev\u00e4\u00e4n\u00e4. Kylv\u00f6s peitet\u00e4\u00e4n hiekalla siten, ett\u00e4 siemen peittyy.<\/p>\n\n\n\n<h2 class=\"wp-block-heading\">Kasvin perustiedot<\/h2>\n\n\n\n<p>SukuPrunusLajiVirginiana<\/p>\n\n\n\n<h2 class=\"wp-block-heading\">Keywords<\/h2>\n\n\n\n<ul class=\"wp-block-list\">\n<li>Ulsike<\/li>\n\n\n\n<li>1993<\/li>\n\n\n\n<li>Prunus<\/li>\n\n\n\n<li>Prunus virginiana<\/li>\n<\/ul>\n","protected":false},"excerpt":{"rendered":"<p>Ulkomaisten kasvilajien menestymistutkimuksessa eli Ulsike-projektissa laadittiin vuosien 1992-1997 koelajeista kuvaukset. T\u00e4m\u00e4n sivun tiedot koskevat siten tietty\u00e4 koesiemener\u00e4\u00e4 ja ovat saattaneet p\u00e4ivitty\u00e4 mm. Ulsike-projektista saatujen kokemusten perusteella. koe-er\u00e4n tunnus: K09-92-076 alkuper\u00e4: Edmonton, Alberta, Kanada Virginiantuomi on 3-8 m korkea, voimakkaasti vesova suuri pensas tai pieni puu, joka on kotoisin Pohjois-Amerikasta. Se esiintyy siell\u00e4 Tyynenmeren rannikolta aina [&hellip;]<\/p>\n","protected":false},"author":1,"featured_media":0,"parent":0,"menu_order":0,"comment_status":"closed","ping_status":"closed","template":"","meta":{"iawp_total_views":5,"footnotes":""},"class_list":["post-17545","page","type-page","status-publish","hentry"],"_links":{"self":[{"href":"https:\/\/mustila.fi\/en\/wp-json\/wp\/v2\/pages\/17545","targetHints":{"allow":["GET"]}}],"collection":[{"href":"https:\/\/mustila.fi\/en\/wp-json\/wp\/v2\/pages"}],"about":[{"href":"https:\/\/mustila.fi\/en\/wp-json\/wp\/v2\/types\/page"}],"author":[{"embeddable":true,"href":"https:\/\/mustila.fi\/en\/wp-json\/wp\/v2\/users\/1"}],"replies":[{"embeddable":true,"href":"https:\/\/mustila.fi\/en\/wp-json\/wp\/v2\/comments?post=17545"}],"version-history":[{"count":0,"href":"https:\/\/mustila.fi\/en\/wp-json\/wp\/v2\/pages\/17545\/revisions"}],"wp:attachment":[{"href":"https:\/\/mustila.fi\/en\/wp-json\/wp\/v2\/media?parent=17545"}],"curies":[{"name":"wp","href":"https:\/\/api.w.org\/{rel}","templated":true}]}}