{"id":17548,"date":"2023-09-26T19:23:31","date_gmt":"2023-09-26T19:23:31","guid":{"rendered":"https:\/\/mustila.fi\/?page_id=17548"},"modified":"2023-09-26T19:23:32","modified_gmt":"2023-09-26T19:23:32","slug":"ulsike-1993-31-pinus-koraiensis-koreanmanty","status":"publish","type":"page","link":"https:\/\/mustila.fi\/en\/ulsike-1993-31-pinus-koraiensis-koreanmanty\/","title":{"rendered":"Ulsike 1993: 31. Pinus koraiensis &#8211; koreanm\u00e4nty"},"content":{"rendered":"\n<p><em><small>Ulkomaisten kasvilajien menestymistutkimuksessa eli Ulsike-projektissa laadittiin vuosien 1992-1997 koelajeista kuvaukset. T\u00e4m\u00e4n sivun tiedot koskevat siten tietty\u00e4 koesiemener\u00e4\u00e4 ja ovat saattaneet p\u00e4ivitty\u00e4 mm. Ulsike-projektista saatujen kokemusten perusteella.<\/small><\/em><\/p>\n\n\n\n<p>koe-er\u00e4n tunnus: K09-93-013<\/p>\n\n\n\n<p>alkuper\u00e4: Blagoveschensk, Ven\u00e4j\u00e4<br><br>Kotoisin Koreasta, Japanista ja It\u00e4-Ven\u00e4j\u00e4lt\u00e4. Laji kasvaa suureksi puuksi ja voi saavuttaa luontaisilla kasvupaikoillaan 35-40 metrin pituuden ja jopa 1,5 m paksuuden. It\u00e4isell\u00e4 taigalla koreanm\u00e4nty muodostaa havumetsi\u00e4 yhdess\u00e4 mm. ajaninkuusen (<em>Picea jezoensis<\/em>) ja ohotanpihdan (<em>Abies nephrolepis<\/em>) kanssa.<br><br>Koreanm\u00e4nty kuuluu 5-neulasm\u00e4ntyihin. Neulaset ovat 7-15 cm pitki\u00e4 ja pysyv\u00e4t puussa 2-3 vuotta. Suurikokoiset sy\u00f6t\u00e4v\u00e4t siemenet kypsyv\u00e4t 10-15 cm pituisiin k\u00e4pyihin. Siemen vaatii pitk\u00e4n kylm\u00e4k\u00e4sittelyn it\u00e4\u00e4kseen. Syksyll\u00e4 tai loppukes\u00e4ll\u00e4 kylvetty siemen it\u00e4\u00e4 seuraavana kev\u00e4\u00e4n\u00e4. Kylv\u00f6ksess\u00e4 suuret siemenet on syyt\u00e4 suojata jyrsij\u00f6ilt\u00e4 ja oravilta, jotka saattavat kaivaa suojaamattomat siemenet yl\u00f6s kylv\u00f6penkist\u00e4.<br><br>&nbsp;<\/p>\n\n\n\n<h2 class=\"wp-block-heading\">Kasvin perustiedot<\/h2>\n\n\n\n<p>SukuPinusLajiKoraiensis<\/p>\n\n\n\n<h2 class=\"wp-block-heading\">Keywords<\/h2>\n\n\n\n<ul class=\"wp-block-list\">\n<li>Ulsike<\/li>\n\n\n\n<li>1993<\/li>\n\n\n\n<li>Pinus<\/li>\n\n\n\n<li>Pinus koraiensis<\/li>\n<\/ul>\n","protected":false},"excerpt":{"rendered":"<p>Ulkomaisten kasvilajien menestymistutkimuksessa eli Ulsike-projektissa laadittiin vuosien 1992-1997 koelajeista kuvaukset. T\u00e4m\u00e4n sivun tiedot koskevat siten tietty\u00e4 koesiemener\u00e4\u00e4 ja ovat saattaneet p\u00e4ivitty\u00e4 mm. Ulsike-projektista saatujen kokemusten perusteella. koe-er\u00e4n tunnus: K09-93-013 alkuper\u00e4: Blagoveschensk, Ven\u00e4j\u00e4 Kotoisin Koreasta, Japanista ja It\u00e4-Ven\u00e4j\u00e4lt\u00e4. Laji kasvaa suureksi puuksi ja voi saavuttaa luontaisilla kasvupaikoillaan 35-40 metrin pituuden ja jopa 1,5 m paksuuden. It\u00e4isell\u00e4 [&hellip;]<\/p>\n","protected":false},"author":1,"featured_media":0,"parent":0,"menu_order":0,"comment_status":"closed","ping_status":"closed","template":"","meta":{"iawp_total_views":13,"footnotes":""},"class_list":["post-17548","page","type-page","status-publish","hentry"],"_links":{"self":[{"href":"https:\/\/mustila.fi\/en\/wp-json\/wp\/v2\/pages\/17548","targetHints":{"allow":["GET"]}}],"collection":[{"href":"https:\/\/mustila.fi\/en\/wp-json\/wp\/v2\/pages"}],"about":[{"href":"https:\/\/mustila.fi\/en\/wp-json\/wp\/v2\/types\/page"}],"author":[{"embeddable":true,"href":"https:\/\/mustila.fi\/en\/wp-json\/wp\/v2\/users\/1"}],"replies":[{"embeddable":true,"href":"https:\/\/mustila.fi\/en\/wp-json\/wp\/v2\/comments?post=17548"}],"version-history":[{"count":0,"href":"https:\/\/mustila.fi\/en\/wp-json\/wp\/v2\/pages\/17548\/revisions"}],"wp:attachment":[{"href":"https:\/\/mustila.fi\/en\/wp-json\/wp\/v2\/media?parent=17548"}],"curies":[{"name":"wp","href":"https:\/\/api.w.org\/{rel}","templated":true}]}}