{"id":17565,"date":"2023-09-26T19:29:29","date_gmt":"2023-09-26T19:29:29","guid":{"rendered":"https:\/\/mustila.fi\/?page_id=17565"},"modified":"2023-09-26T19:29:52","modified_gmt":"2023-09-26T19:29:52","slug":"ukk-7-larix-kaempferi-japaninlehtikuusi","status":"publish","type":"page","link":"https:\/\/mustila.fi\/en\/ukk-7-larix-kaempferi-japaninlehtikuusi\/","title":{"rendered":"UKK: 7. Larix kaempferi &#8211; japaninlehtikuusi"},"content":{"rendered":"\n<h3 class=\"wp-block-heading\">Luontainen levinneisyys<\/h3>\n\n\n\n<p>Japaninlehtikuusi on kotoisin hyvin suppealta alueelta Japanin p\u00e4\u00e4saarelta Honshulta. Siell\u00e4 sit\u00e4 kasvaa vuoristojen keski- ja lakiosissa pienin\u00e4 metsik\u00f6in\u00e4.<\/p>\n\n\n\n<h3 class=\"wp-block-heading\">Lajikuvaus<\/h3>\n\n\n\n<p>T\u00e4m\u00e4 lehtikuusilaji poikkeaa muista lehtikuusista kauniilla osillaan. Se kasvaa luontaisesti hyvinkin 30-metriseksi puuksi. Meill\u00e4 varttuneet, sadan vuoden yksin\u00e4isyytt\u00e4 tavoittelevat puut ovat ylt\u00e4neet samaan pituuteen. T\u00e4m\u00e4 laji on hyvin koristeellinen. Oksat ovat paksuja ja pitk\u00e4hk\u00f6j\u00e4, neulanen pitk\u00e4 ja sinivihre\u00e4n h\u00e4rmeinen. K\u00e4vyt ovat eritt\u00e4in kauniita jo alkukes\u00e4ll\u00e4 kehittyess\u00e4\u00e4n. Niiss\u00e4 on taak\u00e4\u00e4nteinen k\u00e4pysuomu, joka tekee k\u00e4vyst\u00e4 ruusukemaisen. K\u00e4pyj\u00e4 muodostuu eritt\u00e4in runsaasti. T\u00e4m\u00e4 laji saa viimeisen\u00e4 lehtikuusena syysv\u00e4rin, joka on kirkkaankeltainen lehtikuusien tapaan.<\/p>\n\n\n\n<h3 class=\"wp-block-heading\">Menestyminen sek\u00e4 viljely meill\u00e4 ja muualla<\/h3>\n\n\n\n<p>Japaninlehtikuusta on viljelty meill\u00e4 l\u00e4hes sadan vuoden ajan ja se on etel\u00e4isess\u00e4 Suomessa menestynyt hyvin. Sit\u00e4 on viljelty meill\u00e4 suhteellisen harvoin. Japaninlehtikuusi on nuorena eritt\u00e4in hallanarka ja paleltuu l\u00e4hes s\u00e4\u00e4nn\u00f6nmukaisesti. Lopulta se muuttuu kest\u00e4v\u00e4ksi ja sit\u00e4 voidaan viljell\u00e4 I-II-vy\u00f6hykkeill\u00e4. Maailmalla se on kenties kaikkein eniten viljelty lehtikuusilaji.<\/p>\n\n\n\n<h3 class=\"wp-block-heading\">K\u00e4ytt\u00f6<\/h3>\n\n\n\n<p>Japaninlehtikuusi soveltuu k\u00e4ytett\u00e4v\u00e4ksi pieniss\u00e4 ryhmiss\u00e4 tai viel\u00e4 paremmin yksitt\u00e4ispuuna avoimella paikalla, jolloin sen kauneus p\u00e4\u00e4see kunnolla esille.<\/p>\n\n\n\n<h3 class=\"wp-block-heading\">Kasvupaikkavaatimukset<\/h3>\n\n\n\n<p>Japaninlehtikuusi on hyvin vaatelias maan viljavuuden ja kosteuden suhteen. Sille kelpaa vain paras syv\u00e4multainen, ravinteikas, mutta l\u00e4p\u00e4isev\u00e4 maa. Valoisuuden suhteen se on my\u00f6s hyvin vaatelias lehtikuusien tapaan ja vaatii koko elinkaarensa ajan runsaasti valoa.<\/p>\n\n\n\n<h3 class=\"wp-block-heading\">Lis\u00e4ys ja taimikasvatus<\/h3>\n\n\n\n<p>Lehtikuusia lis\u00e4t\u00e4\u00e4n siemenest\u00e4. Esik\u00e4sittely\u00e4 ei v\u00e4ltt\u00e4m\u00e4tt\u00e4 tarvita, mutta 15-30 p\u00e4iv\u00e4n kylm\u00e4k\u00e4sittely varmistaa kylv\u00f6ksen tasaisen it\u00e4misen. Siemen voidaan kylv\u00e4\u00e4 my\u00f6h\u00e4\u00e4n syksyll\u00e4 ulos ja peitt\u00e4\u00e4 ohuesti hiekalla tai kylv\u00f6 voidaan j\u00e4tt\u00e4\u00e4 aikaiseen kev\u00e4\u00e4seen. Taimet koulitaan havupuille k\u00e4ytett\u00e4viin kennoihin tai potteihin ja kasvatetaan niiss\u00e4 2 vuotta. T\u00e4m\u00e4n j\u00e4lkeen ne siirret\u00e4\u00e4n peltoon. Hyvin nopeakasvuinen japaninlehtikuusi voidaan istuttaa lopulliselle paikalleen 2 vuoden peltokasvatuksen j\u00e4lkeen. Taimet paleltuvat yleens\u00e4 sek\u00e4 kennoissa ett\u00e4 viel\u00e4 pellossakin, vaikka kasvupaikka olisi suojaisa. Kaikenkaikkiaan kasvatus on kuitenkin hyvin helppoa.<br>&nbsp;<\/p>\n\n\n\n<h2 class=\"wp-block-heading\">Kasvin perustiedot<\/h2>\n\n\n\n<p>SukuLarixLajiKaempferi<\/p>\n\n\n\n<h2 class=\"wp-block-heading\">Keywords<\/h2>\n\n\n\n<ul class=\"wp-block-list\">\n<li>Larix<\/li>\n\n\n\n<li>Larix kaempferi<\/li>\n<\/ul>\n","protected":false},"excerpt":{"rendered":"<p>Luontainen levinneisyys Japaninlehtikuusi on kotoisin hyvin suppealta alueelta Japanin p\u00e4\u00e4saarelta Honshulta. Siell\u00e4 sit\u00e4 kasvaa vuoristojen keski- ja lakiosissa pienin\u00e4 metsik\u00f6in\u00e4. Lajikuvaus T\u00e4m\u00e4 lehtikuusilaji poikkeaa muista lehtikuusista kauniilla osillaan. Se kasvaa luontaisesti hyvinkin 30-metriseksi puuksi. Meill\u00e4 varttuneet, sadan vuoden yksin\u00e4isyytt\u00e4 tavoittelevat puut ovat ylt\u00e4neet samaan pituuteen. T\u00e4m\u00e4 laji on hyvin koristeellinen. Oksat ovat paksuja ja pitk\u00e4hk\u00f6j\u00e4, [&hellip;]<\/p>\n","protected":false},"author":2,"featured_media":0,"parent":0,"menu_order":0,"comment_status":"closed","ping_status":"closed","template":"","meta":{"iawp_total_views":17,"footnotes":""},"class_list":["post-17565","page","type-page","status-publish","hentry"],"_links":{"self":[{"href":"https:\/\/mustila.fi\/en\/wp-json\/wp\/v2\/pages\/17565","targetHints":{"allow":["GET"]}}],"collection":[{"href":"https:\/\/mustila.fi\/en\/wp-json\/wp\/v2\/pages"}],"about":[{"href":"https:\/\/mustila.fi\/en\/wp-json\/wp\/v2\/types\/page"}],"author":[{"embeddable":true,"href":"https:\/\/mustila.fi\/en\/wp-json\/wp\/v2\/users\/2"}],"replies":[{"embeddable":true,"href":"https:\/\/mustila.fi\/en\/wp-json\/wp\/v2\/comments?post=17565"}],"version-history":[{"count":0,"href":"https:\/\/mustila.fi\/en\/wp-json\/wp\/v2\/pages\/17565\/revisions"}],"wp:attachment":[{"href":"https:\/\/mustila.fi\/en\/wp-json\/wp\/v2\/media?parent=17565"}],"curies":[{"name":"wp","href":"https:\/\/api.w.org\/{rel}","templated":true}]}}