{"id":17566,"date":"2023-09-26T19:29:37","date_gmt":"2023-09-26T19:29:37","guid":{"rendered":"https:\/\/mustila.fi\/?page_id=17566"},"modified":"2023-09-26T19:29:47","modified_gmt":"2023-09-26T19:29:47","slug":"ukk-8-thuja-koraiensis-koreantuija","status":"publish","type":"page","link":"https:\/\/mustila.fi\/en\/ukk-8-thuja-koraiensis-koreantuija\/","title":{"rendered":"UKK: 8. Thuja koraiensis &#8211; koreantuija"},"content":{"rendered":"\n<h3 class=\"wp-block-heading\">Luontainen levinneisyys<\/h3>\n\n\n\n<p>Koreantuija on kotoisin suppealta alueelta Korean niemimaalta, jossa sit\u00e4 esiintyy vuoristojen alaosissa l\u00e4hinn\u00e4 Pohjois-Korean, mutta my\u00f6s Kiinan alueella.<\/p>\n\n\n\n<h3 class=\"wp-block-heading\">Lajikuvaus<\/h3>\n\n\n\n<p>Koreantuija on pensasmainen. Se kehittyy toisinaan my\u00f6s puuksi, mutta j\u00e4\u00e4 kotiseuduillaankin pieneksi, vain 6-8 m mittaiseksi. Meill\u00e4 se on hieman t\u00e4t\u00e4 pienempi. T\u00e4m\u00e4 tuijalaji on koristeellisin kaikista tuijista. Sill\u00e4 on litistyneet versot, joiden suomumaiset neulaset ovat alapinnaltaan liidunvalkeat. Neulasten yl\u00e4pinta on himme\u00e4n tummanvihre\u00e4. Rungon kuori on s\u00e4ikeinen, v\u00e4rilt\u00e4\u00e4n harmaanruskea. K\u00e4vyt ovat kuten muillakin tuijalajeilla kehittyess\u00e4\u00e4n vihreit\u00e4 ja kypsyess\u00e4\u00e4n ruskeiksi muuttuvia.<\/p>\n\n\n\n<h3 class=\"wp-block-heading\">Menestyminen sek\u00e4 viljely meill\u00e4 ja muualla<\/h3>\n\n\n\n<p>Suomessa koreantuija on menestynyt aina IV-vy\u00f6hykkeelle saakka. Se saattaa etenkin \u00e4\u00e4rialueilla viljeltyn\u00e4 k\u00e4rsi\u00e4 mantereisuudesta. Meill\u00e4 menestyvist\u00e4 tuijalajeista koreantuija on toiseksi kest\u00e4vin. Suomessa koreantuija otettiin viljelyyn 1930-luvun alussa, jolloin Mustilaan saatiin suoraan luontaiselta kasvupaikalta siement\u00e4 t\u00e4st\u00e4 lajista. Suomessa se on edelleen turhan harvoin viljelty laji. Muualla koreantuija on hyvin harvinainen. Sit\u00e4 tapaa vain harvoin l\u00e4nsimaisista kokoelmista.<\/p>\n\n\n\n<h3 class=\"wp-block-heading\">K\u00e4ytt\u00f6<\/h3>\n\n\n\n<p>Koreantuija on k\u00e4ytt\u00f6kelpoinen havuryhmiss\u00e4 sek\u00e4 yksitt\u00e4ispensaana ja taustakasvina.<\/p>\n\n\n\n<h3 class=\"wp-block-heading\">Kasvupaikkavaatimukset<\/h3>\n\n\n\n<p>Koreantuija kasvaa puolivarjossa, mieluiten rehev\u00e4ss\u00e4 kasvupaikassa. Se tulee kuitenkin toimeen hieman v\u00e4hemm\u00e4nkin viljavassa maassa. Monien muidenkin havupuiden lailla pit\u00e4isi koreantuijallakin v\u00e4ltt\u00e4\u00e4 talviahavaa ja kev\u00e4ttalven paahdetta. Se viihtyy l\u00e4hinn\u00e4 puolivarjossa.<\/p>\n\n\n\n<h3 class=\"wp-block-heading\">Lis\u00e4ys ja taimikasvatus<\/h3>\n\n\n\n<p>Koreantuijaa voidaan lis\u00e4t\u00e4 sek\u00e4 suvullisesti siemenest\u00e4 ett\u00e4 kasvullisesti pistokkaista. Laji on hidaskasvuinen kummallakin lis\u00e4ystavalla. Siemenest\u00e4 lis\u00e4tt\u00e4ess\u00e4 kylv\u00f6 tapahtuu my\u00f6h\u00e4\u00e4n syksyll\u00e4 ulos tai stratifioituna kev\u00e4\u00e4ll\u00e4. Se kasvaa hyvin hitaasti ja kaksivuotiaat kennotaimet tarvitsevat viel\u00e4 toiset kaksi vuotta suuremmissa kennoissa ennen kuin ne ovat riitt\u00e4v\u00e4n kookkaita myyntiin. Hidaskasvuinen koreantuija lienee j\u00e4rkevint\u00e4 kasvattaa astiataimena.<br>&nbsp;<\/p>\n\n\n\n<h2 class=\"wp-block-heading\">Kasvin perustiedot<\/h2>\n\n\n\n<p>SukuThujaLajiKoraiensis<\/p>\n\n\n\n<h2 class=\"wp-block-heading\">Keywords<\/h2>\n\n\n\n<ul class=\"wp-block-list\">\n<li>Thuja<\/li>\n\n\n\n<li>Thuja koraiensis<\/li>\n<\/ul>\n","protected":false},"excerpt":{"rendered":"<p>Luontainen levinneisyys Koreantuija on kotoisin suppealta alueelta Korean niemimaalta, jossa sit\u00e4 esiintyy vuoristojen alaosissa l\u00e4hinn\u00e4 Pohjois-Korean, mutta my\u00f6s Kiinan alueella. Lajikuvaus Koreantuija on pensasmainen. Se kehittyy toisinaan my\u00f6s puuksi, mutta j\u00e4\u00e4 kotiseuduillaankin pieneksi, vain 6-8 m mittaiseksi. Meill\u00e4 se on hieman t\u00e4t\u00e4 pienempi. T\u00e4m\u00e4 tuijalaji on koristeellisin kaikista tuijista. Sill\u00e4 on litistyneet versot, joiden suomumaiset [&hellip;]<\/p>\n","protected":false},"author":2,"featured_media":0,"parent":0,"menu_order":0,"comment_status":"closed","ping_status":"closed","template":"","meta":{"iawp_total_views":15,"footnotes":""},"class_list":["post-17566","page","type-page","status-publish","hentry"],"_links":{"self":[{"href":"https:\/\/mustila.fi\/en\/wp-json\/wp\/v2\/pages\/17566","targetHints":{"allow":["GET"]}}],"collection":[{"href":"https:\/\/mustila.fi\/en\/wp-json\/wp\/v2\/pages"}],"about":[{"href":"https:\/\/mustila.fi\/en\/wp-json\/wp\/v2\/types\/page"}],"author":[{"embeddable":true,"href":"https:\/\/mustila.fi\/en\/wp-json\/wp\/v2\/users\/2"}],"replies":[{"embeddable":true,"href":"https:\/\/mustila.fi\/en\/wp-json\/wp\/v2\/comments?post=17566"}],"version-history":[{"count":0,"href":"https:\/\/mustila.fi\/en\/wp-json\/wp\/v2\/pages\/17566\/revisions"}],"wp:attachment":[{"href":"https:\/\/mustila.fi\/en\/wp-json\/wp\/v2\/media?parent=17566"}],"curies":[{"name":"wp","href":"https:\/\/api.w.org\/{rel}","templated":true}]}}