{"id":17567,"date":"2023-09-26T19:29:48","date_gmt":"2023-09-26T19:29:48","guid":{"rendered":"https:\/\/mustila.fi\/?page_id=17567"},"modified":"2023-09-26T19:30:03","modified_gmt":"2023-09-26T19:30:03","slug":"ukk-9-thuja-plicata-jattituija","status":"publish","type":"page","link":"https:\/\/mustila.fi\/en\/ukk-9-thuja-plicata-jattituija\/","title":{"rendered":"UKK: 9. Thuja plicata &#8211; j\u00e4ttituija"},"content":{"rendered":"\n<h3 class=\"wp-block-heading\">Luontainen levinneisyys<\/h3>\n\n\n\n<p>J\u00e4ttituija on kotoisin Pohjois-Amerikan luoteisosista. Sit\u00e4 kasvaa kapealla rannikkovy\u00f6hykkeell\u00e4 Kalliovuorten ja Tyynen valtameren v\u00e4lisell\u00e4 alueella Oregonista aina Alaskaan saakka. Brittil\u00e4isess\u00e4 Kolumbiassa se tunkeutuu sis\u00e4maahan aina Kalliovuorille.<\/p>\n\n\n\n<h3 class=\"wp-block-heading\">Lajikuvaus<\/h3>\n\n\n\n<p>J\u00e4ttituija kasvaa luontaisesti jopa 70 metrin pituiseksi puuksi. Se j\u00e4\u00e4 usein kuitenkin hieman pienemm\u00e4ksi kotiseudullaan. Meill\u00e4 j\u00e4ttituija on huomattavasti lyhyempi ja on saavuttanut vain 20 metrin pituuden. Usein se j\u00e4\u00e4 viel\u00e4 lyhyemm\u00e4ksi, vain kymmenmetriseksi. J\u00e4ttituijan suomumaiset lehdet ovat p\u00e4\u00e4lt\u00e4 kiilt\u00e4vi\u00e4, alta heikosti valkokuvioisia. Lehdet ovat paljon tuuheampia ja pitempi\u00e4 kuin kanadantuijalla. Rungon kuori on s\u00e4ikeinen, ruskeanharmaa ja koristeellinen. Kukinto on k\u00e4py, joka kypsytty\u00e4\u00e4n muuttuu kalpeanvihre\u00e4st\u00e4 vaaleanruskeaksi.<\/p>\n\n\n\n<h3 class=\"wp-block-heading\">Menestyminen sek\u00e4 viljely meill\u00e4 ja muualla<\/h3>\n\n\n\n<p>J\u00e4ttituijaa on viljelty meill\u00e4 jo l\u00e4hes sadan vuoden ajan melko harvinaisena. Aluksi laji n\u00e4ytti lupaavalta, mutta pian huono siemenalkuper\u00e4 sai aikaan puiden kuolemisen ankarina talvina. Paremmalla alkuper\u00e4ll\u00e4 j\u00e4ttituija on menestynyt Suomessa I-II-vy\u00f6hykkeill\u00e4, mutta se k\u00e4rsii etenkin maan it\u00e4osissa mantereisuudesta. Sen kest\u00e4vyytt\u00e4 meill\u00e4 voitaisiin kenties viel\u00e4kin parantaa yh\u00e4 paremmilla siemenalkuperill\u00e4. Viljelyrajan siirt\u00e4minen III-vy\u00f6hykett\u00e4 pohjoisemmaksi lienee kuitenkin mahdotonta. Maailmalla sit\u00e4 viljell\u00e4\u00e4n yleisesti vain mereisess\u00e4 ja temperaattisessa ilmastossa, kuten esim. Brittein saarilla, miss\u00e4 siit\u00e4 on viljelyss\u00e4 useita lajikkeita.<\/p>\n\n\n\n<h3 class=\"wp-block-heading\">K\u00e4ytt\u00f6<\/h3>\n\n\n\n<p>J\u00e4ttituija soveltuu erinomaisesti puuryhmiin ja yksitt\u00e4iskasviksi. Se kaipaa kasvillisuuden suojaa menesty\u00e4kseen kunnolla.<\/p>\n\n\n\n<h3 class=\"wp-block-heading\">Kasvupaikkavaatimukset<\/h3>\n\n\n\n<p>J\u00e4ttituija on vaatelias kasvupaikan multavuuden sek\u00e4 valoisuuden suhteen. Se vaatii ravinteikkaan, kostean kasvupaikan, joka ei saisi kuitenkaan routia. J\u00e4ttituija vaatii ehdottomasti suojaa paahteelta ja viihtyy puolivarjossa.<\/p>\n\n\n\n<h3 class=\"wp-block-heading\">Lis\u00e4ys ja taimikasvatus<\/h3>\n\n\n\n<p>J\u00e4ttituijaa lis\u00e4t\u00e4\u00e4n siemenest\u00e4 tai kasvullisesti pistokkaista. Tuore tuijan siemen it\u00e4\u00e4 hyvin, mutta ei ole kovin pitk\u00e4ik\u00e4ist\u00e4. Siemen tarvitsee it\u00e4\u00e4kseen 30-45 vuorokauden kylm\u00e4k\u00e4sittelyn tai se voidaan kylv\u00e4\u00e4 my\u00f6h\u00e4\u00e4n syksyll\u00e4 ulos, jolloin siemen saa kylm\u00e4k\u00e4sittelyn talven aikana ja it\u00e4\u00e4 seuraavana kev\u00e4\u00e4n\u00e4. Taimet koulitaan kuusen kasvatuskennoihin tai potteihin ja kasvatetaan n\u00e4iss\u00e4 kaksi vuotta. Jatkokasvatusta varten taimet koulitaan peltoon, jossa ne kasvavat 2-4 vuotta halutusta koosta riippuen. T\u00e4m\u00e4n nopeakasvuisen tuijalajin kasvatus on hyvin helppoa, mik\u00e4li kasvupaikka on suojaisa.<br>&nbsp;<\/p>\n\n\n\n<h2 class=\"wp-block-heading\">Kasvin perustiedot<\/h2>\n\n\n\n<p>SukuThujaLajiPlicata<\/p>\n\n\n\n<h2 class=\"wp-block-heading\">Keywords<\/h2>\n\n\n\n<ul class=\"wp-block-list\">\n<li>Havupuut<\/li>\n\n\n\n<li>Thuja<\/li>\n\n\n\n<li>Thuja plicata<\/li>\n<\/ul>\n","protected":false},"excerpt":{"rendered":"<p>Luontainen levinneisyys J\u00e4ttituija on kotoisin Pohjois-Amerikan luoteisosista. Sit\u00e4 kasvaa kapealla rannikkovy\u00f6hykkeell\u00e4 Kalliovuorten ja Tyynen valtameren v\u00e4lisell\u00e4 alueella Oregonista aina Alaskaan saakka. Brittil\u00e4isess\u00e4 Kolumbiassa se tunkeutuu sis\u00e4maahan aina Kalliovuorille. Lajikuvaus J\u00e4ttituija kasvaa luontaisesti jopa 70 metrin pituiseksi puuksi. Se j\u00e4\u00e4 usein kuitenkin hieman pienemm\u00e4ksi kotiseudullaan. Meill\u00e4 j\u00e4ttituija on huomattavasti lyhyempi ja on saavuttanut vain 20 metrin [&hellip;]<\/p>\n","protected":false},"author":2,"featured_media":0,"parent":0,"menu_order":0,"comment_status":"closed","ping_status":"closed","template":"","meta":{"iawp_total_views":29,"footnotes":""},"class_list":["post-17567","page","type-page","status-publish","hentry"],"_links":{"self":[{"href":"https:\/\/mustila.fi\/en\/wp-json\/wp\/v2\/pages\/17567","targetHints":{"allow":["GET"]}}],"collection":[{"href":"https:\/\/mustila.fi\/en\/wp-json\/wp\/v2\/pages"}],"about":[{"href":"https:\/\/mustila.fi\/en\/wp-json\/wp\/v2\/types\/page"}],"author":[{"embeddable":true,"href":"https:\/\/mustila.fi\/en\/wp-json\/wp\/v2\/users\/2"}],"replies":[{"embeddable":true,"href":"https:\/\/mustila.fi\/en\/wp-json\/wp\/v2\/comments?post=17567"}],"version-history":[{"count":0,"href":"https:\/\/mustila.fi\/en\/wp-json\/wp\/v2\/pages\/17567\/revisions"}],"wp:attachment":[{"href":"https:\/\/mustila.fi\/en\/wp-json\/wp\/v2\/media?parent=17567"}],"curies":[{"name":"wp","href":"https:\/\/api.w.org\/{rel}","templated":true}]}}