{"id":17569,"date":"2023-09-26T19:30:10","date_gmt":"2023-09-26T19:30:10","guid":{"rendered":"https:\/\/mustila.fi\/?page_id=17569"},"modified":"2023-09-26T19:30:11","modified_gmt":"2023-09-26T19:30:11","slug":"ukk-11-tsuga-heterophylla-lannenhemlokki","status":"publish","type":"page","link":"https:\/\/mustila.fi\/en\/ukk-11-tsuga-heterophylla-lannenhemlokki\/","title":{"rendered":"UKK: 11. Tsuga heterophylla &#8211; l\u00e4nnenhemlokki"},"content":{"rendered":"\n<h3 class=\"wp-block-heading\">Luontainen levinneisyys<\/h3>\n\n\n\n<p>L\u00e4nnenhemlokki on kotoisin luoteisesta Pohjois-Amerikasta. Sit\u00e4 esiintyy Oregonista ja Idahosta aina Alaskaan saakka Kalliovuorten ja Tyynen valtameren v\u00e4lisell\u00e4 alueella.<\/p>\n\n\n\n<h3 class=\"wp-block-heading\">Lajikuvaus<\/h3>\n\n\n\n<p>Kest\u00e4vin hemlokkilaji on meill\u00e4 huonosti tunnettu.<\/p>\n\n\n\n<p>L\u00e4nnenhemlokki on kotiseudullaan jopa 70 metrin mittainen puu, usein kuitenkin hieman pienempi. Meill\u00e4 1930-luvulla istutetut puut ovat toistaiseksi saavuttaneet yli 20 metrin pituuden. L\u00e4nnenhemlokin kuori on ruskeanharmaa ja kaarnainen. Neulaset ovat lyhyit\u00e4 ja eripituisia. Ne ovat p\u00e4\u00e4lt\u00e4 vihreit\u00e4 ja alta valkokuvioisia. Oksat ovat pitki\u00e4, nuokkuvia ja kauniita. K\u00e4vyt ovat pieni\u00e4 ja hyvin kauniita, vain 2 cm pituisia. Ne kasvavat hemlokeille tyypillisesti versojen k\u00e4rkiin.<\/p>\n\n\n\n<h3 class=\"wp-block-heading\">Menestyminen sek\u00e4 viljely meill\u00e4 ja muualla<\/h3>\n\n\n\n<p>L\u00e4nnenhemlokki on menestynyt meill\u00e4 I-II-vy\u00f6hykkeill\u00e4. Oikealla siemenalkuper\u00e4ll\u00e4 se menestyy todenn\u00e4k\u00f6isesti my\u00f6s t\u00e4t\u00e4 pohjoisempana. Muualla sit\u00e4 viljell\u00e4\u00e4n harvoin. Euroopassa on viljelyss\u00e4 kanta, jonka talvenkest\u00e4vyys on meik\u00e4l\u00e4isitt\u00e4in hyvin huono.<\/p>\n\n\n\n<h3 class=\"wp-block-heading\">K\u00e4ytt\u00f6<\/h3>\n\n\n\n<p>L\u00e4nnenhemlokki sopii mainiosti metsik\u00f6ksi, ryhm\u00e4ksi tai yksitt\u00e4ispuuksi suojaisiin paikkoihin.<\/p>\n\n\n\n<h3 class=\"wp-block-heading\">Kasvupaikkavaatimukset<\/h3>\n\n\n\n<p>L\u00e4nnenhemlokki on osoittautunut vaatimattomammaksi kuin on luultu. Se menestyy suomalaisessa mets\u00e4maassa varsin hyvin. Mustikkatyypin mets\u00e4pohja on sille riitt\u00e4v\u00e4. Mereisyydest\u00e4\u00e4n johtuen l\u00e4nnenhemlokki suosii suojaisia ja varjoisia pohjois- ja it\u00e4rinteit\u00e4 eik\u00e4 menesty paahteessa.<\/p>\n\n\n\n<h3 class=\"wp-block-heading\">Lis\u00e4ys ja taimikasvatus<\/h3>\n\n\n\n<p>Hemlokkeja lis\u00e4t\u00e4\u00e4n siemenest\u00e4. Siemen saattaa olla lepotilassa, joten yleinen ohje on kylm\u00e4k\u00e4sitell\u00e4 siemen 45-60 vuorokauden ajan. Helpoimmin t\u00e4m\u00e4 j\u00e4rjestyy kylv\u00e4m\u00e4ll\u00e4 siemen my\u00f6h\u00e4\u00e4n syksyll\u00e4 ulos. L\u00e4nnenhemlokki on hemlokeista nopeakasvuisin. Taimet koulitaan kuuselle k\u00e4ytett\u00e4viin kennoihin tai potteihin ja kasvatetaan niiss\u00e4 2 vuotta. T\u00e4m\u00e4n j\u00e4lkeen taimet voidaan jatkokasvattaa pellossa 2-6 vuoteen riippuen halutusta koosta. Kasvatus on hyvin helppoa ja ongelmatonta, kunhan kasvatuspaikka ei ole liian avoin.<br>&nbsp;<\/p>\n\n\n\n<h2 class=\"wp-block-heading\">Kasvin perustiedot<\/h2>\n\n\n\n<p>SukuTsugaLajiHeterophylla<\/p>\n\n\n\n<h2 class=\"wp-block-heading\">Keywords<\/h2>\n\n\n\n<ul class=\"wp-block-list\">\n<li>Tsuga<\/li>\n\n\n\n<li>Tsuga heterophylla<\/li>\n<\/ul>\n","protected":false},"excerpt":{"rendered":"<p>Luontainen levinneisyys L\u00e4nnenhemlokki on kotoisin luoteisesta Pohjois-Amerikasta. Sit\u00e4 esiintyy Oregonista ja Idahosta aina Alaskaan saakka Kalliovuorten ja Tyynen valtameren v\u00e4lisell\u00e4 alueella. Lajikuvaus Kest\u00e4vin hemlokkilaji on meill\u00e4 huonosti tunnettu. L\u00e4nnenhemlokki on kotiseudullaan jopa 70 metrin mittainen puu, usein kuitenkin hieman pienempi. Meill\u00e4 1930-luvulla istutetut puut ovat toistaiseksi saavuttaneet yli 20 metrin pituuden. L\u00e4nnenhemlokin kuori on ruskeanharmaa [&hellip;]<\/p>\n","protected":false},"author":2,"featured_media":0,"parent":0,"menu_order":0,"comment_status":"closed","ping_status":"closed","template":"","meta":{"iawp_total_views":34,"footnotes":""},"class_list":["post-17569","page","type-page","status-publish","hentry"],"_links":{"self":[{"href":"https:\/\/mustila.fi\/en\/wp-json\/wp\/v2\/pages\/17569","targetHints":{"allow":["GET"]}}],"collection":[{"href":"https:\/\/mustila.fi\/en\/wp-json\/wp\/v2\/pages"}],"about":[{"href":"https:\/\/mustila.fi\/en\/wp-json\/wp\/v2\/types\/page"}],"author":[{"embeddable":true,"href":"https:\/\/mustila.fi\/en\/wp-json\/wp\/v2\/users\/2"}],"replies":[{"embeddable":true,"href":"https:\/\/mustila.fi\/en\/wp-json\/wp\/v2\/comments?post=17569"}],"version-history":[{"count":0,"href":"https:\/\/mustila.fi\/en\/wp-json\/wp\/v2\/pages\/17569\/revisions"}],"wp:attachment":[{"href":"https:\/\/mustila.fi\/en\/wp-json\/wp\/v2\/media?parent=17569"}],"curies":[{"name":"wp","href":"https:\/\/api.w.org\/{rel}","templated":true}]}}