{"id":17572,"date":"2023-09-26T19:30:21","date_gmt":"2023-09-26T19:30:21","guid":{"rendered":"https:\/\/mustila.fi\/?page_id=17572"},"modified":"2023-09-26T19:30:22","modified_gmt":"2023-09-26T19:30:22","slug":"ukk-12-tsuga-mertensiana-vuorihemlokki","status":"publish","type":"page","link":"https:\/\/mustila.fi\/en\/ukk-12-tsuga-mertensiana-vuorihemlokki\/","title":{"rendered":"UKK: 12. Tsuga mertensiana &#8211; vuorihemlokki"},"content":{"rendered":"\n<h3 class=\"wp-block-heading\">Luontainen levinneisyys<\/h3>\n\n\n\n<p>Vuorihemlokki kasvaa Pohjois-Amerikan luoteisosissa Kaliforniasta ja Alaskaan. Sit\u00e4 kasvaa vuoristojen kosteilla pohjoisrinteill\u00e4.<\/p>\n\n\n\n<h3 class=\"wp-block-heading\">Lajikuvaus<\/h3>\n\n\n\n<p>Vuorihemlokki saavuttaa kotiseudullaan jopa 30 metrin pituuden. Viljeltyn\u00e4 se j\u00e4\u00e4 huomattavasti pienemm\u00e4ksi. Mustilan vuorihemlokit ovat 10-15 metrin pituisia. Vuorihemlokki on olemukseltaan kapea, oksistoltaan se tuo mieleen jopa jonkin katajan. Neulaset siirottavat verson eri puolille ja ovat v\u00e4rilt\u00e4\u00e4n tummanvihreit\u00e4 tai sinivihreit\u00e4 riippuen kasvupaikan korkeudesta. K\u00e4vyt ovat suuresti kuusen k\u00e4py\u00e4 muistuttavia, 6 cm mittaisia, versojen k\u00e4rjist\u00e4 riippuvia.<\/p>\n\n\n\n<h3 class=\"wp-block-heading\">Menestyminen sek\u00e4 viljely meill\u00e4 ja muualla<\/h3>\n\n\n\n<p>Vuorihemlokkia on viljelty meill\u00e4 l\u00e4hes sadan vuoden ajan. Lajin menestyminen on suuresti riippuvainen istutuspaikasta ja siemenalkuper\u00e4st\u00e4. Vuorihemlokki on aina ollut meill\u00e4 hyvin harvinainen viljeltyn\u00e4. Se on menestynyt I-II-vy\u00f6hykkeill\u00e4 ja saattaa oikealla siemenalkuper\u00e4ll\u00e4 menesty\u00e4 viel\u00e4 hieman pohjoisempanakin. Muualla maailmassa vuorihemlokki on harvoin viljelty.<\/p>\n\n\n\n<h3 class=\"wp-block-heading\">K\u00e4ytt\u00f6<\/h3>\n\n\n\n<p>T\u00e4t\u00e4 hemlokkia voidaan k\u00e4ytt\u00e4\u00e4 ryhmiss\u00e4 tai yksitt\u00e4ispuuna kosteissa, varjoisissa paikoissa.<\/p>\n\n\n\n<h3 class=\"wp-block-heading\">Kasvupaikkavaatimukset<\/h3>\n\n\n\n<p>Vuorihemlokki on eritt\u00e4in vaatelias kasvupaikan kosteuden ja varjoisuuden suhteen. Ravinteiden suhteen se on melko vaatelias.<br>&nbsp;<\/p>\n\n\n\n<h2 class=\"wp-block-heading\">Kasvin perustiedot<\/h2>\n\n\n\n<p>SukuTsugaLajiMertensiana<\/p>\n\n\n\n<h2 class=\"wp-block-heading\">Keywords<\/h2>\n\n\n\n<ul class=\"wp-block-list\">\n<li>Tsuga<\/li>\n\n\n\n<li>Tsuga mertensiana<\/li>\n<\/ul>\n","protected":false},"excerpt":{"rendered":"<p>Luontainen levinneisyys Vuorihemlokki kasvaa Pohjois-Amerikan luoteisosissa Kaliforniasta ja Alaskaan. Sit\u00e4 kasvaa vuoristojen kosteilla pohjoisrinteill\u00e4. Lajikuvaus Vuorihemlokki saavuttaa kotiseudullaan jopa 30 metrin pituuden. Viljeltyn\u00e4 se j\u00e4\u00e4 huomattavasti pienemm\u00e4ksi. Mustilan vuorihemlokit ovat 10-15 metrin pituisia. Vuorihemlokki on olemukseltaan kapea, oksistoltaan se tuo mieleen jopa jonkin katajan. Neulaset siirottavat verson eri puolille ja ovat v\u00e4rilt\u00e4\u00e4n tummanvihreit\u00e4 tai sinivihreit\u00e4 [&hellip;]<\/p>\n","protected":false},"author":2,"featured_media":0,"parent":0,"menu_order":0,"comment_status":"closed","ping_status":"closed","template":"","meta":{"iawp_total_views":13,"footnotes":""},"class_list":["post-17572","page","type-page","status-publish","hentry"],"_links":{"self":[{"href":"https:\/\/mustila.fi\/en\/wp-json\/wp\/v2\/pages\/17572","targetHints":{"allow":["GET"]}}],"collection":[{"href":"https:\/\/mustila.fi\/en\/wp-json\/wp\/v2\/pages"}],"about":[{"href":"https:\/\/mustila.fi\/en\/wp-json\/wp\/v2\/types\/page"}],"author":[{"embeddable":true,"href":"https:\/\/mustila.fi\/en\/wp-json\/wp\/v2\/users\/2"}],"replies":[{"embeddable":true,"href":"https:\/\/mustila.fi\/en\/wp-json\/wp\/v2\/comments?post=17572"}],"version-history":[{"count":0,"href":"https:\/\/mustila.fi\/en\/wp-json\/wp\/v2\/pages\/17572\/revisions"}],"wp:attachment":[{"href":"https:\/\/mustila.fi\/en\/wp-json\/wp\/v2\/media?parent=17572"}],"curies":[{"name":"wp","href":"https:\/\/api.w.org\/{rel}","templated":true}]}}