{"id":17579,"date":"2023-09-26T19:31:08","date_gmt":"2023-09-26T19:31:08","guid":{"rendered":"https:\/\/mustila.fi\/?page_id=17579"},"modified":"2023-09-26T19:31:09","modified_gmt":"2023-09-26T19:31:09","slug":"ulsike-1993-34-cupressus-arizonica-arizonansypressi","status":"publish","type":"page","link":"https:\/\/mustila.fi\/en\/ulsike-1993-34-cupressus-arizonica-arizonansypressi\/","title":{"rendered":"Ulsike 1993: 34. Cupressus arizonica &#8211; arizonansypressi"},"content":{"rendered":"\n<p><em><small>Ulkomaisten kasvilajien menestymistutkimuksessa eli Ulsike-projektissa laadittiin vuosien 1992-1997 koelajeista kuvaukset. T\u00e4m\u00e4n sivun tiedot koskevat siten tietty\u00e4 koesiemener\u00e4\u00e4 ja ovat saattaneet p\u00e4ivitty\u00e4 mm. Ulsike-projektista saatujen kokemusten perusteella.<\/small><\/em><\/p>\n\n\n\n<p>koe-er\u00e4n tunnus: K09-93-024<\/p>\n\n\n\n<p>alkuper\u00e4: Tonto, Arizona, USA. 1 300 m 33 00&#8242; x 110 00&#8242;<br><br>Arizonansypressi kuuluu aitoon sypressisukuun, jonka edustajia on j\u00e4ljell\u00e4 noin 12 eri lajia Pohjois-Amerikassa, Kaakkois-Euroopassa, Himalajalla ja Kiinassa. Arizonansypressin pohjoisempi siie\u00e4mpikuorinen muoto, jota koe-er\u00e4 edustaa, kasvaa Arizonan keskiosissa 1300- 2 500 metrin korkeudessa.<br><br>Sateisimmilla suojaisilla rinteill\u00e4 ja kanjoninreunoilla puu kasvaa 15- 25 m pitk\u00e4ksi. Karuilla avoimilla paikoilla puut j\u00e4\u00e4v\u00e4t kituviksi pensaiksi. Lajia ei ole yleisesti luokiteltu kovinkaan kest\u00e4v\u00e4ksi ja sen yleinen menestyminen meill\u00e4 olisi iloinen yll\u00e4tys. Kuitenkin joukosta saattaa l\u00f6yty\u00e4 kest\u00e4vi\u00e4 yksil\u00f6it\u00e4, jotka hyvinkin menestyv\u00e4t kev\u00e4ttalven auringolta ja tuulilta suojassa olevalla kasvupaikalla.<br><br>Arizonansypressin siemen vaatii it\u00e4\u00e4kseen 30 vrk kylm\u00e4k\u00e4sittelyn, jolloin siemenen lepotila purkautuu. Kylm\u00e4k\u00e4sittely eli stratifiointi suoritetaan sekoittamalla siemen kosteaan hiekkaan tai turvehiekkaseokseen siten, ett\u00e4 v\u00e4liainetta on 3 kertaa siementen tilavuus. T\u00e4m\u00e4n j\u00e4lkeen seos pakataan esim. minigrip-pussiin ja s\u00e4ilytet\u00e4\u00e4n kylm\u00e4ss\u00e4 j\u00e4\u00e4kaapissa e.m. ajan. Pussia on syyt\u00e4 tarkkailla ajoittain.<br><br>Jos it\u00e4minen aikaa kylm\u00e4k\u00e4sittelyn kest\u00e4ess\u00e4, on koko er\u00e4 kylvett\u00e4v\u00e4 v\u00e4litt\u00f6m\u00e4sti. Muussa tapauksessa siemenseos kylvet\u00e4\u00e4n 30 vrk:n j\u00e4lkeen normaalisti. Kuitenkin kes\u00e4n edetty\u00e4 jo pitk\u00e4lle suosittelemme siementen kylv\u00e4mist\u00e4 vasta syksyll\u00e4 lokakuussa, jolloin ne talven aikana saavat tarvitsemansa kylm\u00e4k\u00e4sittelyn. Ohuelti hiekalla peitellyn kylv\u00f6ksen voi t\u00e4m\u00e4n ja muidenkin lajien kohdalla peitt\u00e4\u00e4 laudanp\u00e4tk\u00e4ll\u00e4 tai lasinpalalla. N\u00e4m\u00e4 suojaavat siemeni\u00e4 sadery\u00f6pyilt\u00e4, est\u00e4v\u00e4t kylv\u00f6sten kuivumista sek\u00e4 suojaavat linnuilta ja jyrsij\u00f6ilt\u00e4. Kev\u00e4\u00e4ll\u00e4 lautaa raottamalla tarkkaillaan it\u00e4mistapahtumaa ja lauta poistetaan viimeist\u00e4\u00e4n, kun ensimm\u00e4iset sirkkataimet tulevat n\u00e4kyviin.<br><br>Sypressit ovat heti it\u00e4misen j\u00e4lkeen erityisen alttiita taimipoltteelle, joka on er\u00e4s sirkkataimia tuhoava sienitauti. Mik\u00e4li it\u00e4neiden taimien maanpintaa vastaan oleva osa tummuu ja taimi kaatuu vihre\u00e4n\u00e4 maahan on v\u00e4litt\u00f6m\u00e4sti vaihdettava kasvualusta.<\/p>\n\n\n\n<h2 class=\"wp-block-heading\">Kasvin perustiedot<\/h2>\n\n\n\n<p>SukuCupressusLajiArizonica<\/p>\n\n\n\n<h2 class=\"wp-block-heading\">Keywords<\/h2>\n\n\n\n<ul class=\"wp-block-list\">\n<li>Ulsike<\/li>\n\n\n\n<li>1993<\/li>\n\n\n\n<li>Cupressus<\/li>\n\n\n\n<li>Cupressus arizonica<\/li>\n<\/ul>\n","protected":false},"excerpt":{"rendered":"<p>Ulkomaisten kasvilajien menestymistutkimuksessa eli Ulsike-projektissa laadittiin vuosien 1992-1997 koelajeista kuvaukset. T\u00e4m\u00e4n sivun tiedot koskevat siten tietty\u00e4 koesiemener\u00e4\u00e4 ja ovat saattaneet p\u00e4ivitty\u00e4 mm. Ulsike-projektista saatujen kokemusten perusteella. koe-er\u00e4n tunnus: K09-93-024 alkuper\u00e4: Tonto, Arizona, USA. 1 300 m 33 00&#8242; x 110 00&#8242; Arizonansypressi kuuluu aitoon sypressisukuun, jonka edustajia on j\u00e4ljell\u00e4 noin 12 eri lajia Pohjois-Amerikassa, Kaakkois-Euroopassa, [&hellip;]<\/p>\n","protected":false},"author":1,"featured_media":0,"parent":0,"menu_order":0,"comment_status":"closed","ping_status":"closed","template":"","meta":{"iawp_total_views":1,"footnotes":""},"class_list":["post-17579","page","type-page","status-publish","hentry"],"_links":{"self":[{"href":"https:\/\/mustila.fi\/en\/wp-json\/wp\/v2\/pages\/17579","targetHints":{"allow":["GET"]}}],"collection":[{"href":"https:\/\/mustila.fi\/en\/wp-json\/wp\/v2\/pages"}],"about":[{"href":"https:\/\/mustila.fi\/en\/wp-json\/wp\/v2\/types\/page"}],"author":[{"embeddable":true,"href":"https:\/\/mustila.fi\/en\/wp-json\/wp\/v2\/users\/1"}],"replies":[{"embeddable":true,"href":"https:\/\/mustila.fi\/en\/wp-json\/wp\/v2\/comments?post=17579"}],"version-history":[{"count":0,"href":"https:\/\/mustila.fi\/en\/wp-json\/wp\/v2\/pages\/17579\/revisions"}],"wp:attachment":[{"href":"https:\/\/mustila.fi\/en\/wp-json\/wp\/v2\/media?parent=17579"}],"curies":[{"name":"wp","href":"https:\/\/api.w.org\/{rel}","templated":true}]}}