{"id":17582,"date":"2023-09-26T19:31:05","date_gmt":"2023-09-26T19:31:05","guid":{"rendered":"https:\/\/mustila.fi\/?page_id=17582"},"modified":"2023-09-26T19:31:06","modified_gmt":"2023-09-26T19:31:06","slug":"ukk-15-acer-sieboldianum-sirovaahtera","status":"publish","type":"page","link":"https:\/\/mustila.fi\/en\/ukk-15-acer-sieboldianum-sirovaahtera\/","title":{"rendered":"UKK: 15. Acer sieboldianum &#8211; sirovaahtera"},"content":{"rendered":"\n<h3 class=\"wp-block-heading\">Luontainen levinneisyys<\/h3>\n\n\n\n<p>Sirovaahtera on kotoisin Japanista, jossa sit\u00e4 kasvaa maan etel\u00e4isill\u00e4 saarilla merenpinnan l\u00e4heisyydess\u00e4.<\/p>\n\n\n\n<h3 class=\"wp-block-heading\">Lajikuvaus<\/h3>\n\n\n\n<p>Sirovaahtera on suurikasvuinen pensas, joka luontaisesti kasvaa noin 10 metrin mittaiseksi. Meill\u00e4 se on j\u00e4\u00e4nyt pienemm\u00e4ksi, n. nelj\u00e4n metrin mittaiseksi. Sen lehdet ovat kauniisti liuskoittuneet. Ne saavat keltaisen-punaisen syysv\u00e4rin. Kukinto on useimpien vaahteroiden tapaan vaatimaton ja v\u00e4rilt\u00e4\u00e4n vihert\u00e4v\u00e4. Hedelm\u00e4 on vaahteroille tyypillinen.<\/p>\n\n\n\n<h3 class=\"wp-block-heading\">Menestyminen sek\u00e4 viljely meill\u00e4 ja muualla<\/h3>\n\n\n\n<p>Sirovaahtera on menestynyt meill\u00e4 maan etel\u00e4osissa. Mustilan vanhat pensaat selvisiv\u00e4t vaurioitta 1980-luvun ankarista pakkastalvista. Sit\u00e4 on viljelty meill\u00e4 hyvin v\u00e4h\u00e4n, mutta maailmalla se on yleisesti viljelty.<\/p>\n\n\n\n<h3 class=\"wp-block-heading\">Kasvupaikkavaatimukset<\/h3>\n\n\n\n<p>Sirovaahtera vaatii menesty\u00e4kseen syv\u00e4multaista, l\u00e4mmint\u00e4 alustaa. Se viihtyy puolivarjossa ja hy\u00f6tyy muiden kasvien antamasta suojasta.<\/p>\n\n\n\n<h3 class=\"wp-block-heading\">K\u00e4ytt\u00f6<\/h3>\n\n\n\n<p>Kaunis sirovaahtera sopii pensasryhmiin sek\u00e4 yksitt\u00e4ispensaaksi muiden kasvien oheen.<\/p>\n\n\n\n<h3 class=\"wp-block-heading\">Lis\u00e4ys ja taimikasvatus<\/h3>\n\n\n\n<p>Sirovaahteraa lis\u00e4t\u00e4\u00e4n siemenest\u00e4. Se vaatii it\u00e4\u00e4kseen 90 vuorokauden kylm\u00e4k\u00e4sittelyn. Kylv\u00f6 tehd\u00e4\u00e4n yleens\u00e4 syksyll\u00e4 ulos ja siemenen p\u00e4\u00e4lle seulotaan hiekkaa niin ett\u00e4 siemen peittyy. Taimet koulitaan lehtipuille tarkoitettuihin kennoihin tai potteihin ja kasvatetaan niiss\u00e4 2 vuotta. Paras keino tuottaa t\u00e4t\u00e4 hyvin hidaskasvuista lajia voisi olla astiataimiviljely. Taimia voidaan my\u00f6s kasvattaa pellossa, mutta ne ovat siell\u00e4 hidaskasvuisia. Istutuskuntoisen pensaan kasvattaminen vie 4-8 vuoteen. Kasvatuspaikan tulee olla l\u00e4mmin ja suojaisa. Muuten kasvatus on varsin helppoa.<br>&nbsp;<\/p>\n\n\n\n<h2 class=\"wp-block-heading\">Kasvin perustiedot<\/h2>\n\n\n\n<p>SukuAcerLajiSieboldianum<\/p>\n\n\n\n<h2 class=\"wp-block-heading\">Keywords<\/h2>\n\n\n\n<ul class=\"wp-block-list\">\n<li>Acer<\/li>\n\n\n\n<li>Acer sieboldianum<\/li>\n<\/ul>\n","protected":false},"excerpt":{"rendered":"<p>Luontainen levinneisyys Sirovaahtera on kotoisin Japanista, jossa sit\u00e4 kasvaa maan etel\u00e4isill\u00e4 saarilla merenpinnan l\u00e4heisyydess\u00e4. Lajikuvaus Sirovaahtera on suurikasvuinen pensas, joka luontaisesti kasvaa noin 10 metrin mittaiseksi. Meill\u00e4 se on j\u00e4\u00e4nyt pienemm\u00e4ksi, n. nelj\u00e4n metrin mittaiseksi. Sen lehdet ovat kauniisti liuskoittuneet. Ne saavat keltaisen-punaisen syysv\u00e4rin. Kukinto on useimpien vaahteroiden tapaan vaatimaton ja v\u00e4rilt\u00e4\u00e4n vihert\u00e4v\u00e4. Hedelm\u00e4 on [&hellip;]<\/p>\n","protected":false},"author":2,"featured_media":0,"parent":0,"menu_order":0,"comment_status":"closed","ping_status":"closed","template":"","meta":{"iawp_total_views":14,"footnotes":""},"class_list":["post-17582","page","type-page","status-publish","hentry"],"_links":{"self":[{"href":"https:\/\/mustila.fi\/en\/wp-json\/wp\/v2\/pages\/17582","targetHints":{"allow":["GET"]}}],"collection":[{"href":"https:\/\/mustila.fi\/en\/wp-json\/wp\/v2\/pages"}],"about":[{"href":"https:\/\/mustila.fi\/en\/wp-json\/wp\/v2\/types\/page"}],"author":[{"embeddable":true,"href":"https:\/\/mustila.fi\/en\/wp-json\/wp\/v2\/users\/2"}],"replies":[{"embeddable":true,"href":"https:\/\/mustila.fi\/en\/wp-json\/wp\/v2\/comments?post=17582"}],"version-history":[{"count":0,"href":"https:\/\/mustila.fi\/en\/wp-json\/wp\/v2\/pages\/17582\/revisions"}],"wp:attachment":[{"href":"https:\/\/mustila.fi\/en\/wp-json\/wp\/v2\/media?parent=17582"}],"curies":[{"name":"wp","href":"https:\/\/api.w.org\/{rel}","templated":true}]}}