{"id":17587,"date":"2023-09-26T19:32:13","date_gmt":"2023-09-26T19:32:13","guid":{"rendered":"https:\/\/mustila.fi\/?page_id=17587"},"modified":"2023-09-26T19:32:16","modified_gmt":"2023-09-26T19:32:16","slug":"ukk-17-acer-triflorum-huntuvaahtera","status":"publish","type":"page","link":"https:\/\/mustila.fi\/en\/ukk-17-acer-triflorum-huntuvaahtera\/","title":{"rendered":"UKK: 17. Acer triflorum &#8211; huntuvaahtera"},"content":{"rendered":"\n<h3 class=\"wp-block-heading\">Luontainen levinneisyys<\/h3>\n\n\n\n<p>Huntuvaahteraa esiintyy Korean niemimaalla sek\u00e4 sen pohjoispuolisessa Kiinassa. Se kasvaa mets\u00e4nreunoissa ja rinteill\u00e4.<\/p>\n\n\n\n<h3 class=\"wp-block-heading\">Lajikuvaus<\/h3>\n\n\n\n<p>Huntuvaahtera on luontaisilla alueillaan pieni puu tai pensas, joka kasvaa 10 metrin pituiseksi. Viljeltyn\u00e4 se j\u00e4\u00e4 pienemm\u00e4ksi. Meill\u00e4 l\u00e4hes seitsem\u00e4nkymment\u00e4vuotiaat huntuvaahterat ovat 4-5 metrin pituisia pieni\u00e4, mutkarunkoisia puita. Niill\u00e4 on hilseilev\u00e4 kuori, joka paljastaa kanelinruskean sisemm\u00e4n kuoren. N\u00e4m\u00e4 v\u00e4rit ovat erityisen korostuvia talvisaikaan valkoista hankea vasten. Lehdet ovat kolmesta lehdyk\u00e4st\u00e4 koostuvia. Ne saavat hienon keltaisen tai oranssin syysv\u00e4rin. Kukinto on vaatimaton vihert\u00e4v\u00e4 huiskilo, ja hedelm\u00e4 vaahteroille tyypillinen lohkohedelm\u00e4, joka tosin on kova ja karvapintainen.<\/p>\n\n\n\n<h3 class=\"wp-block-heading\">Menestyminen sek\u00e4 viljely meill\u00e4 ja muualla<\/h3>\n\n\n\n<p>Huntuvaahtera on menestynyt meill\u00e4 I-II-vy\u00f6hykkeill\u00e4. Se on viljeltyn\u00e4 niin harvinainen, ettei viljelykokemuksia t\u00e4t\u00e4 pohjoisempaa juuri ole. Koreasta kotoisin olevasta siemenest\u00e4 lis\u00e4tyt kasvit ovat kest\u00e4vi\u00e4 todenn\u00e4k\u00f6isesti viel\u00e4 III-vy\u00f6hykkeell\u00e4. Lis\u00e4ksi t\u00e4st\u00e4 harvinaisesta lajista pit\u00e4isi hankkia uutta lis\u00e4ysmateriaalia viel\u00e4 pohjoisempaa Kiinasta. Vasta sitten voitaisiin m\u00e4\u00e4ritell\u00e4 sen viljelyalueen lopulliset rajat. Huntuvaahtera on joka tapauksessa kaikkein kest\u00e4vin kolmilehtivaahteroista, joita tunnetaan kaikkiaan nelj\u00e4 lajia. Maailmalla huntuvaahtera on tavoiteltu harvinaisuus, jota viljell\u00e4\u00e4n monilla seuduilla.<\/p>\n\n\n\n<h3 class=\"wp-block-heading\">K\u00e4ytt\u00f6<\/h3>\n\n\n\n<p>Huntuvaahtera on erinomainen pieni puu, jolla on koristeellinen kasvutapa ja lukuisia muita hyvi\u00e4 attribuutteja. Se soveltuu puuryhmiin, yksitt\u00e4ispuuksi vaikkapa perennoiden tms. kanssa sek\u00e4 yleens\u00e4kin pieniin pihoihin.<\/p>\n\n\n\n<h3 class=\"wp-block-heading\">Kasvupaikkavaatimukset<\/h3>\n\n\n\n<p>Huntuvaahtera viihtyy l\u00e4mpim\u00e4ll\u00e4, multavalla ja l\u00e4p\u00e4isev\u00e4ll\u00e4 maalla auringossa tai puolivarjossa.<\/p>\n\n\n\n<h3 class=\"wp-block-heading\">Lis\u00e4ys ja taimikasvatus<\/h3>\n\n\n\n<p>Huntuvaahtera on vaikea kasvattaa. Sit\u00e4 voi lis\u00e4t\u00e4 vain siemenist\u00e4, jotka vaativat l\u00e4mmin- ja kylm\u00e4k\u00e4sittelyn it\u00e4\u00e4kseen. Siementen it\u00e4misprosentti on usein alhainen ja taimia saadaan kerralla vain v\u00e4h\u00e4n. Hyvi\u00e4 siemenvuosia ei suinkaan ole joka vuosi. Siemen kylvet\u00e4\u00e4n kev\u00e4\u00e4ll\u00e4 ulos ja peitet\u00e4\u00e4n. Kylv\u00f6s tehd\u00e4\u00e4n suojaisaan paikkaan, jolloin siemen ei kuivu. Tarvittaessa kylv\u00f6ksen p\u00e4\u00e4lle lis\u00e4t\u00e4\u00e4n kosteutta pid\u00e4tt\u00e4v\u00e4 kerros hienoa haketta, kuoriketta, rahkasammalta tai niiden kaltaista kateainetta. Siemen j\u00e4tet\u00e4\u00e4n talveksi ulos ja se it\u00e4\u00e4 yleens\u00e4 seuraavana alkukes\u00e4n\u00e4. Taimet koulitaan koivuille sopiviin kennoihin tai potteihin, joissa niit\u00e4 kasvatetaan kaksi vuotta. Taimivaiheessa hidaskasvuinen huntuvaahtera koulitaan peltoon, jossa sit\u00e4 kasvatetaan 4-6 vuoteen ennenkuin se on riitt\u00e4v\u00e4n suuri. Toinen tapa on viljell\u00e4 huntuvaahteraa on kasvattaa taimet astiassa, jolloin ne ehk\u00e4 ovat nopeampikasvuisia. T\u00e4ll\u00f6in taimet koulitaan 1,5-3-5 litran astioihin parin vuoden v\u00e4lein.<br>&nbsp;<\/p>\n\n\n\n<h2 class=\"wp-block-heading\">Kasvin perustiedot<\/h2>\n\n\n\n<p>SukuAcerLajiTriflorum<\/p>\n\n\n\n<h2 class=\"wp-block-heading\">Keywords<\/h2>\n\n\n\n<ul class=\"wp-block-list\">\n<li>Lehtipuut ja -pensaat<\/li>\n\n\n\n<li>Acer<\/li>\n\n\n\n<li>Acer triflorum<\/li>\n<\/ul>\n","protected":false},"excerpt":{"rendered":"<p>Luontainen levinneisyys Huntuvaahteraa esiintyy Korean niemimaalla sek\u00e4 sen pohjoispuolisessa Kiinassa. Se kasvaa mets\u00e4nreunoissa ja rinteill\u00e4. Lajikuvaus Huntuvaahtera on luontaisilla alueillaan pieni puu tai pensas, joka kasvaa 10 metrin pituiseksi. Viljeltyn\u00e4 se j\u00e4\u00e4 pienemm\u00e4ksi. Meill\u00e4 l\u00e4hes seitsem\u00e4nkymment\u00e4vuotiaat huntuvaahterat ovat 4-5 metrin pituisia pieni\u00e4, mutkarunkoisia puita. Niill\u00e4 on hilseilev\u00e4 kuori, joka paljastaa kanelinruskean sisemm\u00e4n kuoren. N\u00e4m\u00e4 v\u00e4rit [&hellip;]<\/p>\n","protected":false},"author":2,"featured_media":0,"parent":0,"menu_order":0,"comment_status":"closed","ping_status":"closed","template":"","meta":{"iawp_total_views":25,"footnotes":""},"class_list":["post-17587","page","type-page","status-publish","hentry"],"_links":{"self":[{"href":"https:\/\/mustila.fi\/en\/wp-json\/wp\/v2\/pages\/17587","targetHints":{"allow":["GET"]}}],"collection":[{"href":"https:\/\/mustila.fi\/en\/wp-json\/wp\/v2\/pages"}],"about":[{"href":"https:\/\/mustila.fi\/en\/wp-json\/wp\/v2\/types\/page"}],"author":[{"embeddable":true,"href":"https:\/\/mustila.fi\/en\/wp-json\/wp\/v2\/users\/2"}],"replies":[{"embeddable":true,"href":"https:\/\/mustila.fi\/en\/wp-json\/wp\/v2\/comments?post=17587"}],"version-history":[{"count":0,"href":"https:\/\/mustila.fi\/en\/wp-json\/wp\/v2\/pages\/17587\/revisions"}],"wp:attachment":[{"href":"https:\/\/mustila.fi\/en\/wp-json\/wp\/v2\/media?parent=17587"}],"curies":[{"name":"wp","href":"https:\/\/api.w.org\/{rel}","templated":true}]}}