{"id":17592,"date":"2023-09-26T19:32:19","date_gmt":"2023-09-26T19:32:19","guid":{"rendered":"https:\/\/mustila.fi\/?page_id=17592"},"modified":"2023-09-26T19:32:20","modified_gmt":"2023-09-26T19:32:20","slug":"ulsike-1993-35-juglans-ailanthifolia-japaninjalopahkina","status":"publish","type":"page","link":"https:\/\/mustila.fi\/en\/ulsike-1993-35-juglans-ailanthifolia-japaninjalopahkina\/","title":{"rendered":"Ulsike 1993: 35. Juglans ailanthifolia &#8211; japaninjalop\u00e4hkin\u00e4"},"content":{"rendered":"\n<p><em><small>Ulkomaisten kasvilajien menestymistutkimuksessa eli Ulsike-projektissa laadittiin vuosien 1992-1997 koelajeista kuvaukset. T\u00e4m\u00e4n sivun tiedot koskevat siten tietty\u00e4 koesiemener\u00e4\u00e4 ja ovat saattaneet p\u00e4ivitty\u00e4 mm. Ulsike-projektista saatujen kokemusten perusteella.<\/small><\/em><\/p>\n\n\n\n<p>koe-er\u00e4n tunnus: K09-93-014<\/p>\n\n\n\n<p>alkuper\u00e4: Habarovsk, Ven\u00e4j\u00e4<br><br>Japaninjalop\u00e4hkin\u00e4\u00e4 pidet\u00e4\u00e4n meill\u00e4 viljelt\u00e4vist\u00e4 jalop\u00e4hkin\u00e4lajeista kest\u00e4vimp\u00e4n\u00e4. Se on kotoisin Kaukoid\u00e4st\u00e4: Japanista, Sachalinin etel\u00e4k\u00e4rjest\u00e4 sek\u00e4 aivan Amurin suistosta.<br><br>Jalop\u00e4hkin\u00e4t ovat meill\u00e4 viljelt\u00e4vist\u00e4 lehtipuista ehk\u00e4 kaikkein eksoottisimpia puolimetrisine lehtineen ja suurine sy\u00f6t\u00e4vine p\u00e4hkin\u00f6ineen. Japaninjalop\u00e4hkin\u00e4 on aurinkoisilla, kosteilla ja ravinteikkailla paikoilla viihtyv\u00e4 6-12 m korkea, laajalatvuksinen puu, jonka puuaines muiden jalop\u00e4hkin\u00f6iden tavoin on hyvin arvostettua.<br><br>Japaninjalop\u00e4hkin\u00e4n siemenell\u00e4 on alkiolepotila, jonka purkamiseksi siemen on parasta kylv\u00e4\u00e4 kes\u00e4ll\u00e4, jolloin se saa mahdollisesti tarvitsemansa l\u00e4mp\u00f6k\u00e4sittelyn kylv\u00f6kes\u00e4n\u00e4 sek\u00e4 kylm\u00e4k\u00e4sittelyn seuraavana talvena. Siemen it\u00e4nee kylv\u00f6\u00e4 seuraavana kev\u00e4\u00e4n\u00e4.<br><br>Jalop\u00e4hkin\u00e4t eiv\u00e4t oikein sovellu astioissa kasvatettaviksi ja siemenet olisikin syyt\u00e4 kylv\u00e4\u00e4 penkkiin, jossa ne voisivat taimettua. My\u00f6s taimien talvetus ulkona astioissa on aina ep\u00e4varmaa.<\/p>\n\n\n\n<h2 class=\"wp-block-heading\">Kasvin perustiedot<\/h2>\n\n\n\n<p>SukuJuglansLajiAilanthifolia<\/p>\n\n\n\n<h2 class=\"wp-block-heading\">Keywords<\/h2>\n\n\n\n<ul class=\"wp-block-list\">\n<li>Ulsike<\/li>\n\n\n\n<li>1993<\/li>\n\n\n\n<li>Juglans<\/li>\n\n\n\n<li>Juglans ailanthifolia<\/li>\n<\/ul>\n","protected":false},"excerpt":{"rendered":"<p>Ulkomaisten kasvilajien menestymistutkimuksessa eli Ulsike-projektissa laadittiin vuosien 1992-1997 koelajeista kuvaukset. T\u00e4m\u00e4n sivun tiedot koskevat siten tietty\u00e4 koesiemener\u00e4\u00e4 ja ovat saattaneet p\u00e4ivitty\u00e4 mm. Ulsike-projektista saatujen kokemusten perusteella. koe-er\u00e4n tunnus: K09-93-014 alkuper\u00e4: Habarovsk, Ven\u00e4j\u00e4 Japaninjalop\u00e4hkin\u00e4\u00e4 pidet\u00e4\u00e4n meill\u00e4 viljelt\u00e4vist\u00e4 jalop\u00e4hkin\u00e4lajeista kest\u00e4vimp\u00e4n\u00e4. Se on kotoisin Kaukoid\u00e4st\u00e4: Japanista, Sachalinin etel\u00e4k\u00e4rjest\u00e4 sek\u00e4 aivan Amurin suistosta. Jalop\u00e4hkin\u00e4t ovat meill\u00e4 viljelt\u00e4vist\u00e4 lehtipuista ehk\u00e4 [&hellip;]<\/p>\n","protected":false},"author":1,"featured_media":0,"parent":0,"menu_order":0,"comment_status":"closed","ping_status":"closed","template":"","meta":{"iawp_total_views":28,"footnotes":""},"class_list":["post-17592","page","type-page","status-publish","hentry"],"_links":{"self":[{"href":"https:\/\/mustila.fi\/en\/wp-json\/wp\/v2\/pages\/17592","targetHints":{"allow":["GET"]}}],"collection":[{"href":"https:\/\/mustila.fi\/en\/wp-json\/wp\/v2\/pages"}],"about":[{"href":"https:\/\/mustila.fi\/en\/wp-json\/wp\/v2\/types\/page"}],"author":[{"embeddable":true,"href":"https:\/\/mustila.fi\/en\/wp-json\/wp\/v2\/users\/1"}],"replies":[{"embeddable":true,"href":"https:\/\/mustila.fi\/en\/wp-json\/wp\/v2\/comments?post=17592"}],"version-history":[{"count":0,"href":"https:\/\/mustila.fi\/en\/wp-json\/wp\/v2\/pages\/17592\/revisions"}],"wp:attachment":[{"href":"https:\/\/mustila.fi\/en\/wp-json\/wp\/v2\/media?parent=17592"}],"curies":[{"name":"wp","href":"https:\/\/api.w.org\/{rel}","templated":true}]}}