{"id":17594,"date":"2023-09-26T19:33:08","date_gmt":"2023-09-26T19:33:08","guid":{"rendered":"https:\/\/mustila.fi\/?page_id=17594"},"modified":"2023-09-26T19:33:18","modified_gmt":"2023-09-26T19:33:18","slug":"ukk-22-juglans-spp-jalopahkinat","status":"publish","type":"page","link":"https:\/\/mustila.fi\/en\/ukk-22-juglans-spp-jalopahkinat\/","title":{"rendered":"UKK: 22. Juglans spp. &#8211; jalop\u00e4hkin\u00e4t"},"content":{"rendered":"\n<h3 class=\"wp-block-heading\">Luontainen levinneisyys<\/h3>\n\n\n\n<p>T\u00e4ss\u00e4 k\u00e4sitell\u00e4\u00e4n kolmea lajia: amerikanjalop\u00e4hkin\u00e4\u00e4 (<em>Juglans cinerea<\/em>), japaninjalop\u00e4hkin\u00e4\u00e4 (<em>J. ailantifolia<\/em>) ja mantsurianjalop\u00e4hkin\u00e4\u00e4 (<em>J. mandshurica<\/em>). Niiden nimet kertovat suoraan kotiseudun. Amerikanjalop\u00e4hkin\u00e4\u00e4 esiintyy mantereen koillisissa osissa, mutta se ei juuri esiinny Kanadan alueella luontaisesti. Japaninjalop\u00e4hkin\u00e4\u00e4 esiintyy Japanin kaikilla saarilla Kiushulta Hokkaidolle saakka. Lis\u00e4ksi lajia kasvaa harvinaisena Kuriileilla ja Sahalinin etel\u00e4osissa. Mantereella sit\u00e4 ei esiinny. Mantsurianjalop\u00e4hkin\u00e4 kasvaa Kiinassa, Ven\u00e4j\u00e4n it\u00e4isimmiss\u00e4 osissa sek\u00e4 Korean niemimaalla.<\/p>\n\n\n\n<h3 class=\"wp-block-heading\">Lajikuvaus<\/h3>\n\n\n\n<p>Amerikanjalop\u00e4hkin\u00e4 on luontaisesti yksirunkoinen, jopa 20 metrin pituinen puu, mutta meill\u00e4 se on l\u00e4hes poikkeuksetta monirunkoinen, suuren pensaan mallinen 5-10 metrin pituiseksi kasvava. Vanhemmiten amerikanjalop\u00e4hkin\u00e4 alkaa vesoa tyvelt\u00e4 ja muuttuu yh\u00e4 pensastavammaksi. Lehdet ovat 50 cm pituisia 11-19-lehdykk\u00e4isi\u00e4. Ne saavat keltaisen syysv\u00e4rin. Kukat ovat vaatimattomia, mutta hedelm\u00e4 on kiintoisa 6-8 cm pituinen p\u00e4hkin\u00e4, joka kypsyy syyskuussa. Japaninjalop\u00e4hkin\u00e4 on samankokoinen mutta selke\u00e4mmin rungollinen puu. Se ei meill\u00e4 muutu yht\u00e4 pensasmaiseksi kuin amerikanjalop\u00e4hkin\u00e4. Sen lehdet ovat kookkaampia, jopa 80 cm mittaisia. Hedelm\u00e4 on 4 cm pituinen p\u00e4hkin\u00e4. Mantsurianjalop\u00e4hkin\u00e4 on edellisten kaltainen, mutta sen lehdet saattavat olla viel\u00e4kin suurempia, aina 100 cm pituisia. Hedelm\u00e4 on suurehko, 5-7 cm pituinen.<\/p>\n\n\n\n<h3 class=\"wp-block-heading\">Menestyminen sek\u00e4 viljely meill\u00e4 ja muualla<\/h3>\n\n\n\n<p>Jalop\u00e4hkin\u00f6it\u00e4 on viljelty meill\u00e4 pitk\u00e4\u00e4n, mutta ne ovat aina olleet viljeltyin\u00e4 harvinaisia ja niit\u00e4 on k\u00e4ytetty esimerkiksi kartanopuistoissa. Ne menestyv\u00e4t kohtalaisesti I-III-vy\u00f6hykkeill\u00e4. Aiemmin kest\u00e4vimp\u00e4n\u00e4 lajina pidetty mantsurianjalop\u00e4hkin\u00e4 on itse asiassa kaikkein arin laji. Alkuper\u00e4valinnalla on mahdollisuus l\u00f6yt\u00e4\u00e4 nykyist\u00e4 paremmin menestyvi\u00e4 jalop\u00e4hkin\u00f6it\u00e4. Pohjoisemmaksi niit\u00e4 tuskin voidaan siirt\u00e4\u00e4. Arnerikanjalop\u00e4hkin\u00e4 on maailmalla yleisesti viljelty, mutta Kaukoid\u00e4n lajit ovat varsin harvinaisia.<\/p>\n\n\n\n<h3 class=\"wp-block-heading\">K\u00e4ytt\u00f6<\/h3>\n\n\n\n<p>Jalop\u00e4hkin\u00e4t ovat upeita puita vaativimpiinkin kohteisiin. Niit\u00e4 voidaan k\u00e4ytt\u00e4\u00e4 kujannepuina, ryhmiss\u00e4 sek\u00e4 yksitt\u00e4ispuina.<\/p>\n\n\n\n<h3 class=\"wp-block-heading\">Kasvupaikkavaatimukset<\/h3>\n\n\n\n<p>Jalop\u00e4hkin\u00e4t ovat hyvin vaateliaita sek\u00e4 maan multavuuden ett\u00e4 istutuspaikan valoisuuden suhteen. Latvus ei saa koskaan j\u00e4\u00e4d\u00e4 muiden puiden varjoon ja paikan pit\u00e4isi muutenkin pysy\u00e4 avoimena, muuten jalop\u00e4hkin\u00f6iden kasvutapa h\u00e4iriintyy.<\/p>\n\n\n\n<h3 class=\"wp-block-heading\">Lis\u00e4ys ja taimikasvatus<\/h3>\n\n\n\n<p>Jalop\u00e4hkin\u00f6it\u00e4 lis\u00e4t\u00e4\u00e4n siemenest\u00e4. Kylv\u00f6 tehd\u00e4\u00e4n syksyll\u00e4 ulos n. 5 cm syvyyteen. T\u00e4ll\u00f6in t\u00e4ytyy huolehtia jyrsij\u00e4suojauksesta, koska suuret p\u00e4hkin\u00e4t joutuvat muuten el\u00e4inten talvivarastoihin. Siemen tarvitsee it\u00e4\u00e4kseen 20 p\u00e4iv\u00e4n kylm\u00e4k\u00e4sittelyn. Taimet kannattaa id\u00e4tt\u00e4\u00e4 kylv\u00f6pediss\u00e4, joka on 20-30 cm kuohkea hiekansekainen peti. T\u00e4ll\u00f6in taimien juuret p\u00e4\u00e4sev\u00e4t kehittym\u00e4\u00e4n hyvin. Jalop\u00e4hkin\u00f6it\u00e4 on vaikea kasvattaa astioissa, mutta ne voidaan koulia suuriin 2-3 litran ruukkuihin, jotka sijoitetaan harvaan, jotta suurikokoinen lehv\u00e4st\u00f6 voi kehitty\u00e4 kunnolla. Samoin pellossa taimien tulisi olla riitt\u00e4v\u00e4n harvassa. Jalop\u00e4hkin\u00e4t kasvavat hyv\u00e4ss\u00e4 paikassa eritt\u00e4in nopeasti ja ne tulisi istuttaa jo pienin\u00e4 puina, jopa 2 vuoden kasvatuksen j\u00e4lkeen.<br>&nbsp;<\/p>\n\n\n\n<h2 class=\"wp-block-heading\">Kasvin perustiedot<\/h2>\n\n\n\n<p>SukuJuglansLajiSp.<\/p>\n\n\n\n<h2 class=\"wp-block-heading\">Keywords<\/h2>\n\n\n\n<ul class=\"wp-block-list\">\n<li>Lehtipuut ja -pensaat<\/li>\n\n\n\n<li>Juglans<\/li>\n<\/ul>\n","protected":false},"excerpt":{"rendered":"<p>Luontainen levinneisyys T\u00e4ss\u00e4 k\u00e4sitell\u00e4\u00e4n kolmea lajia: amerikanjalop\u00e4hkin\u00e4\u00e4 (Juglans cinerea), japaninjalop\u00e4hkin\u00e4\u00e4 (J. ailantifolia) ja mantsurianjalop\u00e4hkin\u00e4\u00e4 (J. mandshurica). Niiden nimet kertovat suoraan kotiseudun. Amerikanjalop\u00e4hkin\u00e4\u00e4 esiintyy mantereen koillisissa osissa, mutta se ei juuri esiinny Kanadan alueella luontaisesti. Japaninjalop\u00e4hkin\u00e4\u00e4 esiintyy Japanin kaikilla saarilla Kiushulta Hokkaidolle saakka. Lis\u00e4ksi lajia kasvaa harvinaisena Kuriileilla ja Sahalinin etel\u00e4osissa. Mantereella sit\u00e4 ei esiinny. Mantsurianjalop\u00e4hkin\u00e4 [&hellip;]<\/p>\n","protected":false},"author":2,"featured_media":0,"parent":0,"menu_order":0,"comment_status":"closed","ping_status":"closed","template":"","meta":{"iawp_total_views":74,"footnotes":""},"class_list":["post-17594","page","type-page","status-publish","hentry"],"_links":{"self":[{"href":"https:\/\/mustila.fi\/en\/wp-json\/wp\/v2\/pages\/17594","targetHints":{"allow":["GET"]}}],"collection":[{"href":"https:\/\/mustila.fi\/en\/wp-json\/wp\/v2\/pages"}],"about":[{"href":"https:\/\/mustila.fi\/en\/wp-json\/wp\/v2\/types\/page"}],"author":[{"embeddable":true,"href":"https:\/\/mustila.fi\/en\/wp-json\/wp\/v2\/users\/2"}],"replies":[{"embeddable":true,"href":"https:\/\/mustila.fi\/en\/wp-json\/wp\/v2\/comments?post=17594"}],"version-history":[{"count":0,"href":"https:\/\/mustila.fi\/en\/wp-json\/wp\/v2\/pages\/17594\/revisions"}],"wp:attachment":[{"href":"https:\/\/mustila.fi\/en\/wp-json\/wp\/v2\/media?parent=17594"}],"curies":[{"name":"wp","href":"https:\/\/api.w.org\/{rel}","templated":true}]}}