{"id":17601,"date":"2023-09-26T19:33:49","date_gmt":"2023-09-26T19:33:49","guid":{"rendered":"https:\/\/mustila.fi\/?page_id=17601"},"modified":"2023-09-26T19:33:50","modified_gmt":"2023-09-26T19:33:50","slug":"ukk-25-oplopanax-horridus-pirunnuija","status":"publish","type":"page","link":"https:\/\/mustila.fi\/en\/ukk-25-oplopanax-horridus-pirunnuija\/","title":{"rendered":"UKK: 25. Oplopanax horridus &#8211; pirunnuija"},"content":{"rendered":"\n<h3 class=\"wp-block-heading\">Luontainen levinneisyys<\/h3>\n\n\n\n<p>Pirunnuija on kotoisin Pohjois-Amerikan l\u00e4nsirannikolta Kalifornian ja Alaskan v\u00e4liselt\u00e4 alueelta. Sis\u00e4maassa sen levinneisyytt\u00e4 rajoittavat vuoristot.<\/p>\n\n\n\n<h3 class=\"wp-block-heading\">Lajikuvaus<\/h3>\n\n\n\n<p>Pirunnuija on pystyhaarainen pensas, joka kasvaa noin 2 metrin mittaiseksi. Pitk\u00e4ruotisissa, suurissa lehdiss\u00e4 on runsaasti piikkej\u00e4 joka puolella, my\u00f6s p\u00e4\u00e4ll\u00e4. Kukinto on pystykasvuinen terttu, johon muodostuu pieni\u00e4, punaisia marjoja. Lehdill\u00e4 ei ole syysv\u00e4ri\u00e4.<\/p>\n\n\n\n<h3 class=\"wp-block-heading\">Menestyminen sek\u00e4 viljely meill\u00e4 ja muualla<\/h3>\n\n\n\n<p>Pirunnuijaa on kasvatettu Suomessa 1910-luvulta l\u00e4htien. Se on menestynyt I-III-vy\u00f6hykkeill\u00e4. Laji on kuitenkin meill\u00e4 niin harvinainen, ettei tietoa sen menestymisrajoista ole voitu viel\u00e4 saada. Muualla se on my\u00f6s harvinainen viljeltyn\u00e4 rajoittuen alueille, jossa viljell\u00e4\u00e4n havupuita.<\/p>\n\n\n\n<h3 class=\"wp-block-heading\">K\u00e4ytt\u00f6<\/h3>\n\n\n\n<p>Pirunnuija soveltuu havukasvien kanssa yksitt\u00e4ispensaaksi ja ryhmiin.<\/p>\n\n\n\n<h3 class=\"wp-block-heading\">Kasvupaikkavaatimukset<\/h3>\n\n\n\n<p>Pirunnuija vaatii kosteata kasvualustaa ja viihtyy mets\u00e4n suojassa puolivarjossa tai varjossa.<\/p>\n\n\n\n<h3 class=\"wp-block-heading\">Lis\u00e4ys ja taimikasvatus<\/h3>\n\n\n\n<p>Pirunnuijaa voidaan lis\u00e4t\u00e4 siemenist\u00e4 tai tyvivesoista. Siemenlis\u00e4ys on hankalaa, sill\u00e4 siemenell\u00e4 on kaksinkertainen alkiolepo. Kylv\u00f6 tehd\u00e4\u00e4n alkukes\u00e4ll\u00e4 ulos ja siemen peitet\u00e4\u00e4n ohuelti sek\u00e4 kylv\u00f6s suojataan kuivumista vastaan. Kes\u00e4n aikana siemen saa tarvitsemansa l\u00e4mmink\u00e4sittelyn (90 vrk) ja seuraavana talvena kylm\u00e4k\u00e4sittelyn (120 vrk), jonka j\u00e4lkeen siemen yleens\u00e4 it\u00e4\u00e4. Kylv\u00f6kset kannattaa kuitenkin s\u00e4\u00e4st\u00e4\u00e4 viel\u00e4 vuoden, jotta lopullinen it\u00e4mistulos saavutetaan. Taimet koulitaan mieluiten lehtipuille tarkoitettuihin paperipotteihin tai ruukkuihin tai kennoihin. Poteissa talvehtiminen on huomattavasti varmempaa kuin muualla. Siemenlis\u00e4tyt taimet ovat aluksi hyvin hidaskasvuisia ja ulkona talvetettujen taimien kuolleisuus ensi talvenaan on suuri. Taimet koulitaan kahden vuoden j\u00e4lkeen astiaan tai peltoon, jossa niit\u00e4 joudutaan kasvattamaan viel\u00e4 2-4 vuotta. Todenn\u00e4k\u00f6isesti pirunnuijaa kannattaisi lis\u00e4t\u00e4 kasvullisesti tyvivesoista, jolloin kehitys on huomattavasti nopeampaa.<br>&nbsp;<\/p>\n\n\n\n<h2 class=\"wp-block-heading\">Kasvin perustiedot<\/h2>\n\n\n\n<p>SukuOplopanaxLajiHorridus<\/p>\n\n\n\n<h2 class=\"wp-block-heading\">Keywords<\/h2>\n\n\n\n<ul class=\"wp-block-list\">\n<li>Lehtipuut ja -pensaat<\/li>\n\n\n\n<li>Oplopanax<\/li>\n\n\n\n<li>Oplopanax horridus<\/li>\n<\/ul>\n","protected":false},"excerpt":{"rendered":"<p>Luontainen levinneisyys Pirunnuija on kotoisin Pohjois-Amerikan l\u00e4nsirannikolta Kalifornian ja Alaskan v\u00e4liselt\u00e4 alueelta. Sis\u00e4maassa sen levinneisyytt\u00e4 rajoittavat vuoristot. Lajikuvaus Pirunnuija on pystyhaarainen pensas, joka kasvaa noin 2 metrin mittaiseksi. Pitk\u00e4ruotisissa, suurissa lehdiss\u00e4 on runsaasti piikkej\u00e4 joka puolella, my\u00f6s p\u00e4\u00e4ll\u00e4. Kukinto on pystykasvuinen terttu, johon muodostuu pieni\u00e4, punaisia marjoja. Lehdill\u00e4 ei ole syysv\u00e4ri\u00e4. Menestyminen sek\u00e4 viljely meill\u00e4 [&hellip;]<\/p>\n","protected":false},"author":2,"featured_media":0,"parent":0,"menu_order":0,"comment_status":"closed","ping_status":"closed","template":"","meta":{"iawp_total_views":23,"footnotes":""},"class_list":["post-17601","page","type-page","status-publish","hentry"],"_links":{"self":[{"href":"https:\/\/mustila.fi\/en\/wp-json\/wp\/v2\/pages\/17601","targetHints":{"allow":["GET"]}}],"collection":[{"href":"https:\/\/mustila.fi\/en\/wp-json\/wp\/v2\/pages"}],"about":[{"href":"https:\/\/mustila.fi\/en\/wp-json\/wp\/v2\/types\/page"}],"author":[{"embeddable":true,"href":"https:\/\/mustila.fi\/en\/wp-json\/wp\/v2\/users\/2"}],"replies":[{"embeddable":true,"href":"https:\/\/mustila.fi\/en\/wp-json\/wp\/v2\/comments?post=17601"}],"version-history":[{"count":0,"href":"https:\/\/mustila.fi\/en\/wp-json\/wp\/v2\/pages\/17601\/revisions"}],"wp:attachment":[{"href":"https:\/\/mustila.fi\/en\/wp-json\/wp\/v2\/media?parent=17601"}],"curies":[{"name":"wp","href":"https:\/\/api.w.org\/{rel}","templated":true}]}}