{"id":17620,"date":"2023-09-26T19:36:27","date_gmt":"2023-09-26T19:36:27","guid":{"rendered":"https:\/\/mustila.fi\/?page_id=17620"},"modified":"2023-09-26T19:36:29","modified_gmt":"2023-09-26T19:36:29","slug":"ulsike-1993-38-prunus-maackii-tuohituomi","status":"publish","type":"page","link":"https:\/\/mustila.fi\/en\/ulsike-1993-38-prunus-maackii-tuohituomi\/","title":{"rendered":"Ulsike 1993: 38. Prunus maackii &#8211; tuohituomi"},"content":{"rendered":"\n<p><em><small>Ulkomaisten kasvilajien menestymistutkimuksessa eli Ulsike-projektissa laadittiin vuosien 1992-1997 koelajeista kuvaukset. T\u00e4m\u00e4n sivun tiedot koskevat siten tietty\u00e4 koesiemener\u00e4\u00e4 ja ovat saattaneet p\u00e4ivitty\u00e4 mm. Ulsike-projektista saatujen kokemusten perusteella.<\/small><\/em><\/p>\n\n\n\n<p>koe-er\u00e4n tunnus: K09-93-010<\/p>\n\n\n\n<p>alkuper\u00e4: Vladivostok, Ven\u00e4j\u00e4<br><br>Tuohituomi on kotoisin kaukoid\u00e4st\u00e4 verraten mantereiselta alueelta ja se on todettu kest\u00e4v\u00e4ksi meill\u00e4 aina Oulua my\u00f6ten.<br><br>Laji on eritt\u00e4in koristeellinen leveine latvuksineen ja etenkin kauniin kuparins\u00e4vyisen tuohimaisen kuoren takia. Tuohituomi on usein monirunkoinen puu, joka ei kasva 5-10 metri\u00e4 korkeammaksi. Istutuspaikkaa valittaessa kannattaa kuitenkin huomioida puun leveyssuunnassa vaatima tila, jotta se todella p\u00e4\u00e4sisi oikeuksiinsa koristeellisena lehtipuuna. Laji viihtyy parhaiten kosteissa, reheviss\u00e4 mets\u00e4nreunoissa.<br><br>Tuohituomen siemen ei id\u00e4 ilman pitk\u00e4\u00e4 kylm\u00e4k\u00e4sittely\u00e4 (jopa 5 kk). N\u00e4in ollen siemen suositellaan kylvett\u00e4v\u00e4ksi syksyll\u00e4, jolloin se saa tarvittavan kylm\u00e4k\u00e4sittelyn talven aikana ja it\u00e4\u00e4 kylv\u00f6\u00e4 seuraavana kev\u00e4\u00e4n\u00e4.<\/p>\n\n\n\n<h2 class=\"wp-block-heading\">Kasvin perustiedot<\/h2>\n\n\n\n<p>SukuPrunusLajiMaackii<\/p>\n\n\n\n<h2 class=\"wp-block-heading\">Keywords<\/h2>\n\n\n\n<ul class=\"wp-block-list\">\n<li>Ulsike<\/li>\n\n\n\n<li>1993<\/li>\n\n\n\n<li>Prunus<\/li>\n\n\n\n<li>Prunus maackii<\/li>\n<\/ul>\n","protected":false},"excerpt":{"rendered":"<p>Ulkomaisten kasvilajien menestymistutkimuksessa eli Ulsike-projektissa laadittiin vuosien 1992-1997 koelajeista kuvaukset. T\u00e4m\u00e4n sivun tiedot koskevat siten tietty\u00e4 koesiemener\u00e4\u00e4 ja ovat saattaneet p\u00e4ivitty\u00e4 mm. Ulsike-projektista saatujen kokemusten perusteella. koe-er\u00e4n tunnus: K09-93-010 alkuper\u00e4: Vladivostok, Ven\u00e4j\u00e4 Tuohituomi on kotoisin kaukoid\u00e4st\u00e4 verraten mantereiselta alueelta ja se on todettu kest\u00e4v\u00e4ksi meill\u00e4 aina Oulua my\u00f6ten. Laji on eritt\u00e4in koristeellinen leveine latvuksineen ja [&hellip;]<\/p>\n","protected":false},"author":1,"featured_media":0,"parent":0,"menu_order":0,"comment_status":"closed","ping_status":"closed","template":"","meta":{"iawp_total_views":5,"footnotes":""},"class_list":["post-17620","page","type-page","status-publish","hentry"],"_links":{"self":[{"href":"https:\/\/mustila.fi\/en\/wp-json\/wp\/v2\/pages\/17620","targetHints":{"allow":["GET"]}}],"collection":[{"href":"https:\/\/mustila.fi\/en\/wp-json\/wp\/v2\/pages"}],"about":[{"href":"https:\/\/mustila.fi\/en\/wp-json\/wp\/v2\/types\/page"}],"author":[{"embeddable":true,"href":"https:\/\/mustila.fi\/en\/wp-json\/wp\/v2\/users\/1"}],"replies":[{"embeddable":true,"href":"https:\/\/mustila.fi\/en\/wp-json\/wp\/v2\/comments?post=17620"}],"version-history":[{"count":0,"href":"https:\/\/mustila.fi\/en\/wp-json\/wp\/v2\/pages\/17620\/revisions"}],"wp:attachment":[{"href":"https:\/\/mustila.fi\/en\/wp-json\/wp\/v2\/media?parent=17620"}],"curies":[{"name":"wp","href":"https:\/\/api.w.org\/{rel}","templated":true}]}}