{"id":17627,"date":"2023-09-26T19:39:17","date_gmt":"2023-09-26T19:39:17","guid":{"rendered":"https:\/\/mustila.fi\/?page_id=17627"},"modified":"2023-09-26T19:39:18","modified_gmt":"2023-09-26T19:39:18","slug":"ulsike-1993-40-pinus-edulis-pahkinamanty","status":"publish","type":"page","link":"https:\/\/mustila.fi\/en\/ulsike-1993-40-pinus-edulis-pahkinamanty\/","title":{"rendered":"Ulsike 1993: 40. Pinus edulis &#8211; p\u00e4hkin\u00e4m\u00e4nty"},"content":{"rendered":"\n<p><em><small>Ulkomaisten kasvilajien menestymistutkimuksessa eli Ulsike-projektissa laadittiin vuosien 1992-1997 koelajeista kuvaukset. T\u00e4m\u00e4n sivun tiedot koskevat siten tietty\u00e4 koesiemener\u00e4\u00e4 ja ovat saattaneet p\u00e4ivitty\u00e4 mm. Ulsike-projektista saatujen kokemusten perusteella.<\/small><\/em><\/p>\n\n\n\n<p>koe-er\u00e4n tunnus: K09-93-029<\/p>\n\n\n\n<p>alkuper\u00e4: San Juan, New Mexico, USA, 2 500 m.m.p.y. 37 00&#8242; x 108 00&#8242;<br><br><em>Pinus edulis<\/em>&nbsp;on etel\u00e4isten Kalliovuorten kuivien rinteiden puulaji. Arizonassa ja New Mexicossa sen pienialaisia metsik\u00f6it\u00e4 tai puuryhmi\u00e4 tavataan viel\u00e4 2 500 &#8211; 3 000 metrin korkeudella.<br><br>P\u00e4hkin\u00e4m\u00e4nty (engl. Nut Pine) on saanut nimens\u00e4 isoista jopa 2 cm pituisista siemenist\u00e4, joita monien muiden m\u00e4nnynsiementen tavoin on my\u00f6s ker\u00e4tty ihmisravinnoksi. Suurista siemenist\u00e4\u00e4n huolimatta munanmuotoiset k\u00e4vyt eiv\u00e4t tule juuri 4 &#8211; 5 cm suuremmiksi. Lajin ter\u00e4v\u00e4k\u00e4rkiset, lyhyet ja useimmiten hieman k\u00e4yr\u00e4t neulaset muodostuvat kahden tai joskus kolmen ryhmiin. Puu voi kasvaa parhailla paikoilla jopa 15 m korkeaksi, mutta useimmiten se kasvaa enemm\u00e4n tai v\u00e4hemm\u00e4n pensastavana.<br><br>Lajia on viljelty USA:ssa koristetarkoituksiin sen tiiviin kasvutavan vuoksi. Kotimaassaan p\u00e4hkin\u00e4m\u00e4nnyn vakavin tuhonaiheuttaja on er\u00e4s is\u00e4nt\u00e4kasvia vaihtava sienilaji. Lajia ei tiett\u00e4v\u00e4sti oie aikaisemmin kokeiltu Suomessa, ja se saattaa hyvinkin olla kest\u00e4v\u00e4 maan etel\u00e4isimmiss\u00e4 osissa.<br><br>P\u00e4hkin\u00e4m\u00e4nnyn siemenelle suositellaan 60 vrk kylm\u00e4k\u00e4sittely\u00e4, mutta se it\u00e4nee my\u00f6s suoraan kylvettyn\u00e4, it\u00e4mistulos paranee, mik\u00e4li siement\u00e4 liotetaan kylm\u00e4ss\u00e4 (+5 C) vedess\u00e4 1 vrk ennen kylv\u00f6\u00e4. Kylvetty siemen peitet\u00e4\u00e4n n. 1 cm paksuisella hiekkakerroksella.<\/p>\n\n\n\n<h2 class=\"wp-block-heading\">Kasvin perustiedot<\/h2>\n\n\n\n<p>SukuPinusLajiEdulis<\/p>\n\n\n\n<h2 class=\"wp-block-heading\">Keywords<\/h2>\n\n\n\n<ul class=\"wp-block-list\">\n<li>Ulsike<\/li>\n\n\n\n<li>1993<\/li>\n\n\n\n<li>Pinus<\/li>\n\n\n\n<li>Pinus edulis<\/li>\n<\/ul>\n","protected":false},"excerpt":{"rendered":"<p>Ulkomaisten kasvilajien menestymistutkimuksessa eli Ulsike-projektissa laadittiin vuosien 1992-1997 koelajeista kuvaukset. T\u00e4m\u00e4n sivun tiedot koskevat siten tietty\u00e4 koesiemener\u00e4\u00e4 ja ovat saattaneet p\u00e4ivitty\u00e4 mm. Ulsike-projektista saatujen kokemusten perusteella. koe-er\u00e4n tunnus: K09-93-029 alkuper\u00e4: San Juan, New Mexico, USA, 2 500 m.m.p.y. 37 00&#8242; x 108 00&#8242; Pinus edulis&nbsp;on etel\u00e4isten Kalliovuorten kuivien rinteiden puulaji. Arizonassa ja New Mexicossa sen [&hellip;]<\/p>\n","protected":false},"author":1,"featured_media":0,"parent":0,"menu_order":0,"comment_status":"closed","ping_status":"closed","template":"","meta":{"iawp_total_views":10,"footnotes":""},"class_list":["post-17627","page","type-page","status-publish","hentry"],"_links":{"self":[{"href":"https:\/\/mustila.fi\/en\/wp-json\/wp\/v2\/pages\/17627","targetHints":{"allow":["GET"]}}],"collection":[{"href":"https:\/\/mustila.fi\/en\/wp-json\/wp\/v2\/pages"}],"about":[{"href":"https:\/\/mustila.fi\/en\/wp-json\/wp\/v2\/types\/page"}],"author":[{"embeddable":true,"href":"https:\/\/mustila.fi\/en\/wp-json\/wp\/v2\/users\/1"}],"replies":[{"embeddable":true,"href":"https:\/\/mustila.fi\/en\/wp-json\/wp\/v2\/comments?post=17627"}],"version-history":[{"count":0,"href":"https:\/\/mustila.fi\/en\/wp-json\/wp\/v2\/pages\/17627\/revisions"}],"wp:attachment":[{"href":"https:\/\/mustila.fi\/en\/wp-json\/wp\/v2\/media?parent=17627"}],"curies":[{"name":"wp","href":"https:\/\/api.w.org\/{rel}","templated":true}]}}