{"id":17634,"date":"2023-09-26T19:40:35","date_gmt":"2023-09-26T19:40:35","guid":{"rendered":"https:\/\/mustila.fi\/?page_id=17634"},"modified":"2023-09-26T19:40:36","modified_gmt":"2023-09-26T19:40:36","slug":"ulsike-1993-41-pinus-monticola-vuoristovalkomanty","status":"publish","type":"page","link":"https:\/\/mustila.fi\/en\/ulsike-1993-41-pinus-monticola-vuoristovalkomanty\/","title":{"rendered":"Ulsike 1993: 41. Pinus monticola &#8211; vuoristovalkom\u00e4nty"},"content":{"rendered":"\n<p><em><small>Ulkomaisten kasvilajien menestymistutkimuksessa eli Ulsike-projektissa laadittiin vuosien 1992-1997 koelajeista kuvaukset. T\u00e4m\u00e4n sivun tiedot koskevat siten tietty\u00e4 koesiemener\u00e4\u00e4 ja ovat saattaneet p\u00e4ivitty\u00e4 mm. Ulsike-projektista saatujen kokemusten perusteella.<\/small><\/em><\/p>\n\n\n\n<p>koe-er\u00e4n tunnus: K09-91-115<\/p>\n\n\n\n<p>alkuper\u00e4: Revelstoke, B.C., Kanada, 51 01&#8242; x 118 10&#8242; 690 m.m.p.y.<br><br><em>Pinus monticola<\/em>&nbsp;kasvaa Kalliovuorilla Brittil\u00e4isest\u00e4 Kolumbiasta Idahoon ja Montanaan sek\u00e4 l\u00e4hemp\u00e4n\u00e4 rannikkoa Washingtonista Oregoniin ja edelleen Kaliforniaan. Pohjoisempana laji esiintyy 700 &#8211; 1 400 metriss\u00e4, mutta etel\u00e4mp\u00e4n\u00e4 sen kasvupaikat voivat olla jo 3 000 metrin korkeudessa.<br><br><em>Pinus monticola<\/em>&nbsp;on komearunkoinen yli 30, joskus jopa 50 metri\u00e4 pitk\u00e4 m\u00e4nty. My\u00f6s puun k\u00e4vyt ovat kookkaita, 15 &#8211; 25 cm pituudeltaan. Euroopasta ja It\u00e4-Kanadasta saatujen kokemusten perusteella kokeiltava alkuper\u00e4 ilmeisesti menestyisi Etel\u00e4-Suomessa. Tosin muiden valkom\u00e4ntyjen tavoin t\u00e4m\u00e4 laji on melko altis viisineulasm\u00e4ntyjen tervasrosolle.<br><br>Vuoristovalkom\u00e4nnyn siemen it\u00e4\u00e4 huonosti ilman kylm\u00e4k\u00e4sittely\u00e4. Siemen suositellaan kylvett\u00e4v\u00e4ksi syksyll\u00e4, jolloin se it\u00e4\u00e4 kylv\u00f6\u00e4 seuraavana kev\u00e4\u00e4n\u00e4.<\/p>\n\n\n\n<h2 class=\"wp-block-heading\">Kasvin perustiedot<\/h2>\n\n\n\n<p>SukuPinusLajiMonticola<\/p>\n\n\n\n<h2 class=\"wp-block-heading\">Keywords<\/h2>\n\n\n\n<ul class=\"wp-block-list\">\n<li>Ulsike<\/li>\n\n\n\n<li>1993<\/li>\n\n\n\n<li>Pinus<\/li>\n\n\n\n<li>Pinus monticola<\/li>\n<\/ul>\n","protected":false},"excerpt":{"rendered":"<p>Ulkomaisten kasvilajien menestymistutkimuksessa eli Ulsike-projektissa laadittiin vuosien 1992-1997 koelajeista kuvaukset. T\u00e4m\u00e4n sivun tiedot koskevat siten tietty\u00e4 koesiemener\u00e4\u00e4 ja ovat saattaneet p\u00e4ivitty\u00e4 mm. Ulsike-projektista saatujen kokemusten perusteella. koe-er\u00e4n tunnus: K09-91-115 alkuper\u00e4: Revelstoke, B.C., Kanada, 51 01&#8242; x 118 10&#8242; 690 m.m.p.y. Pinus monticola&nbsp;kasvaa Kalliovuorilla Brittil\u00e4isest\u00e4 Kolumbiasta Idahoon ja Montanaan sek\u00e4 l\u00e4hemp\u00e4n\u00e4 rannikkoa Washingtonista Oregoniin ja edelleen [&hellip;]<\/p>\n","protected":false},"author":1,"featured_media":0,"parent":0,"menu_order":0,"comment_status":"closed","ping_status":"closed","template":"","meta":{"iawp_total_views":4,"footnotes":""},"class_list":["post-17634","page","type-page","status-publish","hentry"],"_links":{"self":[{"href":"https:\/\/mustila.fi\/en\/wp-json\/wp\/v2\/pages\/17634","targetHints":{"allow":["GET"]}}],"collection":[{"href":"https:\/\/mustila.fi\/en\/wp-json\/wp\/v2\/pages"}],"about":[{"href":"https:\/\/mustila.fi\/en\/wp-json\/wp\/v2\/types\/page"}],"author":[{"embeddable":true,"href":"https:\/\/mustila.fi\/en\/wp-json\/wp\/v2\/users\/1"}],"replies":[{"embeddable":true,"href":"https:\/\/mustila.fi\/en\/wp-json\/wp\/v2\/comments?post=17634"}],"version-history":[{"count":0,"href":"https:\/\/mustila.fi\/en\/wp-json\/wp\/v2\/pages\/17634\/revisions"}],"wp:attachment":[{"href":"https:\/\/mustila.fi\/en\/wp-json\/wp\/v2\/media?parent=17634"}],"curies":[{"name":"wp","href":"https:\/\/api.w.org\/{rel}","templated":true}]}}