{"id":17644,"date":"2023-09-26T19:43:26","date_gmt":"2023-09-26T19:43:26","guid":{"rendered":"https:\/\/mustila.fi\/?page_id=17644"},"modified":"2023-09-26T19:43:27","modified_gmt":"2023-09-26T19:43:27","slug":"ulsike-1993-42-pinus-aristata-aristatamanty","status":"publish","type":"page","link":"https:\/\/mustila.fi\/en\/ulsike-1993-42-pinus-aristata-aristatamanty\/","title":{"rendered":"Ulsike 1993: 42. Pinus aristata &#8211; aristatam\u00e4nty"},"content":{"rendered":"\n<p><em><small>Ulkomaisten kasvilajien menestymistutkimuksessa eli Ulsike-projektissa laadittiin vuosien 1992-1997 koelajeista kuvaukset. T\u00e4m\u00e4n sivun tiedot koskevat siten tietty\u00e4 koesiemener\u00e4\u00e4 ja ovat saattaneet p\u00e4ivitty\u00e4 mm. Ulsike-projektista saatujen kokemusten perusteella.<\/small><\/em><\/p>\n\n\n\n<p>koe-er\u00e4n tunnus: K09-93-021<\/p>\n\n\n\n<p>alkuper\u00e4: Carson, New Mexico, USA, 3 000 m.m.p.y. 37 00&#8242; x 106 00&#8242;<br><br>Aristatam\u00e4nty (engl. Fox Tail Pine tai Bristlecone Pine) kasvaa etel\u00e4isten Kalliovuorten rinteiden ylimmiss\u00e4 metsik\u00f6iss\u00e4 Kaliforniasta Coloradoon saakka. Korkeimmilla (2 500- 3 500 m) kasvupaikoilla laji tekee seuraa mm.&nbsp;<em>Pinus flexilis<\/em>-lajille.<br><br>Laji on luontaisilla kasvupaikoillaan hyvin hidaskasvuinen. Nevadassa kasvaa jopa 4 700- vuotiaita puuvanhuksia, jotka ilmeisimmin ovat vanhimpia tunnettuja el\u00e4vi\u00e4 puita. Lajista k\u00e4ytet\u00e4\u00e4n toisinaan my\u00f6s nime\u00e4 revonh\u00e4nt\u00e4m\u00e4nty (engl. Fox Tail Pine), mik\u00e4 johtuu lajin ketunh\u00e4nt\u00e4\u00e4 muistuttavista tuuheista oksista, johon neulaset kiinnittyv\u00e4t koko oksaa ymp\u00e4r\u00f6iden. Puut kasvavat 5- 15 metri\u00e4 korkeiksi.<br><br>Lajia on k\u00e4ytetty koristekasvina Amerikassa sen hitaan kasvun ja tiiviin muotonsa vuoksi.<br><br>Aristatam\u00e4nnyn siemen hy\u00f6tyy lyhyest\u00e4 kylm\u00e4k\u00e4sittelyst\u00e4 30 vrk, mutta it\u00e4nee tyydytt\u00e4v\u00e4sti suoraan kylvettyn\u00e4. Kylv\u00f6s peitet\u00e4\u00e4n hiekalla siten, ett\u00e4 siemen peittyy. Ennen kylv\u00f6\u00e4 siement\u00e4 liotetaan 1-2 vrk.<\/p>\n\n\n\n<h2 class=\"wp-block-heading\">Kasvin perustiedot<\/h2>\n\n\n\n<p>SukuPinusLajiAristata<\/p>\n\n\n\n<h2 class=\"wp-block-heading\">Keywords<\/h2>\n\n\n\n<ul class=\"wp-block-list\">\n<li>Ulsike<\/li>\n\n\n\n<li>1993<\/li>\n\n\n\n<li>Pinus<\/li>\n\n\n\n<li>Pinus aristata<\/li>\n<\/ul>\n","protected":false},"excerpt":{"rendered":"<p>Ulkomaisten kasvilajien menestymistutkimuksessa eli Ulsike-projektissa laadittiin vuosien 1992-1997 koelajeista kuvaukset. T\u00e4m\u00e4n sivun tiedot koskevat siten tietty\u00e4 koesiemener\u00e4\u00e4 ja ovat saattaneet p\u00e4ivitty\u00e4 mm. Ulsike-projektista saatujen kokemusten perusteella. koe-er\u00e4n tunnus: K09-93-021 alkuper\u00e4: Carson, New Mexico, USA, 3 000 m.m.p.y. 37 00&#8242; x 106 00&#8242; Aristatam\u00e4nty (engl. Fox Tail Pine tai Bristlecone Pine) kasvaa etel\u00e4isten Kalliovuorten rinteiden ylimmiss\u00e4 [&hellip;]<\/p>\n","protected":false},"author":1,"featured_media":0,"parent":0,"menu_order":0,"comment_status":"closed","ping_status":"closed","template":"","meta":{"iawp_total_views":9,"footnotes":""},"class_list":["post-17644","page","type-page","status-publish","hentry"],"_links":{"self":[{"href":"https:\/\/mustila.fi\/en\/wp-json\/wp\/v2\/pages\/17644","targetHints":{"allow":["GET"]}}],"collection":[{"href":"https:\/\/mustila.fi\/en\/wp-json\/wp\/v2\/pages"}],"about":[{"href":"https:\/\/mustila.fi\/en\/wp-json\/wp\/v2\/types\/page"}],"author":[{"embeddable":true,"href":"https:\/\/mustila.fi\/en\/wp-json\/wp\/v2\/users\/1"}],"replies":[{"embeddable":true,"href":"https:\/\/mustila.fi\/en\/wp-json\/wp\/v2\/comments?post=17644"}],"version-history":[{"count":0,"href":"https:\/\/mustila.fi\/en\/wp-json\/wp\/v2\/pages\/17644\/revisions"}],"wp:attachment":[{"href":"https:\/\/mustila.fi\/en\/wp-json\/wp\/v2\/media?parent=17644"}],"curies":[{"name":"wp","href":"https:\/\/api.w.org\/{rel}","templated":true}]}}