{"id":17668,"date":"2023-09-26T19:52:35","date_gmt":"2023-09-26T19:52:35","guid":{"rendered":"https:\/\/mustila.fi\/?page_id=17668"},"modified":"2023-09-26T19:52:36","modified_gmt":"2023-09-26T19:52:36","slug":"ulsike-1994-49-juglans-nigra-mustajalopahkina","status":"publish","type":"page","link":"https:\/\/mustila.fi\/en\/ulsike-1994-49-juglans-nigra-mustajalopahkina\/","title":{"rendered":"Ulsike 1994: 49. Juglans nigra &#8211; mustajalop\u00e4hkin\u00e4"},"content":{"rendered":"\n<p><em><small>Ulkomaisten kasvilajien menestymistutkimuksessa eli Ulsike-projektissa laadittiin vuosien 1992-1997 koelajeista kuvaukset. T\u00e4m\u00e4n sivun tiedot koskevat siten tietty\u00e4 koesiemener\u00e4\u00e4 ja ovat saattaneet p\u00e4ivitty\u00e4 mm. Ulsike-projektista saatujen kokemusten perusteella.<\/small><\/em><\/p>\n\n\n\n<p>koe-er\u00e4n tunnus: K09-93-380<\/p>\n\n\n\n<p>alkuper\u00e4: tuntematon, Lis\u00e4ysl\u00e4hde: Chanhassen, Minnesota, USA<br><br>Pohjois-Amerikan jalop\u00e4hkin\u00e4lajeista vain amerikanjalop\u00e4hkin\u00e4 ja mustajalop\u00e4hkin\u00e4 ulottavat luontaisen levinneisyytens\u00e4 aina Kanadaan saakka. Amerikanjalop\u00e4hkin\u00e4 on yleens\u00e4 parhaiten menestynyt, kun taas mustajalop\u00e4hkin\u00e4 on etel\u00e4isempi laji, joka pohjoisimmilla luontaisilla alueillaan esiintyy Suurten J\u00e4rvien alueen etel\u00e4osissa. Sit\u00e4 on maassamme vain joitain kappaleita.<br><br>Mustajalop\u00e4hkin\u00e4 on jalop\u00e4hkin\u00e4lajeista kaikkein pitk\u00e4ik\u00e4isin ja suurikasvuisin. Se saavuttaa usean sadan vuoden i\u00e4n ja jopa 50 m pituuden. Viljeltyn\u00e4 se usein j\u00e4\u00e4 pienemm\u00e4ksi, kuitenkin 20-25 m pituiseksi.<br><br>Se on suosittu paitsi koristeellisuutensa, my\u00f6s eritt\u00e4in arvokkaan puuaineensa vuoksi. Sen puuaines (engl. walnut) eli p\u00e4hkin\u00e4puu on arvostettua mm. huonekaluteollisuudessa. Yhdysvalloissa puita jopa kaadetaan salaa rungoista maksettavan huippuhinnan vuoksi.<br><br>Mustajalop\u00e4hkin\u00e4 on nuorena pystykasvuinen, eik\u00e4 se haaraudu helposti kuten muut jalop\u00e4hkin\u00e4lajit, vaan s\u00e4ilytt\u00e4\u00e4 ylv\u00e4\u00e4n runkomaisen olemuksen my\u00f6s vanhana. Sen lehdet ovat pienemm\u00e4t kuin muilla jalop\u00e4hkin\u00e4lajeilla, noin 50 cm pitk\u00e4t. Lehdill\u00e4 ei ole erityist\u00e4 syysv\u00e4ri\u00e4. Mustajalop\u00e4hkin\u00e4n hedelm\u00e4 on sy\u00f6t\u00e4v\u00e4, hyvin paksukuorinen l\u00e4hes py\u00f6re\u00e4 p\u00e4hkin\u00e4.<br><br>Mustajalop\u00e4hkin\u00e4 menestynee ainoastaan maan etel\u00e4isimmiss\u00e4 osissa. Menestyess\u00e4\u00e4nkin se j\u00e4\u00e4nee meill\u00e4 pieneksi puuksi. Siemenet on ker\u00e4tty useista vanhoista istutuksista Chanhassenista aivan luontaisen kasvualueen ulkopuolelta. Puuryhmien kasvurytmiss\u00e4 oli havaittavissa hyvin suuria eroja. T\u00e4m\u00e4 antaa aiheen odottaa, ett\u00e4 ker\u00e4tyist\u00e4 siemenist\u00e4 syntyisi varsin kest\u00e4vi\u00e4kin yksil\u00f6it\u00e4.<br><br>Mustajalop\u00e4hkin\u00e4n siemen tarvitsee kylm\u00e4k\u00e4sittelyn it\u00e4\u00e4kseen. N\u00e4inollen siemener\u00e4 it\u00e4nee kylv\u00f6\u00e4 seuraavana kev\u00e4\u00e4n\u00e4.<\/p>\n\n\n\n<h2 class=\"wp-block-heading\">Kasvin perustiedot<\/h2>\n\n\n\n<p>SukuJuglansLajiNigra<\/p>\n\n\n\n<h2 class=\"wp-block-heading\">Keywords<\/h2>\n\n\n\n<ul class=\"wp-block-list\">\n<li>Ulsike<\/li>\n\n\n\n<li>1994<\/li>\n\n\n\n<li>Juglans<\/li>\n\n\n\n<li>Juglans nigra<\/li>\n<\/ul>\n","protected":false},"excerpt":{"rendered":"<p>Ulkomaisten kasvilajien menestymistutkimuksessa eli Ulsike-projektissa laadittiin vuosien 1992-1997 koelajeista kuvaukset. T\u00e4m\u00e4n sivun tiedot koskevat siten tietty\u00e4 koesiemener\u00e4\u00e4 ja ovat saattaneet p\u00e4ivitty\u00e4 mm. Ulsike-projektista saatujen kokemusten perusteella. koe-er\u00e4n tunnus: K09-93-380 alkuper\u00e4: tuntematon, Lis\u00e4ysl\u00e4hde: Chanhassen, Minnesota, USA Pohjois-Amerikan jalop\u00e4hkin\u00e4lajeista vain amerikanjalop\u00e4hkin\u00e4 ja mustajalop\u00e4hkin\u00e4 ulottavat luontaisen levinneisyytens\u00e4 aina Kanadaan saakka. Amerikanjalop\u00e4hkin\u00e4 on yleens\u00e4 parhaiten menestynyt, kun taas mustajalop\u00e4hkin\u00e4 [&hellip;]<\/p>\n","protected":false},"author":1,"featured_media":0,"parent":0,"menu_order":0,"comment_status":"closed","ping_status":"closed","template":"","meta":{"iawp_total_views":23,"footnotes":""},"class_list":["post-17668","page","type-page","status-publish","hentry"],"_links":{"self":[{"href":"https:\/\/mustila.fi\/en\/wp-json\/wp\/v2\/pages\/17668","targetHints":{"allow":["GET"]}}],"collection":[{"href":"https:\/\/mustila.fi\/en\/wp-json\/wp\/v2\/pages"}],"about":[{"href":"https:\/\/mustila.fi\/en\/wp-json\/wp\/v2\/types\/page"}],"author":[{"embeddable":true,"href":"https:\/\/mustila.fi\/en\/wp-json\/wp\/v2\/users\/1"}],"replies":[{"embeddable":true,"href":"https:\/\/mustila.fi\/en\/wp-json\/wp\/v2\/comments?post=17668"}],"version-history":[{"count":0,"href":"https:\/\/mustila.fi\/en\/wp-json\/wp\/v2\/pages\/17668\/revisions"}],"wp:attachment":[{"href":"https:\/\/mustila.fi\/en\/wp-json\/wp\/v2\/media?parent=17668"}],"curies":[{"name":"wp","href":"https:\/\/api.w.org\/{rel}","templated":true}]}}