{"id":17672,"date":"2023-09-26T19:54:23","date_gmt":"2023-09-26T19:54:23","guid":{"rendered":"https:\/\/mustila.fi\/?page_id=17672"},"modified":"2023-09-26T19:54:24","modified_gmt":"2023-09-26T19:54:24","slug":"ulsike-1994-50-juniperus-virginiana-kynakataja","status":"publish","type":"page","link":"https:\/\/mustila.fi\/en\/ulsike-1994-50-juniperus-virginiana-kynakataja\/","title":{"rendered":"Ulsike 1994: 50. Juniperus virginiana &#8211; kyn\u00e4kataja"},"content":{"rendered":"\n<p><em><small>Ulkomaisten kasvilajien menestymistutkimuksessa eli Ulsike-projektissa laadittiin vuosien 1992-1997 koelajeista kuvaukset. T\u00e4m\u00e4n sivun tiedot koskevat siten tietty\u00e4 koesiemener\u00e4\u00e4 ja ovat saattaneet p\u00e4ivitty\u00e4 mm. Ulsike-projektista saatujen kokemusten perusteella.<\/small><\/em><\/p>\n\n\n\n<p>koe-er\u00e4n tunnus: K09-93-259<\/p>\n\n\n\n<p>alkuper\u00e4: Chanhassen, Minnesota, USA<br><br>Kyn\u00e4kataja on yksi Pohjois-Amerikan yli kymmenest\u00e4 luonnonvaraisesta katajalajista. Se on kotoisin USA:n it\u00e4osista ja on melko etel\u00e4inen laji, jonka luontainen pohjoisraja on Suurten j\u00e4rvien alueen etel\u00e4osissa.<br><br>Kyn\u00e4kataja on muunteleva laji kuten meid\u00e4n oma katajammekin. N\u00e4inollen se saattaa esiinty\u00e4 pensasmaisena tai puumaisena luontaisesti. Suurimmat puumaiset yksil\u00f6t saattavat ylt\u00e4\u00e4 jopa 18 m pituuteen kotiseudullaan.<br><br>Kyn\u00e4kataja on harvinainen puhtaana lajina viljeltyn\u00e4. Siit\u00e4 on jalostettu lukemattomia lajikkeita, esim. meillekin tuttu, j\u00e4ykk\u00e4 mutta kankea kapeakasvuinen &#8216;Sky Rocket&#8217;, joka tosin nyky\u00e4\u00e4n mainitaan er\u00e4\u00e4n toisen lajin (<em>J. scopulorum)<\/em>&nbsp;yhteydess\u00e4. Kyn\u00e4katajan nuoret lehdet ovat neulasenomaisia mutta muuttuvat vanhemmiten suomumaisiksi kuten esim. tuijalajeilla. Ne ovat v\u00e4rilt\u00e4\u00e4n tummanvihreit\u00e4. Laji on yleens\u00e4 kaksikotinen, joten &#8216;marjojen&#8217; syntymiseen edellytet\u00e4\u00e4n sek\u00e4 emi- ett\u00e4 hedeyksil\u00f6it\u00e4. Hedepuiden sanotaan olevan kev\u00e4isin oudon n\u00e4k\u00f6isi\u00e4 kellert\u00e4v\u00e4n siitep\u00f6lyn peitt\u00e4ess\u00e4 niiden oksia.<br><br>Katajan marja on kasvitieteellisesti mehev\u00e4 k\u00e4py. Kyn\u00e4katajan k\u00e4vyt ovat kooltaan ja v\u00e4ritykselt\u00e4\u00e4n meik\u00e4l\u00e4isen katajan k\u00e4pyjen kaltaisia.<br><br>Kyn\u00e4katajan siemen it\u00e4\u00e4 saatuaan kylm\u00e4k\u00e4sittelyn. Siemener\u00e4 tulisi kylv\u00e4\u00e4 syksyll\u00e4, jolloin siemen it\u00e4\u00e4 kylv\u00f6\u00e4 seuraavana kev\u00e4\u00e4n\u00e4. T\u00e4m\u00e4 siemener\u00e4 on ker\u00e4tty lajin luontaisen kasvualueen \u00e4\u00e4rimm\u00e4isest\u00e4 luoteisosasta luonnonvaraisista kasveista ja edustanee parasta mahdollista kantaa meid\u00e4n kasvuolosuhteisiimme.<br><br>Kyn\u00e4kataja viihtyy monenlaisilla kasvualustoilla kuivista, ohuthumuksisista maista aina kosteisiin, kunhan maa ei ole liian raskas ja huonosti l\u00e4p\u00e4isev\u00e4. Se karttaa kalkkirikkaita maita. Varjossa se ei menesty, vaan vaatii valoisan kasvupaikan. T\u00e4ll\u00f6in se saattaa olla arka kuivattavalle kev\u00e4ttalven paahteelle. Kyn\u00e4kataja menestynee meill\u00e4 ainakin I-II vy\u00f6hykkeill\u00e4.<br><br>USA:ssa sit\u00e4 pidet\u00e4\u00e4n hyvin kest\u00e4v\u00e4n\u00e4, mik\u00e4 antaa toiveita viljelyn onnistumiselle pohjoisemmassakin.<\/p>\n\n\n\n<h2 class=\"wp-block-heading\">Kasvin perustiedot<\/h2>\n\n\n\n<p>SukuJuniperusLajiVirginiana<\/p>\n\n\n\n<h2 class=\"wp-block-heading\">Keywords<\/h2>\n\n\n\n<ul class=\"wp-block-list\">\n<li>Ulsike<\/li>\n\n\n\n<li>1994<\/li>\n\n\n\n<li>Juniperus<\/li>\n\n\n\n<li>Juniperus virginiana<\/li>\n<\/ul>\n","protected":false},"excerpt":{"rendered":"<p>Ulkomaisten kasvilajien menestymistutkimuksessa eli Ulsike-projektissa laadittiin vuosien 1992-1997 koelajeista kuvaukset. T\u00e4m\u00e4n sivun tiedot koskevat siten tietty\u00e4 koesiemener\u00e4\u00e4 ja ovat saattaneet p\u00e4ivitty\u00e4 mm. Ulsike-projektista saatujen kokemusten perusteella. koe-er\u00e4n tunnus: K09-93-259 alkuper\u00e4: Chanhassen, Minnesota, USA Kyn\u00e4kataja on yksi Pohjois-Amerikan yli kymmenest\u00e4 luonnonvaraisesta katajalajista. Se on kotoisin USA:n it\u00e4osista ja on melko etel\u00e4inen laji, jonka luontainen pohjoisraja on [&hellip;]<\/p>\n","protected":false},"author":1,"featured_media":0,"parent":0,"menu_order":0,"comment_status":"closed","ping_status":"closed","template":"","meta":{"iawp_total_views":31,"footnotes":""},"class_list":["post-17672","page","type-page","status-publish","hentry"],"_links":{"self":[{"href":"https:\/\/mustila.fi\/en\/wp-json\/wp\/v2\/pages\/17672","targetHints":{"allow":["GET"]}}],"collection":[{"href":"https:\/\/mustila.fi\/en\/wp-json\/wp\/v2\/pages"}],"about":[{"href":"https:\/\/mustila.fi\/en\/wp-json\/wp\/v2\/types\/page"}],"author":[{"embeddable":true,"href":"https:\/\/mustila.fi\/en\/wp-json\/wp\/v2\/users\/1"}],"replies":[{"embeddable":true,"href":"https:\/\/mustila.fi\/en\/wp-json\/wp\/v2\/comments?post=17672"}],"version-history":[{"count":0,"href":"https:\/\/mustila.fi\/en\/wp-json\/wp\/v2\/pages\/17672\/revisions"}],"wp:attachment":[{"href":"https:\/\/mustila.fi\/en\/wp-json\/wp\/v2\/media?parent=17672"}],"curies":[{"name":"wp","href":"https:\/\/api.w.org\/{rel}","templated":true}]}}