{"id":17735,"date":"2023-09-26T20:07:20","date_gmt":"2023-09-26T20:07:20","guid":{"rendered":"https:\/\/mustila.fi\/?page_id=17735"},"modified":"2023-09-26T20:07:22","modified_gmt":"2023-09-26T20:07:22","slug":"ulsike-1994-61-cercis-canadensis-nuppupuu","status":"publish","type":"page","link":"https:\/\/mustila.fi\/en\/ulsike-1994-61-cercis-canadensis-nuppupuu\/","title":{"rendered":"Ulsike 1994: 61. Cercis canadensis &#8211; nuppupuu"},"content":{"rendered":"\n<p>koe-er\u00e4n tunnus: (K09-93-319 tai) K09-93-343<\/p>\n\n\n\n<p>alkuper\u00e4: tuntematon, lis\u00e4ysl\u00e4hde Chanhassen, Minnesota, USA<br><br>Nuppupuu on pieni, nopeakasvuinen puu, jonka luontainen levinneisyysalue ulottuu pohjoisessa Suurten j\u00e4rvien alueen etel\u00e4osiin. Se hakeutuu harvalukuisena useiden mets\u00e4tyyppien kentt\u00e4kerrokseen j\u00e4\u00e4den alispuuksi. Yleens\u00e4 sit\u00e4 tavataan kalkkirikkailla alueilla ja se karttaa happamia kasvupaikkoja.<br><br>Legendan mukaan Juudas Iskariot hirtt\u00e4ytyi er\u00e4\u00e4seen t\u00e4m\u00e4n lajin sukulaispuuhun (<em>C. siliquastrum<\/em>) ja puun kukinta muuttui t\u00e4st\u00e4 toimenpiteest\u00e4 punaiseksi.<br><br>Nuppupuu on er\u00e4s kaikkein koristeellisimpia pieni\u00e4 puita. Se kukkii nimitt\u00e4in ennen lehtimist\u00e4 purppuranpunaisin kukin. Yleens\u00e4 kukinta on hyvin runsas ja puu on aivan t\u00e4ynn\u00e4 kukkia noin viikon ajan, kunnes lehtien puhkeaminen saa kukat varisemaan. Se mainitaan erinomaiseksi mesikasviksi, jossa mehil\u00e4iset vierailevat mielell\u00e4\u00e4n.<br><br>Laji on nopeakasvuinen ja lyhytik\u00e4inen puu. Se saavuttaa suurimmillaan 10 metrin pituuden, mutta j\u00e4\u00e4 usein 3-4 metrin mittaiseksi. Kotiseudullaan se on kauneimmillaan saadessaan runsaasti valoa, mutta saattaa pohjoisempana viljeltyn\u00e4 olla arka aivan avoimilla kasvupaikoilla. Se ei sied\u00e4 seisovaa vett\u00e4, vaan viihtyy parhaimmilla lehtomailla. Kotiseudullaan t\u00e4m\u00e4 typensitojakasvi tyytyy vaatimattomimpiin kasvuolosuhteisiin, kunhan maaper\u00e4 ei o!e liian hapan.<br><br>Nuppupuu on ilmeisen arka ajatellen meid\u00e4n kasvukautemme pituutta ja sen menestyminen maamme etel\u00e4isiss\u00e4 oloissa suojatuilla paikoilla olisi iloinen yll\u00e4tys.<br><br>T\u00e4m\u00e4n lajin siemenen it\u00e4mist\u00e4 est\u00e4\u00e4 kova, vett\u00e4l\u00e4p\u00e4isem\u00e4t\u00f6n siemenkuori sek\u00e4 alkionsis\u00e4inen lepotila. Siemen saatetaan it\u00e4v\u00e4\u00e4n tilaan liottamalla sit\u00e4 vedess\u00e4. Noin vuorokaudessa siemen turpoaa, jonka j\u00e4lkeen se siirret\u00e4\u00e4n kylm\u00e4k\u00e4sittelyyn esim. j\u00e4\u00e4kaappiin tai vastaaviin olosuhteisiin n. kuukauden ajaksi. Kylm\u00e4k\u00e4sittelyss\u00e4 siemen tulee sekoittaa kosteaan v\u00e4liaineeseen, esim. turvehiekkaseokseen. K\u00e4sittelyn j\u00e4lkeen siemen kylvet\u00e4\u00e4n, jolloin se it\u00e4\u00e4 suotuisissa olosuhteissa 1-2 viikossa.<\/p>\n\n\n\n<h2 class=\"wp-block-heading\">Kasvin perustiedot<\/h2>\n\n\n\n<p>SukuCercisLajiCanadensis<\/p>\n\n\n\n<h2 class=\"wp-block-heading\">Keywords<\/h2>\n\n\n\n<ul class=\"wp-block-list\">\n<li>Ulsike<\/li>\n\n\n\n<li>1994<\/li>\n\n\n\n<li>Cercis<\/li>\n\n\n\n<li>Cercis canadensis<\/li>\n<\/ul>\n","protected":false},"excerpt":{"rendered":"<p>koe-er\u00e4n tunnus: (K09-93-319 tai) K09-93-343 alkuper\u00e4: tuntematon, lis\u00e4ysl\u00e4hde Chanhassen, Minnesota, USA Nuppupuu on pieni, nopeakasvuinen puu, jonka luontainen levinneisyysalue ulottuu pohjoisessa Suurten j\u00e4rvien alueen etel\u00e4osiin. Se hakeutuu harvalukuisena useiden mets\u00e4tyyppien kentt\u00e4kerrokseen j\u00e4\u00e4den alispuuksi. Yleens\u00e4 sit\u00e4 tavataan kalkkirikkailla alueilla ja se karttaa happamia kasvupaikkoja. Legendan mukaan Juudas Iskariot hirtt\u00e4ytyi er\u00e4\u00e4seen t\u00e4m\u00e4n lajin sukulaispuuhun (C. siliquastrum) ja [&hellip;]<\/p>\n","protected":false},"author":1,"featured_media":0,"parent":0,"menu_order":0,"comment_status":"closed","ping_status":"closed","template":"","meta":{"iawp_total_views":47,"footnotes":""},"class_list":["post-17735","page","type-page","status-publish","hentry"],"_links":{"self":[{"href":"https:\/\/mustila.fi\/en\/wp-json\/wp\/v2\/pages\/17735","targetHints":{"allow":["GET"]}}],"collection":[{"href":"https:\/\/mustila.fi\/en\/wp-json\/wp\/v2\/pages"}],"about":[{"href":"https:\/\/mustila.fi\/en\/wp-json\/wp\/v2\/types\/page"}],"author":[{"embeddable":true,"href":"https:\/\/mustila.fi\/en\/wp-json\/wp\/v2\/users\/1"}],"replies":[{"embeddable":true,"href":"https:\/\/mustila.fi\/en\/wp-json\/wp\/v2\/comments?post=17735"}],"version-history":[{"count":0,"href":"https:\/\/mustila.fi\/en\/wp-json\/wp\/v2\/pages\/17735\/revisions"}],"wp:attachment":[{"href":"https:\/\/mustila.fi\/en\/wp-json\/wp\/v2\/media?parent=17735"}],"curies":[{"name":"wp","href":"https:\/\/api.w.org\/{rel}","templated":true}]}}