{"id":17737,"date":"2023-09-26T20:08:34","date_gmt":"2023-09-26T20:08:34","guid":{"rendered":"https:\/\/mustila.fi\/?page_id=17737"},"modified":"2023-09-26T20:08:36","modified_gmt":"2023-09-26T20:08:36","slug":"ulsike-1994-62-crataegus-grus-galli-kannusorapihlaja","status":"publish","type":"page","link":"https:\/\/mustila.fi\/en\/ulsike-1994-62-crataegus-grus-galli-kannusorapihlaja\/","title":{"rendered":"Ulsike 1994: 62. Crataegus grus-galli &#8211; kannusorapihlaja"},"content":{"rendered":"\n<p><em><small>Ulkomaisten kasvilajien menestymistutkimuksessa eli Ulsike-projektissa laadittiin vuosien 1992-1997 koelajeista kuvaukset. T\u00e4m\u00e4n sivun tiedot koskevat siten tietty\u00e4 koesiemener\u00e4\u00e4 ja ovat saattaneet p\u00e4ivitty\u00e4 mm. Ulsike-projektista saatujen kokemusten perusteella.<\/small><\/em><\/p>\n\n\n\n<p>koe-er\u00e4n tunnus: K09-93-355<\/p>\n\n\n\n<p>alkuper\u00e4: tuntematon, lis\u00e4ysl\u00e4hde Chanhassen, Minnesota, USA<br><br>Pohjois-Amerikasta tunnetaan kymmenitt\u00e4in orapihlajalajeja. Vain pieni osa n\u00e4ist\u00e4 on puumaisia. Kannusorapihlaja saattaa kasvaa jopa kymmenmetriseksi pieneksi puuksi, toisaalta se saattaa j\u00e4\u00e4d\u00e4 pensasmaiseksi kasvustoksi.<br><br>Kannusorapihlajalla on tihe\u00e4 oksisto jossa on runsaasti pitki\u00e4, neulamaisia okia. Se kukkii runsaan valkoisin, tuoksuvin kukin. Kannusorapihlajan syysv\u00e4ri on hyvin kaunis vaihdellen oranssin ja punaisen eri s\u00e4vyiss\u00e4. Syksyll\u00e4 kypsyv\u00e4t marjat ovat v\u00e4rilt\u00e4\u00e4n tummanpunaisia ja s\u00e4ilyv\u00e4t kasvissa pitk\u00e4lle talveen. T\u00e4t\u00e4 lajia k\u00e4ytet\u00e4\u00e4n runsaasti koristeistutuksissa kotiseudullaan. Kuten muitakin orapihlajalajeja, voidaan kannusorapihlajaa k\u00e4ytt\u00e4\u00e4 pensasaidoissa ja aidanteiss\u00e4. Alkuasukkaat ovat k\u00e4ytt\u00e4neet kannusorapihlajan pitki\u00e4 piikkej\u00e4 neuloina.<br><br>Orapihlajat ovat valoa vaativia kasveja. Kannusorapihlaja viihtyy parhaiten paikassa, jossa sen latvus saa kehitty\u00e4 vapaasti. Se on kalkinsuosija ja viihtyy huonosti happamilla mailla.<br><br>Orapihlajalajien siemen it\u00e4\u00e4 hyvin pitk\u00e4n ajan kuluessa johtuen kovasta siemenkuoresta ja kehittym\u00e4tt\u00f6m\u00e4st\u00e4 alkiosta. Alkukes\u00e4ll\u00e4 kylvetty siemen it\u00e4\u00e4 seuraavan vuoden kev\u00e4\u00e4ll\u00e4.<\/p>\n\n\n\n<h2 class=\"wp-block-heading\">Kasvin perustiedot<\/h2>\n\n\n\n<p>SukuCrataegusLajiGrus-galli<\/p>\n\n\n\n<h2 class=\"wp-block-heading\">Keywords<\/h2>\n\n\n\n<ul class=\"wp-block-list\">\n<li>Ulsike<\/li>\n\n\n\n<li>1994<\/li>\n\n\n\n<li>Crataegus<\/li>\n\n\n\n<li>Crataegus grus-galli<\/li>\n<\/ul>\n","protected":false},"excerpt":{"rendered":"<p>Ulkomaisten kasvilajien menestymistutkimuksessa eli Ulsike-projektissa laadittiin vuosien 1992-1997 koelajeista kuvaukset. T\u00e4m\u00e4n sivun tiedot koskevat siten tietty\u00e4 koesiemener\u00e4\u00e4 ja ovat saattaneet p\u00e4ivitty\u00e4 mm. Ulsike-projektista saatujen kokemusten perusteella. koe-er\u00e4n tunnus: K09-93-355 alkuper\u00e4: tuntematon, lis\u00e4ysl\u00e4hde Chanhassen, Minnesota, USA Pohjois-Amerikasta tunnetaan kymmenitt\u00e4in orapihlajalajeja. Vain pieni osa n\u00e4ist\u00e4 on puumaisia. Kannusorapihlaja saattaa kasvaa jopa kymmenmetriseksi pieneksi puuksi, toisaalta se saattaa [&hellip;]<\/p>\n","protected":false},"author":1,"featured_media":0,"parent":0,"menu_order":0,"comment_status":"closed","ping_status":"closed","template":"","meta":{"iawp_total_views":0,"footnotes":""},"class_list":["post-17737","page","type-page","status-publish","hentry"],"_links":{"self":[{"href":"https:\/\/mustila.fi\/en\/wp-json\/wp\/v2\/pages\/17737","targetHints":{"allow":["GET"]}}],"collection":[{"href":"https:\/\/mustila.fi\/en\/wp-json\/wp\/v2\/pages"}],"about":[{"href":"https:\/\/mustila.fi\/en\/wp-json\/wp\/v2\/types\/page"}],"author":[{"embeddable":true,"href":"https:\/\/mustila.fi\/en\/wp-json\/wp\/v2\/users\/1"}],"replies":[{"embeddable":true,"href":"https:\/\/mustila.fi\/en\/wp-json\/wp\/v2\/comments?post=17737"}],"version-history":[{"count":0,"href":"https:\/\/mustila.fi\/en\/wp-json\/wp\/v2\/pages\/17737\/revisions"}],"wp:attachment":[{"href":"https:\/\/mustila.fi\/en\/wp-json\/wp\/v2\/media?parent=17737"}],"curies":[{"name":"wp","href":"https:\/\/api.w.org\/{rel}","templated":true}]}}