{"id":17741,"date":"2023-09-26T20:11:33","date_gmt":"2023-09-26T20:11:33","guid":{"rendered":"https:\/\/mustila.fi\/?page_id=17741"},"modified":"2023-09-26T20:11:34","modified_gmt":"2023-09-26T20:11:34","slug":"ulsike-1994-64-fraxinus-nigra-mustasaarni","status":"publish","type":"page","link":"https:\/\/mustila.fi\/en\/ulsike-1994-64-fraxinus-nigra-mustasaarni\/","title":{"rendered":"Ulsike 1994: 64. Fraxinus nigra &#8211; mustasaarni"},"content":{"rendered":"\n<p><em><small>Ulkomaisten kasvilajien menestymistutkimuksessa eli Ulsike-projektissa laadittiin vuosien 1992-1997 koelajeista kuvaukset. T\u00e4m\u00e4n sivun tiedot koskevat siten tietty\u00e4 koesiemener\u00e4\u00e4 ja ovat saattaneet p\u00e4ivitty\u00e4 mm. Ulsike-projektista saatujen kokemusten perusteella.<\/small><\/em><\/p>\n\n\n\n<p>koe-er\u00e4n tunnus: K09-93-214<\/p>\n\n\n\n<p>alkuper\u00e4: Thunder Bay, Ontario<br><br>Pohjois-Amerikan useista luonnonvaraisista saarnilajeista mustasaarni on kaikkein pohjoisin. Sen luontainen levinneisyysalue ulottuu pitk\u00e4lle Suurten j\u00e4rvien pohjoispuolelle, mutta se ei ulotu yht\u00e4 kauas l\u00e4nteen kuin hyvin mantereisia oloja kest\u00e4v\u00e4ll\u00e4 punasaarnella.<br><br>Mustasaarni on suorarunkoinen, 10-20 m pitk\u00e4 kapealatvuksinen puu. Sill\u00e4 ei ole erityist\u00e4 syysv\u00e4ri\u00e4 eiv\u00e4tk\u00e4 lehdet ole mainittavasti muiden saarnilajien lehdist\u00e4 poikkeavia.<br><br>T\u00e4m\u00e4n lajin kiintoisin ominaisuus onkin sen kasvupaikka: Se menestyy yll\u00e4tt\u00e4v\u00e4n kosteilla kasvupaikoilla, jopa l\u00e4hes seisovan veden alueilla. Sen juuristo siet\u00e4\u00e4 hyvin kylm\u00e4\u00e4 ja m\u00e4rk\u00e4\u00e4 savimaata. Mustasaarni on my\u00f6s sopeutuva maan happamuuteen n\u00e4hden. Lis\u00e4ksi sen pakkasenkesto-ominaisuudet ovat erinomaiset.<br><br>T\u00e4m\u00e4n lajin siemen on syv\u00e4ss\u00e4 lepotilassa ja kylvettyn\u00e4 loppukes\u00e4st\u00e4 ulos siemen it\u00e4nee kylv\u00f6\u00e4 seuraavana kev\u00e4\u00e4n\u00e4. Ennen kylv\u00f6\u00e4 voidaan siement\u00e4 liottaa 2 vrk tai kunnes se alkaa v\u00e4rj\u00e4\u00e4m\u00e4\u00e4n vett\u00e4. Laji on eritt\u00e4in kiinnostava ja siit\u00e4 tulisikin hankkia lis\u00e4\u00e4 koemateriaalia my\u00f6s sen levinneisyysalueen koillisreunalta.<br><br>&nbsp;<\/p>\n\n\n\n<h2 class=\"wp-block-heading\">Kasvin perustiedot<\/h2>\n\n\n\n<p>SukuFraxinusLajiNigra<\/p>\n\n\n\n<h2 class=\"wp-block-heading\">Keywords<\/h2>\n\n\n\n<ul class=\"wp-block-list\">\n<li>Ulsike<\/li>\n\n\n\n<li>1994<\/li>\n\n\n\n<li>Fraxinus<\/li>\n\n\n\n<li>Fraxinus nigra<\/li>\n<\/ul>\n","protected":false},"excerpt":{"rendered":"<p>Ulkomaisten kasvilajien menestymistutkimuksessa eli Ulsike-projektissa laadittiin vuosien 1992-1997 koelajeista kuvaukset. T\u00e4m\u00e4n sivun tiedot koskevat siten tietty\u00e4 koesiemener\u00e4\u00e4 ja ovat saattaneet p\u00e4ivitty\u00e4 mm. Ulsike-projektista saatujen kokemusten perusteella. koe-er\u00e4n tunnus: K09-93-214 alkuper\u00e4: Thunder Bay, Ontario Pohjois-Amerikan useista luonnonvaraisista saarnilajeista mustasaarni on kaikkein pohjoisin. Sen luontainen levinneisyysalue ulottuu pitk\u00e4lle Suurten j\u00e4rvien pohjoispuolelle, mutta se ei ulotu yht\u00e4 kauas [&hellip;]<\/p>\n","protected":false},"author":1,"featured_media":0,"parent":0,"menu_order":0,"comment_status":"closed","ping_status":"closed","template":"","meta":{"iawp_total_views":5,"footnotes":""},"class_list":["post-17741","page","type-page","status-publish","hentry"],"_links":{"self":[{"href":"https:\/\/mustila.fi\/en\/wp-json\/wp\/v2\/pages\/17741","targetHints":{"allow":["GET"]}}],"collection":[{"href":"https:\/\/mustila.fi\/en\/wp-json\/wp\/v2\/pages"}],"about":[{"href":"https:\/\/mustila.fi\/en\/wp-json\/wp\/v2\/types\/page"}],"author":[{"embeddable":true,"href":"https:\/\/mustila.fi\/en\/wp-json\/wp\/v2\/users\/1"}],"replies":[{"embeddable":true,"href":"https:\/\/mustila.fi\/en\/wp-json\/wp\/v2\/comments?post=17741"}],"version-history":[{"count":0,"href":"https:\/\/mustila.fi\/en\/wp-json\/wp\/v2\/pages\/17741\/revisions"}],"wp:attachment":[{"href":"https:\/\/mustila.fi\/en\/wp-json\/wp\/v2\/media?parent=17741"}],"curies":[{"name":"wp","href":"https:\/\/api.w.org\/{rel}","templated":true}]}}