{"id":17745,"date":"2023-09-26T20:14:04","date_gmt":"2023-09-26T20:14:04","guid":{"rendered":"https:\/\/mustila.fi\/?page_id=17745"},"modified":"2023-09-26T20:14:06","modified_gmt":"2023-09-26T20:14:06","slug":"ulsike-1994-66-quercus-mongolica-mongoliantammi","status":"publish","type":"page","link":"https:\/\/mustila.fi\/en\/ulsike-1994-66-quercus-mongolica-mongoliantammi\/","title":{"rendered":"Ulsike 1994: 66. Quercus mongolica &#8211; mongoliantammi"},"content":{"rendered":"\n<p><em><small>Ulkomaisten kasvilajien menestymistutkimuksessa eli Ulsike-projektissa laadittiin vuosien 1992-1997 koelajeista kuvaukset. T\u00e4m\u00e4n sivun tiedot koskevat siten tietty\u00e4 koesiemener\u00e4\u00e4 ja ovat saattaneet p\u00e4ivitty\u00e4 mm. Ulsike-projektista saatujen kokemusten perusteella.<\/small><\/em><\/p>\n\n\n\n<p>koe-er\u00e4n tunnus: K09-93-131<\/p>\n\n\n\n<p>alkuper\u00e4: tuntematon, lis\u00e4ysl\u00e4hde Morden, Manitoba, Kanada<br><br>Mongoliantammi on kotoisin Kaukoid\u00e4st\u00e4, tarkemmin Kiinasta sek\u00e4 Japanin pohjoisosista. Sit\u00e4 ei ole meill\u00e4 tiett\u00e4v\u00e4sti viljelty, mutta se on on menestynyt mainiosti Kanadassa viljeltyn\u00e4 ja sen luontaisten alueiden kasvuolosuhteet antavat toiveita sen menestymisest\u00e4 my\u00f6s meill\u00e4.<br><br>Mongoliantammi on nopeakasvuinen puu, joka saavuttaa kotiseudullaan jopa 30 m. pituuden. Meill\u00e4 se j\u00e4\u00e4 varmasti pienemm\u00e4ksi. Sille on tyypillist\u00e4, ett\u00e4 lehdet puhkeavat rypp\u00e4in\u00e4 versojen p\u00e4ihin. Lehdet ovat varsin kookkaita, jopa 20 cm pituisia. Mongoliantammen hedelm\u00e4 on terho, joka on varsin pieni, vain 1\/2-2 cm.<br><br>Tammilajeille on tyypillist\u00e4 hakeutua kosteille, syv\u00e4multaisille kasvupaikoille, mutta monet lajit menestyv\u00e4t my\u00f6s kuivemmassa ymp\u00e4rist\u00f6ss\u00e4. Mongoliantammen esiintymisalueella on varsin mantereisia alueita, jolloin voitaisiin ajatella, ett\u00e4 se meik\u00e4l\u00e4isen mets\u00e4tammen tapaan viihtyisi my\u00f6s vaatimattomilla kasvualustoilla &#8211; kasvun kustannuksella.<br><br>Siemen it\u00e4\u00e4 v\u00e4litt\u00f6m\u00e4sti kylv\u00f6n j\u00e4lkeen. Kylv\u00f6 tulisi tehd\u00e4 alustalle, jossa kasvusyvyys on riitt\u00e4v\u00e4 tammien usein voimakkaalle paalujuurelle. Tammet tulisi siirt\u00e4\u00e4 lopulliselle kasvupaikoilleen varhaisessa vaiheessa.<\/p>\n\n\n\n<h2 class=\"wp-block-heading\">Kasvin perustiedot<\/h2>\n\n\n\n<p>SukuQuercusLajiMongolica<\/p>\n\n\n\n<h2 class=\"wp-block-heading\">Keywords<\/h2>\n\n\n\n<ul class=\"wp-block-list\">\n<li>Ulsike<\/li>\n\n\n\n<li>1994<\/li>\n\n\n\n<li>Quercus mongolica<\/li>\n<\/ul>\n","protected":false},"excerpt":{"rendered":"<p>Ulkomaisten kasvilajien menestymistutkimuksessa eli Ulsike-projektissa laadittiin vuosien 1992-1997 koelajeista kuvaukset. T\u00e4m\u00e4n sivun tiedot koskevat siten tietty\u00e4 koesiemener\u00e4\u00e4 ja ovat saattaneet p\u00e4ivitty\u00e4 mm. Ulsike-projektista saatujen kokemusten perusteella. koe-er\u00e4n tunnus: K09-93-131 alkuper\u00e4: tuntematon, lis\u00e4ysl\u00e4hde Morden, Manitoba, Kanada Mongoliantammi on kotoisin Kaukoid\u00e4st\u00e4, tarkemmin Kiinasta sek\u00e4 Japanin pohjoisosista. Sit\u00e4 ei ole meill\u00e4 tiett\u00e4v\u00e4sti viljelty, mutta se on on menestynyt [&hellip;]<\/p>\n","protected":false},"author":1,"featured_media":0,"parent":0,"menu_order":0,"comment_status":"closed","ping_status":"closed","template":"","meta":{"iawp_total_views":6,"footnotes":""},"class_list":["post-17745","page","type-page","status-publish","hentry"],"_links":{"self":[{"href":"https:\/\/mustila.fi\/en\/wp-json\/wp\/v2\/pages\/17745","targetHints":{"allow":["GET"]}}],"collection":[{"href":"https:\/\/mustila.fi\/en\/wp-json\/wp\/v2\/pages"}],"about":[{"href":"https:\/\/mustila.fi\/en\/wp-json\/wp\/v2\/types\/page"}],"author":[{"embeddable":true,"href":"https:\/\/mustila.fi\/en\/wp-json\/wp\/v2\/users\/1"}],"replies":[{"embeddable":true,"href":"https:\/\/mustila.fi\/en\/wp-json\/wp\/v2\/comments?post=17745"}],"version-history":[{"count":0,"href":"https:\/\/mustila.fi\/en\/wp-json\/wp\/v2\/pages\/17745\/revisions"}],"wp:attachment":[{"href":"https:\/\/mustila.fi\/en\/wp-json\/wp\/v2\/media?parent=17745"}],"curies":[{"name":"wp","href":"https:\/\/api.w.org\/{rel}","templated":true}]}}