{"id":17821,"date":"2023-09-27T07:21:20","date_gmt":"2023-09-27T07:21:20","guid":{"rendered":"https:\/\/mustila.fi\/?page_id=17821"},"modified":"2024-02-22T13:04:05","modified_gmt":"2024-02-22T13:04:05","slug":"ulsike-1995-69-abies-holophylla-ussurinpihta","status":"publish","type":"page","link":"https:\/\/mustila.fi\/en\/ulsike-1995-69-abies-holophylla-ussurinpihta\/","title":{"rendered":"Ulsike 1995: 69. Abies holophylla &#8211; ussurinpihta"},"content":{"rendered":"\n<p><em><small>Ulkomaisten kasvilajien menestymistutkimuksessa eli Ulsike-projektissa laadittiin vuosien 1992-1997 koelajeista kuvaukset. T\u00e4m\u00e4n sivun tiedot koskevat siten tietty\u00e4 koesiemener\u00e4\u00e4 ja ovat saattaneet p\u00e4ivitty\u00e4 mm. Ulsike-projektista saatujen kokemusten perusteella.<\/small><\/em><\/p>\n\n\n\n<p>koe-er\u00e4n tunnus: K09-95-051<\/p>\n\n\n\n<p>alkuper\u00e4: Vladivostok, Ven\u00e4j\u00e4<\/p>\n\n\n\n<p>Ussurinpihta on lupaavista yksitt\u00e4isist\u00e4 kokeiluista huolimatta j\u00e4\u00e4nyt hyvin harvinaiseksi meill\u00e4 Suomessa. Kest\u00e4vi\u00e4 ja komeita yksil\u00f6it\u00e4 l\u00f6ytyy mm. Mustilan arboretumista sek\u00e4 komeana metsikk\u00f6n\u00e4 Bromarvin Solb\u00f6less\u00e4.<\/p>\n\n\n\n<p>Ussurinpihdan puuaines on purppurapihdan ja harmaapihdan tavoin muita pihtoja tummempaa sek\u00e4 hieman kovempaa ja raskaampaa.<\/p>\n\n\n\n<p>Laji kasvaa luontaisesti Koreassa, It\u00e4-Mantsuriassa sek\u00e4 Amurin alueen vuoristometsiss\u00e4, useimmiten sekapuuna mm. seuraavien lajien kanssa:&nbsp;<em>Tilia amurensis<\/em>,&nbsp;<em>Fraxinus mandshurica<\/em>&nbsp;sek\u00e4&nbsp;<em>Ulmus japonica<\/em>. Lajin katsotaan olevan l\u00e4heist\u00e4 sukua Japanin mets\u00e4taloudellisesti t\u00e4rkeimm\u00e4lle pihdalle: momille (<em>Abies firma<\/em>).<\/p>\n\n\n\n<p>Ussurinpihdalla on varsinkin nuorena pist\u00e4v\u00e4n ter\u00e4v\u00e4, yksik\u00e4rkinen neulanen. Neulaset ovat my\u00f6s alta helakan vihreit\u00e4. Alimmat pitk\u00e4t neulaset k\u00e4\u00e4ntyv\u00e4t kampamaisesti, ylemm\u00e4t kasvurangan neulaset puolestaan kasvavat tihein\u00e4 yl\u00f6s ja sivuille kaartuen. Runko helpeilee jo nuorena hyvin voimakkaasti eik\u00e4 sill\u00e4 ole pihdoille tyypillist\u00e4 sile\u00e4\u00e4 pihkarakkulaista kuorta.<\/p>\n\n\n\n<p>Laji it\u00e4\u00e4 melko hitaasti, mutta siemenen voi lioituksen j\u00e4lkeen kylv\u00e4\u00e4 heti.<\/p>\n\n\n\n<h2 class=\"wp-block-heading\">Kasvin perustiedot<\/h2>\n\n\n\n<p>SukuAbiesLajiHolophylla<\/p>\n\n\n\n<h2 class=\"wp-block-heading\">Keywords<\/h2>\n\n\n\n<ul class=\"wp-block-list\">\n<li>Ulsike<\/li>\n\n\n\n<li>1995<\/li>\n\n\n\n<li>Abies<\/li>\n\n\n\n<li><a href=\"https:\/\/mustila.fi\/ulsike\/1995\/69_abies_holophylla\/\">Abies holo<\/a>p<a href=\"https:\/\/mustila.fi\/ulsike\/1995\/69_abies_holophylla\/\">hylla<\/a><\/li>\n<\/ul>\n","protected":false},"excerpt":{"rendered":"<p>Ulkomaisten kasvilajien menestymistutkimuksessa eli Ulsike-projektissa laadittiin vuosien 1992-1997 koelajeista kuvaukset. T\u00e4m\u00e4n sivun tiedot koskevat siten tietty\u00e4 koesiemener\u00e4\u00e4 ja ovat saattaneet p\u00e4ivitty\u00e4 mm. Ulsike-projektista saatujen kokemusten perusteella. koe-er\u00e4n tunnus: K09-95-051 alkuper\u00e4: Vladivostok, Ven\u00e4j\u00e4 Ussurinpihta on lupaavista yksitt\u00e4isist\u00e4 kokeiluista huolimatta j\u00e4\u00e4nyt hyvin harvinaiseksi meill\u00e4 Suomessa. Kest\u00e4vi\u00e4 ja komeita yksil\u00f6it\u00e4 l\u00f6ytyy mm. Mustilan arboretumista sek\u00e4 komeana metsikk\u00f6n\u00e4 Bromarvin [&hellip;]<\/p>\n","protected":false},"author":1,"featured_media":0,"parent":0,"menu_order":0,"comment_status":"closed","ping_status":"closed","template":"","meta":{"iawp_total_views":3,"footnotes":""},"class_list":["post-17821","page","type-page","status-publish","hentry"],"_links":{"self":[{"href":"https:\/\/mustila.fi\/en\/wp-json\/wp\/v2\/pages\/17821","targetHints":{"allow":["GET"]}}],"collection":[{"href":"https:\/\/mustila.fi\/en\/wp-json\/wp\/v2\/pages"}],"about":[{"href":"https:\/\/mustila.fi\/en\/wp-json\/wp\/v2\/types\/page"}],"author":[{"embeddable":true,"href":"https:\/\/mustila.fi\/en\/wp-json\/wp\/v2\/users\/1"}],"replies":[{"embeddable":true,"href":"https:\/\/mustila.fi\/en\/wp-json\/wp\/v2\/comments?post=17821"}],"version-history":[{"count":0,"href":"https:\/\/mustila.fi\/en\/wp-json\/wp\/v2\/pages\/17821\/revisions"}],"wp:attachment":[{"href":"https:\/\/mustila.fi\/en\/wp-json\/wp\/v2\/media?parent=17821"}],"curies":[{"name":"wp","href":"https:\/\/api.w.org\/{rel}","templated":true}]}}