{"id":17828,"date":"2023-09-27T07:27:27","date_gmt":"2023-09-27T07:27:27","guid":{"rendered":"https:\/\/mustila.fi\/?page_id=17828"},"modified":"2024-02-22T13:04:54","modified_gmt":"2024-02-22T13:04:54","slug":"ulsike-1995-73-acer-triflorum-huntuvaahtera","status":"publish","type":"page","link":"https:\/\/mustila.fi\/en\/ulsike-1995-73-acer-triflorum-huntuvaahtera\/","title":{"rendered":"Ulsike 1995: 73. Acer triflorum &#8211; huntuvaahtera"},"content":{"rendered":"\n<p><em><small>Ulkomaisten kasvilajien menestymistutkimuksessa eli Ulsike-projektissa laadittiin vuosien 1992-1997 koelajeista kuvaukset. T\u00e4m\u00e4n sivun tiedot koskevat siten tietty\u00e4 koesiemener\u00e4\u00e4 ja ovat saattaneet p\u00e4ivitty\u00e4 mm. Ulsike-projektista saatujen kokemusten perusteella.<\/small><\/em><\/p>\n\n\n\n<p>koe-er\u00e4n tunnus: K09-95-059<\/p>\n\n\n\n<p>alkuper\u00e4: Pohjois-Kiina<br><br>Huntuvaahtera on kotoisin Mantsuriasta ja Korean pohjoisosista. Se kuuluu ns. kolmilehtivaahteroihin, joita tunnetaan maapallolta nelj\u00e4 lajia. Meill\u00e4 menestyvist\u00e4 kolmilehtivaahteroista huntuvaahtera on paitsi kest\u00e4vin, my\u00f6s kaunein.<br><br>Huntuvaahtera on pieni puu, joka viihtyy hyvin puolivarjossa. Se on eritt\u00e4in koristeellinen olemukseltaan, lehdilt\u00e4\u00e4n, jotka saavat kauniit keltaisen ja punaisen s\u00e4vyiset syysv\u00e4rit sek\u00e4 rungoltaan, josta vanha kuori hilseilee paljastaen kanelinruskean sisemm\u00e4n kuoren. Huntuvaahteran lehdet ovat kolmiosaiset eiv\u00e4tk\u00e4 tuo mieleen vaahteraa, vaan jonkin eksoottisemman puulajin.<br><br>Huntuvaahtera on meill\u00e4 kest\u00e4v\u00e4 ainakin II-vy\u00f6hykkeelle saakka, mutta se todenn\u00e4k\u00f6isesti viihtyy pohjoisempanakin.<br><br>T\u00e4t\u00e4 vieh\u00e4tt\u00e4v\u00e4\u00e4 lajia on viljelty meill\u00e4 jostain syyst\u00e4 hyvin v\u00e4h\u00e4n. Maan tiett\u00e4v\u00e4sti ainoa siemeni\u00e4 tuottava noin 10 yksil\u00f6n ryhm\u00e4 kasvaa Mustilassa. Se on istutettu 1930-luvun lopulla ja puut ovat nyt yli 50-vuotiaina viel\u00e4 eritt\u00e4in koristeellisia.<br><br>Huntuvaahtera mainitaan hyvin hapanta maata siet\u00e4v\u00e4ksi, jopa kalkinkarttajaksi. Se on vaatelias maan kosteuden suhteen, eik\u00e4 viihdy kuivilla kasvupaikoilla. Huntuvaahteran kovakuorinen siemen it\u00e4\u00e4 yleens\u00e4 vasta vuoden kuluttua kylv\u00f6st\u00e4. Siemen suositellaan kylvett\u00e4v\u00e4ksi heti kes\u00e4n kynnyksell\u00e4, jolloin se it\u00e4\u00e4 kylv\u00f6\u00e4 seuraavana kev\u00e4\u00e4n\u00e4. Osa siemenist\u00e4 saattaa it\u00e4\u00e4 viel\u00e4kin my\u00f6hemmin.<\/p>\n\n\n\n<h2 class=\"wp-block-heading\">Kasvin perustiedot<\/h2>\n\n\n\n<p>SukuAcerLajiTriflorum<\/p>\n\n\n\n<h2 class=\"wp-block-heading\">Keywords<\/h2>\n\n\n\n<ul class=\"wp-block-list\">\n<li>Ulsike<\/li>\n\n\n\n<li>1995<\/li>\n\n\n\n<li>Acer<\/li>\n\n\n\n<li>Acer triflorum<\/li>\n<\/ul>\n","protected":false},"excerpt":{"rendered":"<p>Ulkomaisten kasvilajien menestymistutkimuksessa eli Ulsike-projektissa laadittiin vuosien 1992-1997 koelajeista kuvaukset. T\u00e4m\u00e4n sivun tiedot koskevat siten tietty\u00e4 koesiemener\u00e4\u00e4 ja ovat saattaneet p\u00e4ivitty\u00e4 mm. Ulsike-projektista saatujen kokemusten perusteella. koe-er\u00e4n tunnus: K09-95-059 alkuper\u00e4: Pohjois-Kiina Huntuvaahtera on kotoisin Mantsuriasta ja Korean pohjoisosista. Se kuuluu ns. kolmilehtivaahteroihin, joita tunnetaan maapallolta nelj\u00e4 lajia. Meill\u00e4 menestyvist\u00e4 kolmilehtivaahteroista huntuvaahtera on paitsi kest\u00e4vin, my\u00f6s [&hellip;]<\/p>\n","protected":false},"author":1,"featured_media":0,"parent":0,"menu_order":0,"comment_status":"closed","ping_status":"closed","template":"","meta":{"iawp_total_views":7,"footnotes":""},"class_list":["post-17828","page","type-page","status-publish","hentry"],"_links":{"self":[{"href":"https:\/\/mustila.fi\/en\/wp-json\/wp\/v2\/pages\/17828","targetHints":{"allow":["GET"]}}],"collection":[{"href":"https:\/\/mustila.fi\/en\/wp-json\/wp\/v2\/pages"}],"about":[{"href":"https:\/\/mustila.fi\/en\/wp-json\/wp\/v2\/types\/page"}],"author":[{"embeddable":true,"href":"https:\/\/mustila.fi\/en\/wp-json\/wp\/v2\/users\/1"}],"replies":[{"embeddable":true,"href":"https:\/\/mustila.fi\/en\/wp-json\/wp\/v2\/comments?post=17828"}],"version-history":[{"count":0,"href":"https:\/\/mustila.fi\/en\/wp-json\/wp\/v2\/pages\/17828\/revisions"}],"wp:attachment":[{"href":"https:\/\/mustila.fi\/en\/wp-json\/wp\/v2\/media?parent=17828"}],"curies":[{"name":"wp","href":"https:\/\/api.w.org\/{rel}","templated":true}]}}