{"id":17842,"date":"2023-09-27T07:36:50","date_gmt":"2023-09-27T07:36:50","guid":{"rendered":"https:\/\/mustila.fi\/?page_id=17842"},"modified":"2024-02-22T13:06:11","modified_gmt":"2024-02-22T13:06:11","slug":"ulsike-1995-80-magnolia-kobus-japaninmagnolia","status":"publish","type":"page","link":"https:\/\/mustila.fi\/en\/ulsike-1995-80-magnolia-kobus-japaninmagnolia\/","title":{"rendered":"Ulsike 1995: 80. Magnolia kobus &#8211; japaninmagnolia"},"content":{"rendered":"\n<p><em><small>Ulkomaisten kasvilajien menestymistutkimuksessa eli Ulsike-projektissa laadittiin vuosien 1992-1997 koelajeista kuvaukset. T\u00e4m\u00e4n sivun tiedot koskevat siten tietty\u00e4 koesiemener\u00e4\u00e4 ja ovat saattaneet p\u00e4ivitty\u00e4 mm. Ulsike-projektista saatujen kokemusten perusteella.<\/small><\/em><\/p>\n\n\n\n<p>koe-er\u00e4n tunnus: K09-95-068<\/p>\n\n\n\n<p>alkuper\u00e4: tuntematon<br><br>Japaninmagnolia on kotoisin Japanista, ja sen on todettu olevan meill\u00e4 kest\u00e4v\u00e4. Lajia on viljelyss\u00e4 kuitenkin hyvin v\u00e4h\u00e4n sen koristeellisuudesta huolimatta, joten se on varmasti kiinnostava etsitt\u00e4ess\u00e4 lajin menestymisalueiden rajoja.<br><br>Japaninmagnolia on suuri pensas, joka saavuttaa vasta vanhana, 10-20-vuotiaana lopullisen muotonsa. Se kukkii etenkin siemenest\u00e4 lis\u00e4ttyn\u00e4 verrattain my\u00f6h\u00e4isell\u00e4 i\u00e4ll\u00e4 valkoisin kukin ennen lehtien puhkeamista. Kukat ovat miedosti tuoksuvia. Etel\u00e4isess\u00e4 Suomessa kukinta osuu vapun tienoille. T\u00e4m\u00e4 laji on meill\u00e4 kest\u00e4vimp\u00e4n\u00e4 pidetty lehdett\u00f6m\u00e4n\u00e4 kukkiva magnolialaji.<br><br>Laji on jopa 5 metri\u00e4 korkea, leve\u00e4 pensas. Lehdet eiv\u00e4t saa erityist\u00e4 syysv\u00e4ri\u00e4, mutta varisevat yleens\u00e4 pronssinhohtoisina. Japaninmagnolia siet\u00e4\u00e4 hyvin erilaisia kasvualustoja, jopa runsasta kalkkia. Magnoliat viihtyv\u00e4t my\u00f6s maaper\u00e4ss\u00e4, jossa on runsaasti maatuvaa orgaanista ainesta. Typpipitoinen, mutta hapan tammen tai vaahteran lehtikarike on magnoliaharrastajien mielest\u00e4 oivallinen maanparannusaine. Laji viihtyy parhaiten l\u00e4mpim\u00e4ll\u00e4, suojaisalla paikalla. On huolehdittava suojauksesta liian aikaista kasvuunl\u00e4ht\u00f6\u00e4 vastaan, jolloin kukinta saattaa olla vaarassa. Arkoina pidetyt lajit, kuten japaninmagnolia hy\u00f6tyv\u00e4t suojauksesta nimenomaan pohjoistuulia vastaan. Arkoja lajeja voidaan my\u00f6s kasvattaa muun kasvillisuuden suojassa, mik\u00e4li ne eiv\u00e4t varjosta viljelt\u00e4v\u00e4\u00e4 lajia liiaksi. Magnoliat eiv\u00e4t pid\u00e4 leikkaamisesta, jota pit\u00e4isi v\u00e4ltt\u00e4\u00e4.<br><br>Magnolialajien siemen ei id\u00e4 ilman pitk\u00e4\u00e4 kylm\u00e4k\u00e4sittelyjaksoa. Siemen kest\u00e4\u00e4 huonosti kuivumista, joten se suositellaan kylvett\u00e4v\u00e4ksi heti, jolloin it\u00e4minen tapahtuu p\u00e4\u00e4asiassa kylv\u00f6\u00e4 seuraavana kev\u00e4\u00e4n\u00e4 tai alkukes\u00e4ll\u00e4.<\/p>\n\n\n\n<h2 class=\"wp-block-heading\">Kasvin perustiedot<\/h2>\n\n\n\n<p>SukuMagnoliaLajiKobus<\/p>\n\n\n\n<h2 class=\"wp-block-heading\">Keywords<\/h2>\n\n\n\n<ul class=\"wp-block-list\">\n<li>Ulsike<\/li>\n\n\n\n<li>1995<\/li>\n\n\n\n<li>Magnolia<\/li>\n\n\n\n<li>Magnolia kobus<\/li>\n<\/ul>\n","protected":false},"excerpt":{"rendered":"<p>Ulkomaisten kasvilajien menestymistutkimuksessa eli Ulsike-projektissa laadittiin vuosien 1992-1997 koelajeista kuvaukset. T\u00e4m\u00e4n sivun tiedot koskevat siten tietty\u00e4 koesiemener\u00e4\u00e4 ja ovat saattaneet p\u00e4ivitty\u00e4 mm. Ulsike-projektista saatujen kokemusten perusteella. koe-er\u00e4n tunnus: K09-95-068 alkuper\u00e4: tuntematon Japaninmagnolia on kotoisin Japanista, ja sen on todettu olevan meill\u00e4 kest\u00e4v\u00e4. Lajia on viljelyss\u00e4 kuitenkin hyvin v\u00e4h\u00e4n sen koristeellisuudesta huolimatta, joten se on varmasti [&hellip;]<\/p>\n","protected":false},"author":1,"featured_media":0,"parent":0,"menu_order":0,"comment_status":"closed","ping_status":"closed","template":"","meta":{"iawp_total_views":4,"footnotes":""},"class_list":["post-17842","page","type-page","status-publish","hentry"],"_links":{"self":[{"href":"https:\/\/mustila.fi\/en\/wp-json\/wp\/v2\/pages\/17842","targetHints":{"allow":["GET"]}}],"collection":[{"href":"https:\/\/mustila.fi\/en\/wp-json\/wp\/v2\/pages"}],"about":[{"href":"https:\/\/mustila.fi\/en\/wp-json\/wp\/v2\/types\/page"}],"author":[{"embeddable":true,"href":"https:\/\/mustila.fi\/en\/wp-json\/wp\/v2\/users\/1"}],"replies":[{"embeddable":true,"href":"https:\/\/mustila.fi\/en\/wp-json\/wp\/v2\/comments?post=17842"}],"version-history":[{"count":0,"href":"https:\/\/mustila.fi\/en\/wp-json\/wp\/v2\/pages\/17842\/revisions"}],"wp:attachment":[{"href":"https:\/\/mustila.fi\/en\/wp-json\/wp\/v2\/media?parent=17842"}],"curies":[{"name":"wp","href":"https:\/\/api.w.org\/{rel}","templated":true}]}}