{"id":17848,"date":"2023-09-27T07:40:39","date_gmt":"2023-09-27T07:40:39","guid":{"rendered":"https:\/\/mustila.fi\/?page_id=17848"},"modified":"2024-02-22T13:06:37","modified_gmt":"2024-02-22T13:06:37","slug":"ulsike-1995-83-rhododendron-schlippenbachii-kuningasatsalea","status":"publish","type":"page","link":"https:\/\/mustila.fi\/en\/ulsike-1995-83-rhododendron-schlippenbachii-kuningasatsalea\/","title":{"rendered":"Ulsike 1995: 83. Rhododendron schlippenbachii &#8211; kuningasatsalea"},"content":{"rendered":"\n<p><em><small>Ulkomaisten kasvilajien menestymistutkimuksessa eli Ulsike-projektissa laadittiin vuosien 1992-1997 koelajeista kuvaukset. T\u00e4m\u00e4n sivun tiedot koskevat siten tietty\u00e4 koesiemener\u00e4\u00e4 ja ovat saattaneet p\u00e4ivitty\u00e4 mm. Ulsike-projektista saatujen kokemusten perusteella.<\/small><\/em><\/p>\n\n\n\n<p>koe-er\u00e4n tunnus: K09-95-006<\/p>\n\n\n\n<p>alkuper\u00e4: Vladivostok, Ven\u00e4j\u00e4<\/p>\n\n\n\n<p>Kuningasatsalea on kotoisin Korean pohjoisosista ja Kiinasta. Se l\u00f6ydettiin noin 100 vuotta sitten ja saavutti heti suuren suosion ymp\u00e4ri maailman.&nbsp;<\/p>\n\n\n\n<p>Kuningasatsalea on yksi kaikkein kauneimmista atsalealajeista. Se on noin metrin korkuinen pensas, joka kukkii lehtien puhkeamisen aikaan. Kukat ovat tuoksuvia ja&nbsp;ruusunpunaisia.<\/p>\n\n\n\n<p>Kuningasatsaleaa on viljelty meill\u00e4 yll\u00e4tt\u00e4v\u00e4n v\u00e4h\u00e4n. Sit\u00e4 pidet\u00e4\u00e4n verrattain arkana lajina, mutta er\u00e4\u00e4t hyvin menestyneet yksil\u00f6t antavat toiveita lajin menestymisest\u00e4 my\u00f6s II-vy\u00f6hykkeell\u00e4. Kuningasatsalea viihtyy valoisilla kasvupaikoilla ja siet\u00e4\u00e4 hyvin kuivuutta. Se ei tarvitse menesty\u00e4kseen hapanta kasvualustaa, kuten useat muut&nbsp;<em>Rhododendron<\/em>-lajit, vaan viihtyy jopa kalkkipitoisella kasvualustalla.<\/p>\n\n\n\n<p>Kuningasatsalean siemen it\u00e4\u00e4 ilman esik\u00e4sittely\u00e4. Siement\u00e4 ei peitet\u00e4. Kylv\u00f6s on pidett\u00e4v\u00e4 kosteana, jotta pienenpienet taimet eiv\u00e4t kuivu.<\/p>\n\n\n\n<h2 class=\"wp-block-heading\">Kasvin perustiedot<\/h2>\n\n\n\n<p>SukuRhododendronLajiSchlippenbachii<\/p>\n\n\n\n<h2 class=\"wp-block-heading\">Keywords<\/h2>\n\n\n\n<ul class=\"wp-block-list\">\n<li>Ulsike<\/li>\n\n\n\n<li>1995<\/li>\n\n\n\n<li>Rhododendron<\/li>\n\n\n\n<li>Rhododendron schlippenbachii<\/li>\n<\/ul>\n","protected":false},"excerpt":{"rendered":"<p>Ulkomaisten kasvilajien menestymistutkimuksessa eli Ulsike-projektissa laadittiin vuosien 1992-1997 koelajeista kuvaukset. T\u00e4m\u00e4n sivun tiedot koskevat siten tietty\u00e4 koesiemener\u00e4\u00e4 ja ovat saattaneet p\u00e4ivitty\u00e4 mm. Ulsike-projektista saatujen kokemusten perusteella. koe-er\u00e4n tunnus: K09-95-006 alkuper\u00e4: Vladivostok, Ven\u00e4j\u00e4 Kuningasatsalea on kotoisin Korean pohjoisosista ja Kiinasta. Se l\u00f6ydettiin noin 100 vuotta sitten ja saavutti heti suuren suosion ymp\u00e4ri maailman.&nbsp; Kuningasatsalea on yksi [&hellip;]<\/p>\n","protected":false},"author":1,"featured_media":0,"parent":0,"menu_order":0,"comment_status":"closed","ping_status":"closed","template":"","meta":{"iawp_total_views":2,"footnotes":""},"class_list":["post-17848","page","type-page","status-publish","hentry"],"_links":{"self":[{"href":"https:\/\/mustila.fi\/en\/wp-json\/wp\/v2\/pages\/17848","targetHints":{"allow":["GET"]}}],"collection":[{"href":"https:\/\/mustila.fi\/en\/wp-json\/wp\/v2\/pages"}],"about":[{"href":"https:\/\/mustila.fi\/en\/wp-json\/wp\/v2\/types\/page"}],"author":[{"embeddable":true,"href":"https:\/\/mustila.fi\/en\/wp-json\/wp\/v2\/users\/1"}],"replies":[{"embeddable":true,"href":"https:\/\/mustila.fi\/en\/wp-json\/wp\/v2\/comments?post=17848"}],"version-history":[{"count":0,"href":"https:\/\/mustila.fi\/en\/wp-json\/wp\/v2\/pages\/17848\/revisions"}],"wp:attachment":[{"href":"https:\/\/mustila.fi\/en\/wp-json\/wp\/v2\/media?parent=17848"}],"curies":[{"name":"wp","href":"https:\/\/api.w.org\/{rel}","templated":true}]}}