{"id":17855,"date":"2023-09-27T07:46:03","date_gmt":"2023-09-27T07:46:03","guid":{"rendered":"https:\/\/mustila.fi\/?page_id=17855"},"modified":"2023-09-27T07:46:05","modified_gmt":"2023-09-27T07:46:05","slug":"ulsike-1996-86-aralia-elata-pirunkeppi","status":"publish","type":"page","link":"https:\/\/mustila.fi\/en\/ulsike-1996-86-aralia-elata-pirunkeppi\/","title":{"rendered":"Ulsike 1996: 86. Aralia elata &#8211; pirunkeppi"},"content":{"rendered":"\n<p><em><small>Ulkomaisten kasvilajien menestymistutkimuksessa eli Ulsike-projektissa laadittiin vuosien 1992-1997 koelajeista kuvaukset. T\u00e4m\u00e4n sivun tiedot koskevat siten tietty\u00e4 koesiemener\u00e4\u00e4 ja ovat saattaneet p\u00e4ivitty\u00e4 mm. Ulsike-projektista saatujen kokemusten perusteella.<\/small><\/em><\/p>\n\n\n\n<p>koe-er\u00e4n tunnus: K09-95-284<\/p>\n\n\n\n<p>alkuper\u00e4: Sachalin, Yuzno-Sakhalinsk<\/p>\n\n\n\n<p>Pirunkeppi kuuluu ginseng-kasvien (Araliaceae) heimoon yhdess\u00e4 esimerkiksi ven\u00e4j\u00e4njuuren, (Acanthopanax senticosus), pirunnuijan (Oplopanax horridus), murattien tai heimon nimilajin ginsengin kanssa.<\/p>\n\n\n\n<p>Aralia-sukuun kuuluu noin 20 lajia, mm. subtrooppisia lajeja Malesiasta ja Australiasta. Pirunkeppi kasvaa luontaisena Koreassa, Koillis-Kiinassa, Japanissa sek\u00e4 melko pohjoisessa Amur-joen alueella.<\/p>\n\n\n\n<p>Pirunkeppi on ollut meill\u00e4 suhteellisen harvinainen puutarhojen erikoisuus, joka usein paleltuu alas kaikkein ankarimpina talvina. N\u00e4ytt\u00e4v\u00e4st\u00e4 lajista pit\u00e4isi kuitenkin l\u00f6yty\u00e4 nykyist\u00e4 kest\u00e4v\u00e4mpi\u00e4 kantoja, jotka mahdollistaisivat lajin k\u00e4yt\u00f6n viel\u00e4 Keski-Suomen l\u00e4mpimill\u00e4 kasvupaikoilla. Esimerkkin\u00e4 mainittakoon, ett\u00e4 Mustilan Etel\u00e4rinteell\u00e4 kasvaneet yksil\u00f6t ovat p\u00e4\u00e4s\u00e4\u00e4nt\u00f6isesti paleltuneet maanrajaan viimeksi 1980-luvun kylmin\u00e4 talvina.<\/p>\n\n\n\n<p>Laji on luontaisilla kasvupaikoillaan lehtimetsien kookas pensas tai jopa 15-metrinen puu, jonka runko on yleens\u00e4 huomiota her\u00e4tt\u00e4v\u00e4n piikik\u00e4s. Lajilla on n\u00e4ytt\u00e4v\u00e4t, jopa metrin pituiset liuskoittuneet lehdet. Erityisen komea laji on kukkiessaan loppukes\u00e4st\u00e4 punakeltaisin, vaalein kukin sek\u00e4 tummien marjojen kypsytty\u00e4 suurikokoisiin kukkasarjoihin. Lajilla on kotimaassaan l\u00e4\u00e4kinn\u00e4llist\u00e4 k\u00e4ytt\u00f6\u00e4 kuten ven\u00e4j\u00e4njuurelle tai ginsengill\u00e4.<\/p>\n\n\n\n<p>Hyv\u00e4 istutuspaikka pirunkepille olisi vett\u00e4l\u00e4p\u00e4isev\u00e4 humuksen- ja hiekansekainen maa l\u00e4mpim\u00e4ll\u00e4 seinustalla, miss\u00e4 my\u00f6s pensaan koristeellisuus tulee hyvin esille.<\/p>\n\n\n\n<p>Siemen vaatii l\u00e4mp\u00f6- ja kylm\u00e4k\u00e4sittelyn it\u00e4\u00e4kseen eli kylvet\u00e4\u00e4n ulos alkukes\u00e4st\u00e4 ensi kev\u00e4\u00e4n\u00e4 tapahtuvaa it\u00e4mist\u00e4 odottamaan.<br>&nbsp;<\/p>\n\n\n\n<h2 class=\"wp-block-heading\">Kasvin perustiedot<\/h2>\n\n\n\n<p>SukuAraliaLajiElata<\/p>\n\n\n\n<h2 class=\"wp-block-heading\">Keywords<\/h2>\n\n\n\n<ul class=\"wp-block-list\">\n<li>Ulsike<\/li>\n\n\n\n<li>1996<\/li>\n\n\n\n<li><a href=\"https:\/\/mustila.fi\/ulsike\/1996\/86_aralia_elata\/\">A<\/a>r<a href=\"https:\/\/mustila.fi\/ulsike\/1996\/86_aralia_elata\/\">alia<\/a><\/li>\n\n\n\n<li>Aralia elata<\/li>\n<\/ul>\n","protected":false},"excerpt":{"rendered":"<p>Ulkomaisten kasvilajien menestymistutkimuksessa eli Ulsike-projektissa laadittiin vuosien 1992-1997 koelajeista kuvaukset. T\u00e4m\u00e4n sivun tiedot koskevat siten tietty\u00e4 koesiemener\u00e4\u00e4 ja ovat saattaneet p\u00e4ivitty\u00e4 mm. Ulsike-projektista saatujen kokemusten perusteella. koe-er\u00e4n tunnus: K09-95-284 alkuper\u00e4: Sachalin, Yuzno-Sakhalinsk Pirunkeppi kuuluu ginseng-kasvien (Araliaceae) heimoon yhdess\u00e4 esimerkiksi ven\u00e4j\u00e4njuuren, (Acanthopanax senticosus), pirunnuijan (Oplopanax horridus), murattien tai heimon nimilajin ginsengin kanssa. Aralia-sukuun kuuluu noin 20 [&hellip;]<\/p>\n","protected":false},"author":1,"featured_media":0,"parent":0,"menu_order":0,"comment_status":"closed","ping_status":"closed","template":"","meta":{"iawp_total_views":12,"footnotes":""},"class_list":["post-17855","page","type-page","status-publish","hentry"],"_links":{"self":[{"href":"https:\/\/mustila.fi\/en\/wp-json\/wp\/v2\/pages\/17855","targetHints":{"allow":["GET"]}}],"collection":[{"href":"https:\/\/mustila.fi\/en\/wp-json\/wp\/v2\/pages"}],"about":[{"href":"https:\/\/mustila.fi\/en\/wp-json\/wp\/v2\/types\/page"}],"author":[{"embeddable":true,"href":"https:\/\/mustila.fi\/en\/wp-json\/wp\/v2\/users\/1"}],"replies":[{"embeddable":true,"href":"https:\/\/mustila.fi\/en\/wp-json\/wp\/v2\/comments?post=17855"}],"version-history":[{"count":0,"href":"https:\/\/mustila.fi\/en\/wp-json\/wp\/v2\/pages\/17855\/revisions"}],"wp:attachment":[{"href":"https:\/\/mustila.fi\/en\/wp-json\/wp\/v2\/media?parent=17855"}],"curies":[{"name":"wp","href":"https:\/\/api.w.org\/{rel}","templated":true}]}}