{"id":17858,"date":"2023-09-27T07:47:14","date_gmt":"2023-09-27T07:47:14","guid":{"rendered":"https:\/\/mustila.fi\/?page_id=17858"},"modified":"2023-09-27T07:47:16","modified_gmt":"2023-09-27T07:47:16","slug":"ulsike-1996-87-abies-sachalinensis-var-mayriana-sahalininpihta","status":"publish","type":"page","link":"https:\/\/mustila.fi\/en\/ulsike-1996-87-abies-sachalinensis-var-mayriana-sahalininpihta\/","title":{"rendered":"Ulsike 1996: 87. Abies sachalinensis var. mayriana &#8211; sahalininpihta"},"content":{"rendered":"\n<p><em><small>Ulkomaisten kasvilajien menestymistutkimuksessa eli Ulsike-projektissa laadittiin vuosien 1992-1997 koelajeista kuvaukset. T\u00e4m\u00e4n sivun tiedot koskevat siten tietty\u00e4 koesiemener\u00e4\u00e4 ja ovat saattaneet p\u00e4ivitty\u00e4 mm. Ulsike-projektista saatujen kokemusten perusteella.<\/small><\/em><\/p>\n\n\n\n<p>koe-er\u00e4n tunnus: K09-95-278<\/p>\n\n\n\n<p>alkuper\u00e4: Sachalin, Svobodniy<\/p>\n\n\n\n<p>Sahalininpihta on Suomessa kokeilluista pihtalajeista kenties nopeimmin kasvava. Se on 60 vuodessa parhaimmillaan kasvattanut itselleen paksun, l\u00e4hes 30-metrisen rungon.<\/p>\n\n\n\n<p>Suomeen tuodut alkuper\u00e4t ovat yleens\u00e4 olleet lajin pitk\u00e4neulasista p\u00e4\u00e4lajia, jonka havu muistuttaa japaninpihtaa, muttei ole alapuolelta yht\u00e4 vaalea ja on t\u00e4t\u00e4 tuuheampi. T\u00e4m\u00e4 koelaji on hyvin lyhytneulasinen alalaji, jonka neulaset ovat vain 1,5-2,5 cm pituisia, eli puolet p\u00e4\u00e4lajin neulasten pituudesta. Tunnistuseroja l\u00f6ytyy my\u00f6s ilmarakojuovarivien m\u00e4\u00e4r\u00e4st\u00e4 sek\u00e4 k\u00e4pysuomujen muodosta. T\u00e4ll\u00e4 alalajilla k\u00e4pyjen peitinsuomut ovat pitk\u00e4k\u00e4rkisi\u00e4 ja peitinsuomujen k\u00e4rjet taask\u00e4\u00e4nteisi\u00e4. My\u00f6s rungon kuori pysyy vanhanakin sile\u00e4n\u00e4 eik\u00e4 muutu uurteiseksi kuten p\u00e4\u00e4lajilla.<\/p>\n\n\n\n<p>Mets\u00e4ntutkimuslaitoksen Ruotsinkyl\u00e4n tutkimusasemalla on pari t\u00e4m\u00e4n alalajin yksil\u00f6\u00e4; puut ovat jo noin 25 metri\u00e4 pitki\u00e4. Laji on kasvanut hyvin my\u00f6s Aulangolla.<\/p>\n\n\n\n<p>Koelaji ei kasva luontaisena Sahalinilla, vaan saatavilla olevien tietojen mukaan Pohjois-Japanissa. Siemen on annettujen tietojen mukaan ker\u00e4tty japanilaisten Sahalinille istuttamista metsist\u00e4.<\/p>\n\n\n\n<p>Siemen kylvet\u00e4\u00e4n heti ja it\u00e4nee parissa viikossa. Esik\u00e4sittelyn\u00e4 voi k\u00e4ytt\u00e4\u00e4 p\u00e4iv\u00e4n parin liotusta.<br>&nbsp;<\/p>\n\n\n\n<h2 class=\"wp-block-heading\">Kasvin perustiedot<\/h2>\n\n\n\n<p>SukuAbiesLajiSachalinensis var. mayriana<\/p>\n\n\n\n<h2 class=\"wp-block-heading\">Keywords<\/h2>\n\n\n\n<ul class=\"wp-block-list\">\n<li>Ulsike<\/li>\n\n\n\n<li>1996<\/li>\n\n\n\n<li>Abies<\/li>\n\n\n\n<li>Abies sachalinensis var. mayriana<\/li>\n<\/ul>\n","protected":false},"excerpt":{"rendered":"<p>Ulkomaisten kasvilajien menestymistutkimuksessa eli Ulsike-projektissa laadittiin vuosien 1992-1997 koelajeista kuvaukset. T\u00e4m\u00e4n sivun tiedot koskevat siten tietty\u00e4 koesiemener\u00e4\u00e4 ja ovat saattaneet p\u00e4ivitty\u00e4 mm. Ulsike-projektista saatujen kokemusten perusteella. koe-er\u00e4n tunnus: K09-95-278 alkuper\u00e4: Sachalin, Svobodniy Sahalininpihta on Suomessa kokeilluista pihtalajeista kenties nopeimmin kasvava. Se on 60 vuodessa parhaimmillaan kasvattanut itselleen paksun, l\u00e4hes 30-metrisen rungon. Suomeen tuodut alkuper\u00e4t ovat [&hellip;]<\/p>\n","protected":false},"author":1,"featured_media":0,"parent":0,"menu_order":0,"comment_status":"closed","ping_status":"closed","template":"","meta":{"iawp_total_views":14,"footnotes":""},"class_list":["post-17858","page","type-page","status-publish","hentry"],"_links":{"self":[{"href":"https:\/\/mustila.fi\/en\/wp-json\/wp\/v2\/pages\/17858","targetHints":{"allow":["GET"]}}],"collection":[{"href":"https:\/\/mustila.fi\/en\/wp-json\/wp\/v2\/pages"}],"about":[{"href":"https:\/\/mustila.fi\/en\/wp-json\/wp\/v2\/types\/page"}],"author":[{"embeddable":true,"href":"https:\/\/mustila.fi\/en\/wp-json\/wp\/v2\/users\/1"}],"replies":[{"embeddable":true,"href":"https:\/\/mustila.fi\/en\/wp-json\/wp\/v2\/comments?post=17858"}],"version-history":[{"count":0,"href":"https:\/\/mustila.fi\/en\/wp-json\/wp\/v2\/pages\/17858\/revisions"}],"wp:attachment":[{"href":"https:\/\/mustila.fi\/en\/wp-json\/wp\/v2\/media?parent=17858"}],"curies":[{"name":"wp","href":"https:\/\/api.w.org\/{rel}","templated":true}]}}