{"id":17860,"date":"2023-09-27T07:48:26","date_gmt":"2023-09-27T07:48:26","guid":{"rendered":"https:\/\/mustila.fi\/?page_id=17860"},"modified":"2023-09-27T07:48:27","modified_gmt":"2023-09-27T07:48:27","slug":"ulsike-1996-88-alnus-japonica","status":"publish","type":"page","link":"https:\/\/mustila.fi\/en\/ulsike-1996-88-alnus-japonica\/","title":{"rendered":"Ulsike 1996: 88. Alnus japonica"},"content":{"rendered":"\n<p><em><small>Ulkomaisten kasvilajien menestymistutkimuksessa eli Ulsike-projektissa laadittiin vuosien 1992-1997 koelajeista kuvaukset. T\u00e4m\u00e4n sivun tiedot koskevat siten tietty\u00e4 koesiemener\u00e4\u00e4 ja ovat saattaneet p\u00e4ivitty\u00e4 mm. Ulsike-projektista saatujen kokemusten perusteella.<\/small><\/em><\/p>\n\n\n\n<p>koe-er\u00e4n tunnus: K09-95-283<\/p>\n\n\n\n<p>alkuper\u00e4: Ven\u00e4j\u00e4, Vladivostok<\/p>\n\n\n\n<p>Puu on suurimpia lepp\u00e4lajeja ja kasvaa luontaisilla kasvupaikoillaan 25 metrin pituiseksi suureksi puuksi. Laji kasvaa, kuten lep\u00e4t meill\u00e4kin yleens\u00e4, alavilla kosteilla kasvupaikoilla. Luontainen levinneisyys ulottuu Koreasta Mantsuriaan ja Ven\u00e4j\u00e4n Ussurille sek\u00e4 Japanin saarille. Lajia on viljelty varsinkin Japanissa melko paljon my\u00f6s puuntuotantomieless\u00e4.<\/p>\n\n\n\n<p>Laji on melko etel\u00e4inen ja mereinen ja sen menestymisalueen arviointi meill\u00e4 Suomessa on vaikeaa.<\/p>\n\n\n\n<p>Lepp\u00e4lajin lehdet ovat sirot ja poikkeavat meille tutuista lajeista. K\u00e4vyt ovat hieman omia leppi\u00e4mme suuremmat.<\/p>\n\n\n\n<p>Laji l\u00f6ytyy mm. Helsingin yliopiston kasvitieteellisest\u00e4 puutarhasta.<br>&nbsp;<\/p>\n\n\n\n<h2 class=\"wp-block-heading\">Kasvin perustiedot<\/h2>\n\n\n\n<p>SukuAlnusLajiJaponica<\/p>\n\n\n\n<h2 class=\"wp-block-heading\">Keywords<\/h2>\n\n\n\n<ul class=\"wp-block-list\">\n<li>Ulsike<\/li>\n\n\n\n<li>1996<\/li>\n\n\n\n<li>Alnus<\/li>\n\n\n\n<li>Alnus japonica<\/li>\n<\/ul>\n","protected":false},"excerpt":{"rendered":"<p>Ulkomaisten kasvilajien menestymistutkimuksessa eli Ulsike-projektissa laadittiin vuosien 1992-1997 koelajeista kuvaukset. T\u00e4m\u00e4n sivun tiedot koskevat siten tietty\u00e4 koesiemener\u00e4\u00e4 ja ovat saattaneet p\u00e4ivitty\u00e4 mm. Ulsike-projektista saatujen kokemusten perusteella. koe-er\u00e4n tunnus: K09-95-283 alkuper\u00e4: Ven\u00e4j\u00e4, Vladivostok Puu on suurimpia lepp\u00e4lajeja ja kasvaa luontaisilla kasvupaikoillaan 25 metrin pituiseksi suureksi puuksi. Laji kasvaa, kuten lep\u00e4t meill\u00e4kin yleens\u00e4, alavilla kosteilla kasvupaikoilla. Luontainen [&hellip;]<\/p>\n","protected":false},"author":1,"featured_media":0,"parent":0,"menu_order":0,"comment_status":"closed","ping_status":"closed","template":"","meta":{"iawp_total_views":4,"footnotes":""},"class_list":["post-17860","page","type-page","status-publish","hentry"],"_links":{"self":[{"href":"https:\/\/mustila.fi\/en\/wp-json\/wp\/v2\/pages\/17860","targetHints":{"allow":["GET"]}}],"collection":[{"href":"https:\/\/mustila.fi\/en\/wp-json\/wp\/v2\/pages"}],"about":[{"href":"https:\/\/mustila.fi\/en\/wp-json\/wp\/v2\/types\/page"}],"author":[{"embeddable":true,"href":"https:\/\/mustila.fi\/en\/wp-json\/wp\/v2\/users\/1"}],"replies":[{"embeddable":true,"href":"https:\/\/mustila.fi\/en\/wp-json\/wp\/v2\/comments?post=17860"}],"version-history":[{"count":0,"href":"https:\/\/mustila.fi\/en\/wp-json\/wp\/v2\/pages\/17860\/revisions"}],"wp:attachment":[{"href":"https:\/\/mustila.fi\/en\/wp-json\/wp\/v2\/media?parent=17860"}],"curies":[{"name":"wp","href":"https:\/\/api.w.org\/{rel}","templated":true}]}}