{"id":17862,"date":"2023-09-27T07:49:37","date_gmt":"2023-09-27T07:49:37","guid":{"rendered":"https:\/\/mustila.fi\/?page_id=17862"},"modified":"2023-09-27T07:49:39","modified_gmt":"2023-09-27T07:49:39","slug":"ulsike-1996-89-tripterygium-regelii-siipikoynnos","status":"publish","type":"page","link":"https:\/\/mustila.fi\/en\/ulsike-1996-89-tripterygium-regelii-siipikoynnos\/","title":{"rendered":"Ulsike 1996: 89. Tripterygium regelii &#8211; siipik\u00f6ynn\u00f6s"},"content":{"rendered":"\n<p><em><small>Ulkomaisten kasvilajien menestymistutkimuksessa eli Ulsike-projektissa laadittiin vuosien 1992-1997 koelajeista kuvaukset. T\u00e4m\u00e4n sivun tiedot koskevat siten tietty\u00e4 koesiemener\u00e4\u00e4 ja ovat saattaneet p\u00e4ivitty\u00e4 mm. Ulsike-projektista saatujen kokemusten perusteella.<\/small><\/em><\/p>\n\n\n\n<p>koe-er\u00e4n tunnus: K09-95-294<\/p>\n\n\n\n<p>alkuper\u00e4: Sachalin, Korsakov<\/p>\n\n\n\n<p>Siipik\u00f6ynn\u00f6s kuuluu kelaskasvien (Celastraceae) heimoon. Laji on yksikotinen, piikit\u00f6n, kes\u00e4vihanta ja kotoisin Koreasta, Mantsuriasta ja Japanin saarilta.<\/p>\n\n\n\n<p>Siipik\u00f6ynn\u00f6s on menestyess\u00e4\u00e4n voimakaskasvuinen, suurilehtinen k\u00f6ynn\u00f6s, jonka hedelm\u00e4 on kellanvihre\u00e4 kolmisiipinen p\u00e4hkyl\u00e4. Siipik\u00f6ynn\u00f6s kukkii hein\u00e4kuussa kellanvalkoisin kukin, jotka ovat halkaisijaltaan noin 5-8 mm. Kukinto on kookas, jopa 25 cm pitk\u00e4 huiskilo. T\u00e4ll\u00e4 Euroopassa toistaiseksi v\u00e4h\u00e4n viljellyll\u00e4 lajilla katsotaan olevan mahdollisuuksia tulla suosituksi peitto- ja k\u00f6ynn\u00f6skasviksi.<\/p>\n\n\n\n<p>Lajin siemenet vaativat pitk\u00e4hk\u00f6n kylm\u00e4k\u00e4sittelyn it\u00e4\u00e4kseen. Siemenet voi kylv\u00e4\u00e4 alkukes\u00e4st\u00e4 (tai vasta syksyll\u00e4) ja varautua siihen, ett\u00e4 it\u00e4minen tapahtuu seuraavana kes\u00e4n\u00e4. Tosin aikaisemmilta vuosilta olemme oppineet, ett\u00e4 siemenet saattavat joskus yll\u00e4tt\u00e4\u00e4 my\u00f6s iloisesti it\u00e4m\u00e4ll\u00e4 heti kylv\u00f6n j\u00e4lkeen vastoin yleist\u00e4 tietoa.<\/p>\n\n\n\n<p>Suomen puu- ja pensaskasvio arvioi lajin menestyv\u00e4n vain I-vy\u00f6hykkeell\u00e4. Amerikkalaisten luokitusten mukaan lajilla saattaisi kuitenkin olla mahdollisuuksia my\u00f6s kauempana sis\u00e4maassa.<br>&nbsp;<\/p>\n\n\n\n<h2 class=\"wp-block-heading\">Kasvin perustiedot<\/h2>\n\n\n\n<p>SukuTripterygiumLajiRegelii<\/p>\n\n\n\n<h2 class=\"wp-block-heading\">Keywords<\/h2>\n\n\n\n<ul class=\"wp-block-list\">\n<li>Ulsike<\/li>\n\n\n\n<li>1996<\/li>\n\n\n\n<li>Tripterygium<\/li>\n\n\n\n<li>Tripterygium regelii<\/li>\n<\/ul>\n","protected":false},"excerpt":{"rendered":"<p>Ulkomaisten kasvilajien menestymistutkimuksessa eli Ulsike-projektissa laadittiin vuosien 1992-1997 koelajeista kuvaukset. T\u00e4m\u00e4n sivun tiedot koskevat siten tietty\u00e4 koesiemener\u00e4\u00e4 ja ovat saattaneet p\u00e4ivitty\u00e4 mm. Ulsike-projektista saatujen kokemusten perusteella. koe-er\u00e4n tunnus: K09-95-294 alkuper\u00e4: Sachalin, Korsakov Siipik\u00f6ynn\u00f6s kuuluu kelaskasvien (Celastraceae) heimoon. Laji on yksikotinen, piikit\u00f6n, kes\u00e4vihanta ja kotoisin Koreasta, Mantsuriasta ja Japanin saarilta. Siipik\u00f6ynn\u00f6s on menestyess\u00e4\u00e4n voimakaskasvuinen, suurilehtinen k\u00f6ynn\u00f6s, [&hellip;]<\/p>\n","protected":false},"author":1,"featured_media":0,"parent":0,"menu_order":0,"comment_status":"closed","ping_status":"closed","template":"","meta":{"iawp_total_views":13,"footnotes":""},"class_list":["post-17862","page","type-page","status-publish","hentry"],"_links":{"self":[{"href":"https:\/\/mustila.fi\/en\/wp-json\/wp\/v2\/pages\/17862","targetHints":{"allow":["GET"]}}],"collection":[{"href":"https:\/\/mustila.fi\/en\/wp-json\/wp\/v2\/pages"}],"about":[{"href":"https:\/\/mustila.fi\/en\/wp-json\/wp\/v2\/types\/page"}],"author":[{"embeddable":true,"href":"https:\/\/mustila.fi\/en\/wp-json\/wp\/v2\/users\/1"}],"replies":[{"embeddable":true,"href":"https:\/\/mustila.fi\/en\/wp-json\/wp\/v2\/comments?post=17862"}],"version-history":[{"count":0,"href":"https:\/\/mustila.fi\/en\/wp-json\/wp\/v2\/pages\/17862\/revisions"}],"wp:attachment":[{"href":"https:\/\/mustila.fi\/en\/wp-json\/wp\/v2\/media?parent=17862"}],"curies":[{"name":"wp","href":"https:\/\/api.w.org\/{rel}","templated":true}]}}