{"id":17866,"date":"2023-09-27T07:52:06","date_gmt":"2023-09-27T07:52:06","guid":{"rendered":"https:\/\/mustila.fi\/?page_id=17866"},"modified":"2023-09-27T07:52:07","modified_gmt":"2023-09-27T07:52:07","slug":"ulsike-1996-91-viburnum-sargentii-rusoheisi","status":"publish","type":"page","link":"https:\/\/mustila.fi\/en\/ulsike-1996-91-viburnum-sargentii-rusoheisi\/","title":{"rendered":"Ulsike 1996: 91. Viburnum sargentii &#8211; rusoheisi"},"content":{"rendered":"\n<p><em><small>Ulkomaisten kasvilajien menestymistutkimuksessa eli Ulsike-projektissa laadittiin vuosien 1992-1997 koelajeista kuvaukset. T\u00e4m\u00e4n sivun tiedot koskevat siten tietty\u00e4 koesiemener\u00e4\u00e4 ja ovat saattaneet p\u00e4ivitty\u00e4 mm. Ulsike-projektista saatujen kokemusten perusteella.<\/small><\/em><\/p>\n\n\n\n<p>koe-er\u00e4n tunnus: K09-95-295<\/p>\n\n\n\n<p>alkuper\u00e4: Sahalin, Dolinski<\/p>\n\n\n\n<p>Rusoheisi on l\u00e4heist\u00e4 sukua kotimaiselle koiranheidelle (<em>V. opulus<\/em>), joka kasvaa luontaisena Kajaanin korkeudella asti, rannikolla ja Tornionjokilaaksossa viel\u00e4 pohjoisempana. Rusoheisi on it\u00e4inen laji, jonka levinneisyys rajoittuu Japanin saarille, Sahalinille ja mantereella Koreasta Kiinan it\u00e4osiin sek\u00e4 Ven\u00e4j\u00e4lle.<\/p>\n\n\n\n<p>Rusoheisi poikkeaa koiranheidest\u00e4 l\u00e4hinn\u00e4 erilaisen lehtimuodon, tumman rungon ja kukintojen perusteella. Kukinnon steriilit laitakukat saattavat olla jopa 3 cm l\u00e4pimitaltaan. Lajin kasvupaikkavaatimukset eiv\u00e4t juuri poikkea koiranheidest\u00e4. Luontaisia kasvupaikkoja lajille ovat ravinteikkaat korvet sek\u00e4 tuoreet varjoisat mets\u00e4npohjat.<\/p>\n\n\n\n<p>Heisien siemenet vaativat pitk\u00e4n l\u00e4mp\u00f6k\u00e4sittelyn ja kylm\u00e4k\u00e4sittelyn. Siemenet on siten parasta kylv\u00e4\u00e4 ulos jo alkukes\u00e4st\u00e4.<br>&nbsp;<\/p>\n\n\n\n<h2 class=\"wp-block-heading\">Kasvin perustiedot<\/h2>\n\n\n\n<p>SukuViburnumLajiSargentii<\/p>\n\n\n\n<h2 class=\"wp-block-heading\">Keywords<\/h2>\n\n\n\n<ul class=\"wp-block-list\">\n<li>Ulsike<\/li>\n\n\n\n<li>1996<\/li>\n\n\n\n<li>Viburnum<\/li>\n\n\n\n<li>Viburnum sargentii<\/li>\n<\/ul>\n","protected":false},"excerpt":{"rendered":"<p>Ulkomaisten kasvilajien menestymistutkimuksessa eli Ulsike-projektissa laadittiin vuosien 1992-1997 koelajeista kuvaukset. T\u00e4m\u00e4n sivun tiedot koskevat siten tietty\u00e4 koesiemener\u00e4\u00e4 ja ovat saattaneet p\u00e4ivitty\u00e4 mm. Ulsike-projektista saatujen kokemusten perusteella. koe-er\u00e4n tunnus: K09-95-295 alkuper\u00e4: Sahalin, Dolinski Rusoheisi on l\u00e4heist\u00e4 sukua kotimaiselle koiranheidelle (V. opulus), joka kasvaa luontaisena Kajaanin korkeudella asti, rannikolla ja Tornionjokilaaksossa viel\u00e4 pohjoisempana. Rusoheisi on it\u00e4inen laji, [&hellip;]<\/p>\n","protected":false},"author":1,"featured_media":0,"parent":0,"menu_order":0,"comment_status":"closed","ping_status":"closed","template":"","meta":{"iawp_total_views":0,"footnotes":""},"class_list":["post-17866","page","type-page","status-publish","hentry"],"_links":{"self":[{"href":"https:\/\/mustila.fi\/en\/wp-json\/wp\/v2\/pages\/17866","targetHints":{"allow":["GET"]}}],"collection":[{"href":"https:\/\/mustila.fi\/en\/wp-json\/wp\/v2\/pages"}],"about":[{"href":"https:\/\/mustila.fi\/en\/wp-json\/wp\/v2\/types\/page"}],"author":[{"embeddable":true,"href":"https:\/\/mustila.fi\/en\/wp-json\/wp\/v2\/users\/1"}],"replies":[{"embeddable":true,"href":"https:\/\/mustila.fi\/en\/wp-json\/wp\/v2\/comments?post=17866"}],"version-history":[{"count":0,"href":"https:\/\/mustila.fi\/en\/wp-json\/wp\/v2\/pages\/17866\/revisions"}],"wp:attachment":[{"href":"https:\/\/mustila.fi\/en\/wp-json\/wp\/v2\/media?parent=17866"}],"curies":[{"name":"wp","href":"https:\/\/api.w.org\/{rel}","templated":true}]}}