{"id":17879,"date":"2023-09-27T08:00:25","date_gmt":"2023-09-27T08:00:25","guid":{"rendered":"https:\/\/mustila.fi\/?page_id=17879"},"modified":"2023-09-27T08:00:27","modified_gmt":"2023-09-27T08:00:27","slug":"ulsike-1996-97-betula-maximowicziana-monarkkikoivu","status":"publish","type":"page","link":"https:\/\/mustila.fi\/en\/ulsike-1996-97-betula-maximowicziana-monarkkikoivu\/","title":{"rendered":"Ulsike 1996: 97. Betula maximowicziana &#8211; monarkkikoivu"},"content":{"rendered":"\n<p><em><small>Ulkomaisten kasvilajien menestymistutkimuksessa eli Ulsike-projektissa laadittiin vuosien 1992-1997 koelajeista kuvaukset. T\u00e4m\u00e4n sivun tiedot koskevat siten tietty\u00e4 koesiemener\u00e4\u00e4 ja ovat saattaneet p\u00e4ivitty\u00e4 mm. Ulsike-projektista saatujen kokemusten perusteella.<\/small><\/em><\/p>\n\n\n\n<p>koe-er\u00e4n tunnus: K04-93-508 tai K04-93-566<\/p>\n\n\n\n<p>alkuper\u00e4: Japani , Hokkaido<\/p>\n\n\n\n<p>Isokokoinen, nopeakasvuinen koivulaji, joka voi luontaisena kasvaa jopa 30 metrin korkuiseksi. Laji kasvaa l\u00e4hinn\u00e4 Japanissa sek\u00e4 harvinaisena Ven\u00e4j\u00e4lle kuuluvilla saarilla aivan Hokkaidon pohjoispuolella.<br>&nbsp;<br>Lajilla on huomiota her\u00e4tt\u00e4v\u00e4n suuret lehdet, jotka muistuttavat muodoltaan jossain m\u00e4\u00e4rin mets\u00e4lehmusta, mutta ovat t\u00e4t\u00e4 viel\u00e4 suurempia, 8-14 cm pitki\u00e4. Puun runko on harmaa tai oranssinharmaa. Leve\u00e4t irtotuohet rungolla ovat lajille tyypillisi\u00e4.<\/p>\n\n\n\n<p>Amerikkalaisen luokittelun mukaan laji kest\u00e4isi vain ehk\u00e4 aivan meid\u00e4n rannikolla. T\u00e4m\u00e4 olisi s\u00e4\u00e4li ottaen huomioon lajin koristeellisuuden. Turun yliopiston kasvitieteellisess\u00e4 puutarhassa on haaroittunut 5-metrinen yksil\u00f6.<br>&nbsp;<\/p>\n\n\n\n<p>Koivun siemenet it\u00e4v\u00e4t heti ilman esik\u00e4sittelyj\u00e4.<\/p>\n\n\n\n<h2 class=\"wp-block-heading\">Kasvin perustiedot<\/h2>\n\n\n\n<p>SukuBetulaLajiMaximowicziana<\/p>\n\n\n\n<h2 class=\"wp-block-heading\">Keywords<\/h2>\n\n\n\n<ul class=\"wp-block-list\">\n<li>Ulsike<\/li>\n\n\n\n<li>1996<\/li>\n\n\n\n<li>Betula<\/li>\n\n\n\n<li>Betula maximowicziana<\/li>\n<\/ul>\n","protected":false},"excerpt":{"rendered":"<p>Ulkomaisten kasvilajien menestymistutkimuksessa eli Ulsike-projektissa laadittiin vuosien 1992-1997 koelajeista kuvaukset. T\u00e4m\u00e4n sivun tiedot koskevat siten tietty\u00e4 koesiemener\u00e4\u00e4 ja ovat saattaneet p\u00e4ivitty\u00e4 mm. Ulsike-projektista saatujen kokemusten perusteella. koe-er\u00e4n tunnus: K04-93-508 tai K04-93-566 alkuper\u00e4: Japani , Hokkaido Isokokoinen, nopeakasvuinen koivulaji, joka voi luontaisena kasvaa jopa 30 metrin korkuiseksi. Laji kasvaa l\u00e4hinn\u00e4 Japanissa sek\u00e4 harvinaisena Ven\u00e4j\u00e4lle kuuluvilla saarilla [&hellip;]<\/p>\n","protected":false},"author":1,"featured_media":0,"parent":0,"menu_order":0,"comment_status":"closed","ping_status":"closed","template":"","meta":{"iawp_total_views":17,"footnotes":""},"class_list":["post-17879","page","type-page","status-publish","hentry"],"_links":{"self":[{"href":"https:\/\/mustila.fi\/en\/wp-json\/wp\/v2\/pages\/17879","targetHints":{"allow":["GET"]}}],"collection":[{"href":"https:\/\/mustila.fi\/en\/wp-json\/wp\/v2\/pages"}],"about":[{"href":"https:\/\/mustila.fi\/en\/wp-json\/wp\/v2\/types\/page"}],"author":[{"embeddable":true,"href":"https:\/\/mustila.fi\/en\/wp-json\/wp\/v2\/users\/1"}],"replies":[{"embeddable":true,"href":"https:\/\/mustila.fi\/en\/wp-json\/wp\/v2\/comments?post=17879"}],"version-history":[{"count":0,"href":"https:\/\/mustila.fi\/en\/wp-json\/wp\/v2\/pages\/17879\/revisions"}],"wp:attachment":[{"href":"https:\/\/mustila.fi\/en\/wp-json\/wp\/v2\/media?parent=17879"}],"curies":[{"name":"wp","href":"https:\/\/api.w.org\/{rel}","templated":true}]}}