{"id":17888,"date":"2023-09-27T08:06:55","date_gmt":"2023-09-27T08:06:55","guid":{"rendered":"https:\/\/mustila.fi\/?page_id=17888"},"modified":"2023-09-27T08:07:00","modified_gmt":"2023-09-27T08:07:00","slug":"ulsike-1997-101-carpinus-caroliniana-karoliinanvalkopyokki-amerikanvalkopyokki","status":"publish","type":"page","link":"https:\/\/mustila.fi\/en\/ulsike-1997-101-carpinus-caroliniana-karoliinanvalkopyokki-amerikanvalkopyokki\/","title":{"rendered":"Ulsike 1997: 101. Carpinus caroliniana &#8211; karoliinanvalkopy\u00f6kki, amerikanvalkopy\u00f6kki"},"content":{"rendered":"\n<p><em><small>Ulkomaisten kasvilajien menestymistutkimuksessa eli Ulsike-projektissa laadittiin vuosien 1992-1997 koelajeista kuvaukset. T\u00e4m\u00e4n sivun tiedot koskevat siten tietty\u00e4 koesiemener\u00e4\u00e4 ja ovat saattaneet p\u00e4ivitty\u00e4 mm. Ulsike-projektista saatujen kokemusten perusteella.<\/small><\/em><\/p>\n\n\n\n<p>koe-er\u00e4n tunnus: K09-96-265<\/p>\n\n\n\n<p>alkuper\u00e4: Pakenham, Ontario, Kanada 45\u00b015&#8217;N, 76\u00b020&#8217;W<br><br>Eurooppalaista valkopy\u00f6kki\u00e4 (<em>C. betulus<\/em>) vastaa Pohjois-Amerikassa on nyt kokeiltava&nbsp;<em>Carpinus caroliniana<\/em>. Sit\u00e4 tavataan it\u00e4isen Pohjois-Amerikan alueella aina etel\u00e4iseen Ontarioon ja Quebeciin saakka. L\u00e4nness\u00e4 lajin esiintyminen ulottuu Suurille j\u00e4rville ja id\u00e4ss\u00e4 Atlantille. Kanadassa ja USA:ssa paikallista valkopy\u00f6kkilajia pidet\u00e4\u00e4n eurooppalaista valkopy\u00f6kki\u00e4 talvenkest\u00e4v\u00e4mp\u00e4n\u00e4.<br><br>Laji on pienikokoinen puu kotiseudullaankin, joka harvoin ylt\u00e4\u00e4 edes 8-9 m mittaan. Yleisemmin se on 5-6 m korkuinen pieni puu. Puun runko on hyvin erikoisen n\u00e4k\u00f6inen, sill\u00e4 sile\u00e4n, tummanharmaan kuoren alla on painautumia, jotka saavat rungon n\u00e4ytt\u00e4m\u00e4\u00e4n ik\u00e4\u00e4nkuin j\u00e4nnitetylt\u00e4 lihakselta. Paikallisesti lajia kutsutaankin mm. nimell\u00e4 &#8216;musclewood&#8217;, &#8216;hauispuu&#8217;. Lajin puuaines on eritt\u00e4in kovaa ja sit\u00e4 on k\u00e4ytetty mm. ty\u00f6kalujen varsissa. Valkopy\u00f6kit eiv\u00e4t kasvitieteellisesti ole sukua varsinaisille py\u00f6keille (<em>Fagus&nbsp;<\/em>spp.), vaan ne kuuluvat koivukasveihin.<br><br><em>Carpinus caroliniana<\/em>&nbsp;siet\u00e4\u00e4 eritt\u00e4in hyvin varjostusta ja kasvaa hyvin my\u00f6s muun kasvillisuuden alla. Se vaatii hikev\u00e4n, kostean ja l\u00e4mpim\u00e4n maan sek\u00e4 suojaisan kasvupaikan. Kanadassa sit\u00e4 on k\u00e4ytetty my\u00f6s aitakasvina, johon se arvatenkin sopii hyvin. Laji on kuitenkin lehtipuuksi varsin hidaskasvuinen. T\u00e4m\u00e4 valkopy\u00f6kkilaji saa kauniin oranssins\u00e4vyisen syysv\u00e4rin, mik\u00e4li se saa riitt\u00e4v\u00e4sti valoa.<br><br>Valkopy\u00f6kkilajien siemen on yleens\u00e4 syv\u00e4ss\u00e4 lepotilassa ja vaatii sek\u00e4 l\u00e4mmin- ett\u00e4 kylm\u00e4k\u00e4sittelyn it\u00e4\u00e4kseen. Kev\u00e4\u00e4ll\u00e4 tai alkukes\u00e4ll\u00e4 kylvetyn siemenen odotetaan it\u00e4v\u00e4n kylv\u00f6\u00e4 seuraavana kev\u00e4\u00e4n\u00e4. Valkopy\u00f6kit tulisi siirt\u00e4\u00e4 lopulliselle kasvupaikalleen nuorina, sill\u00e4 ne k\u00e4rsiv\u00e4t siirt\u00e4misest\u00e4 suurempina taimina. Taimet kannattaa suojata j\u00e4niksi\u00e4 vastaan.<\/p>\n\n\n\n<h2 class=\"wp-block-heading\">Kasvin perustiedot<\/h2>\n\n\n\n<p>SukuCarpinusLajiCaroliniana<\/p>\n\n\n\n<h2 class=\"wp-block-heading\">Keywords<\/h2>\n\n\n\n<ul class=\"wp-block-list\">\n<li>Ulsike<\/li>\n\n\n\n<li>1997<\/li>\n\n\n\n<li>Carpinus<\/li>\n\n\n\n<li>Carpinus caroliniana<\/li>\n<\/ul>\n","protected":false},"excerpt":{"rendered":"<p>Ulkomaisten kasvilajien menestymistutkimuksessa eli Ulsike-projektissa laadittiin vuosien 1992-1997 koelajeista kuvaukset. T\u00e4m\u00e4n sivun tiedot koskevat siten tietty\u00e4 koesiemener\u00e4\u00e4 ja ovat saattaneet p\u00e4ivitty\u00e4 mm. Ulsike-projektista saatujen kokemusten perusteella. koe-er\u00e4n tunnus: K09-96-265 alkuper\u00e4: Pakenham, Ontario, Kanada 45\u00b015&#8217;N, 76\u00b020&#8217;W Eurooppalaista valkopy\u00f6kki\u00e4 (C. betulus) vastaa Pohjois-Amerikassa on nyt kokeiltava&nbsp;Carpinus caroliniana. Sit\u00e4 tavataan it\u00e4isen Pohjois-Amerikan alueella aina etel\u00e4iseen Ontarioon ja Quebeciin [&hellip;]<\/p>\n","protected":false},"author":1,"featured_media":0,"parent":0,"menu_order":0,"comment_status":"closed","ping_status":"closed","template":"","meta":{"iawp_total_views":5,"footnotes":""},"class_list":["post-17888","page","type-page","status-publish","hentry"],"_links":{"self":[{"href":"https:\/\/mustila.fi\/en\/wp-json\/wp\/v2\/pages\/17888","targetHints":{"allow":["GET"]}}],"collection":[{"href":"https:\/\/mustila.fi\/en\/wp-json\/wp\/v2\/pages"}],"about":[{"href":"https:\/\/mustila.fi\/en\/wp-json\/wp\/v2\/types\/page"}],"author":[{"embeddable":true,"href":"https:\/\/mustila.fi\/en\/wp-json\/wp\/v2\/users\/1"}],"replies":[{"embeddable":true,"href":"https:\/\/mustila.fi\/en\/wp-json\/wp\/v2\/comments?post=17888"}],"version-history":[{"count":0,"href":"https:\/\/mustila.fi\/en\/wp-json\/wp\/v2\/pages\/17888\/revisions"}],"wp:attachment":[{"href":"https:\/\/mustila.fi\/en\/wp-json\/wp\/v2\/media?parent=17888"}],"curies":[{"name":"wp","href":"https:\/\/api.w.org\/{rel}","templated":true}]}}