{"id":17894,"date":"2023-09-27T08:09:36","date_gmt":"2023-09-27T08:09:36","guid":{"rendered":"https:\/\/mustila.fi\/?page_id=17894"},"modified":"2023-09-27T08:09:39","modified_gmt":"2023-09-27T08:09:39","slug":"ulsike-1997-103-betula-lenta-sokerikoivu","status":"publish","type":"page","link":"https:\/\/mustila.fi\/en\/ulsike-1997-103-betula-lenta-sokerikoivu\/","title":{"rendered":"Ulsike 1997: 103. Betula lenta &#8211; sokerikoivu"},"content":{"rendered":"\n<p><em><small>Ulkomaisten kasvilajien menestymistutkimuksessa eli Ulsike-projektissa laadittiin vuosien 1992-1997 koelajeista kuvaukset. T\u00e4m\u00e4n sivun tiedot koskevat siten tietty\u00e4 koesiemener\u00e4\u00e4 ja ovat saattaneet p\u00e4ivitty\u00e4 mm. Ulsike-projektista saatujen kokemusten perusteella.<\/small><\/em><\/p>\n\n\n\n<p>koe-er\u00e4n tunnus: K09-96-392<\/p>\n\n\n\n<p>alkuper\u00e4: Burlington, Vermont, USA 44\u00b025&#8217;N, 73\u00b010&#8217;W<br><br>Sokerikoivu esiintyy Pohjois-Amerikan it\u00e4-ja koillisosissa rajoittuen pohjoisessa USA:n ja Kanadan rajamaille, id\u00e4ss\u00e4 Atlantin valtamereen, etel\u00e4ss\u00e4 Appalakkien vuoriston etel\u00e4osiin ja l\u00e4nness\u00e4 Ohion osavaltioon. Sit\u00e4 tavataan lehtipuumetsiss\u00e4 pienin\u00e4 ryhmin\u00e4 tai yksitt\u00e4ispuina.<br><br>Kooltaan laji on keskikokoinen puu saavuttaen luontaisilla alueillaan 15-20 m korkeuden. Sill\u00e4 on koivulajiksi erikoinen, lyijynharmaa tai harmaansinert\u00e4v\u00e4 kuori, joka ei juuri hilseile edes vanhetessaan. Sokerikoivu on l\u00e4heist\u00e4 sukua samoilla seuduilla esiintyv\u00e4lle keltakoivulle (<em>B. alleghaniensis<\/em>), jonka kanssa se ei kuitenkaan luonnossa risteydy. Lajin murskatuissa iehdiss\u00e4 ja versoissa on hyvin voimakas rohdosmainen, miellytt\u00e4v\u00e4 tuoksu ja sokerikoivua onkin aikoinaan k\u00e4ytetty aromaattisen \u00f6ljyn valmistuksessa. Kuivattuja lehti\u00e4 ker\u00e4ttiin entisaikoina tyynyjen ja patjojen t\u00e4ytteisiin, er\u00e4\u00e4nlaisiksi &#8220;ilmanraikastajiksi&#8221;.<br><br>Sokerikoivun lehdet ovat verraten suuria ja muistuttavat valkopy\u00f6kin lehti\u00e4. Puiden syysv\u00e4ri on keltainen. Puu j\u00e4\u00e4 meill\u00e4 todenn\u00e4k\u00f6isesti pieneksi, 5-10 m mittaiseksi ja sit\u00e4 tulisi viljell\u00e4 multavilla, suojaisilla ja l\u00e4mpimill\u00e4 mailla jalojen lehtipuiden tapaan. Koivulajit eiv\u00e4t sied\u00e4 voimakasta varjostusta, mutta t\u00e4m\u00e4 ilmastollisesti etel\u00e4inen laji hy\u00f6tyy ymp\u00e4rill\u00e4 olevan puuston suojasta.<br><br>Sokerikoivu olisi kiintoisa lis\u00e4 meill\u00e4 viljelt\u00e4v\u00e4\u00e4n koivulajistoon muista koivuista poikkeavan ulkon\u00e4k\u00f6ns\u00e4 vuoksi. Sen pieni koko on my\u00f6s etu, sill\u00e4 pienikasvuisia, koristepuiksi soveltuvia lajeja on tarjolla vain v\u00e4h\u00e4n. Nyt kokeiltava alkuper\u00e4 edustaa kest\u00e4vyydelt\u00e4\u00e4n lajin luontaisen esiintymisalueen aivan pohjoisinta osaa, joten viljelykokemukset ovat talvenkest\u00e4vyyden kannalta arvokkaita.<br><br>Sokerikoivun siemen tarvitsee it\u00e4\u00e4kseen lyhyen, 30 vrk kylm\u00e4k\u00e4sittelyn tai id\u00e4tyksen valossa. T\u00e4ll\u00f6in siement\u00e4 ei peitet\u00e4, jolloin t\u00e4ytyy varoa siementen kulkeutumista tuulen tai sade- ja kasteluveden mukana. Kylv\u00f6kseen mahdollisesti ilmestyv\u00e4t kotimaisten koivujen taimet on helppo erottaa jo nuorina sokerikoivun taimista.<\/p>\n\n\n\n<h2 class=\"wp-block-heading\">Kasvin perustiedot<\/h2>\n\n\n\n<p>SukuBetulaLajiLenta<\/p>\n\n\n\n<h2 class=\"wp-block-heading\">Keywords<\/h2>\n\n\n\n<ul class=\"wp-block-list\">\n<li>Ulsike<\/li>\n\n\n\n<li>1997<\/li>\n\n\n\n<li>Betula<\/li>\n\n\n\n<li>Betula lenta<\/li>\n<\/ul>\n","protected":false},"excerpt":{"rendered":"<p>Ulkomaisten kasvilajien menestymistutkimuksessa eli Ulsike-projektissa laadittiin vuosien 1992-1997 koelajeista kuvaukset. T\u00e4m\u00e4n sivun tiedot koskevat siten tietty\u00e4 koesiemener\u00e4\u00e4 ja ovat saattaneet p\u00e4ivitty\u00e4 mm. Ulsike-projektista saatujen kokemusten perusteella. koe-er\u00e4n tunnus: K09-96-392 alkuper\u00e4: Burlington, Vermont, USA 44\u00b025&#8217;N, 73\u00b010&#8217;W Sokerikoivu esiintyy Pohjois-Amerikan it\u00e4-ja koillisosissa rajoittuen pohjoisessa USA:n ja Kanadan rajamaille, id\u00e4ss\u00e4 Atlantin valtamereen, etel\u00e4ss\u00e4 Appalakkien vuoriston etel\u00e4osiin ja l\u00e4nness\u00e4 [&hellip;]<\/p>\n","protected":false},"author":1,"featured_media":0,"parent":0,"menu_order":0,"comment_status":"closed","ping_status":"closed","template":"","meta":{"iawp_total_views":5,"footnotes":""},"class_list":["post-17894","page","type-page","status-publish","hentry"],"_links":{"self":[{"href":"https:\/\/mustila.fi\/en\/wp-json\/wp\/v2\/pages\/17894","targetHints":{"allow":["GET"]}}],"collection":[{"href":"https:\/\/mustila.fi\/en\/wp-json\/wp\/v2\/pages"}],"about":[{"href":"https:\/\/mustila.fi\/en\/wp-json\/wp\/v2\/types\/page"}],"author":[{"embeddable":true,"href":"https:\/\/mustila.fi\/en\/wp-json\/wp\/v2\/users\/1"}],"replies":[{"embeddable":true,"href":"https:\/\/mustila.fi\/en\/wp-json\/wp\/v2\/comments?post=17894"}],"version-history":[{"count":0,"href":"https:\/\/mustila.fi\/en\/wp-json\/wp\/v2\/pages\/17894\/revisions"}],"wp:attachment":[{"href":"https:\/\/mustila.fi\/en\/wp-json\/wp\/v2\/media?parent=17894"}],"curies":[{"name":"wp","href":"https:\/\/api.w.org\/{rel}","templated":true}]}}