{"id":17900,"date":"2023-09-27T08:13:34","date_gmt":"2023-09-27T08:13:34","guid":{"rendered":"https:\/\/mustila.fi\/?page_id=17900"},"modified":"2023-09-27T08:13:36","modified_gmt":"2023-09-27T08:13:36","slug":"ulsike-1997-106-ostrya-virginiana-humalapyokki","status":"publish","type":"page","link":"https:\/\/mustila.fi\/en\/ulsike-1997-106-ostrya-virginiana-humalapyokki\/","title":{"rendered":"Ulsike 1997: 106. Ostrya virginiana &#8211; humalapy\u00f6kki"},"content":{"rendered":"\n<p><em><small>Ulkomaisten kasvilajien menestymistutkimuksessa eli Ulsike-projektissa laadittiin vuosien 1992-1997 koelajeista kuvaukset. T\u00e4m\u00e4n sivun tiedot koskevat siten tietty\u00e4 koesiemener\u00e4\u00e4 ja ovat saattaneet p\u00e4ivitty\u00e4 mm. Ulsike-projektista saatujen kokemusten perusteella.<\/small><\/em><\/p>\n\n\n\n<p>koe-er\u00e4n tunnus: K09-96-255<\/p>\n\n\n\n<p>alkuper\u00e4: Desjardinsville, Quebec, Kanada 45\u00b045&#8217;N, 77\u00b000&#8217;W<br><br>Humalapy\u00f6kki on pienikokoinen mets\u00e4nreunapuu. Se ulottaa levineisyysalueensa pohjoisessa lehtipuuvy\u00f6hykkeen pohjoisimpaan reunaan, Manitoban, Ontarion ja Quebecin etel\u00e4osiin asti. Sill\u00e4 on vastinlajinsa etel\u00e4isess\u00e4 Euroopassa (<em>O. carpinifolia<\/em>), mutta kuten monissa muissakin tapauksissa, pohjoisamerikkalainen laji on talvenkestoltaan eurooppalaista parempi.<br><br>Lajin hedelm\u00e4norkot muistuttavat suuresti humalan vastaavia hedelmyst\u00f6j\u00e4, mist\u00e4 puu on my\u00f6s saanut nimens\u00e4. Hyvin\u00e4 siemenvuosina koristeelliset norkot l\u00e4hes t\u00e4ytt\u00e4v\u00e4t puun lehv\u00e4st\u00f6n. Lehtien syysv\u00e4ri on kellanruskea. Humalapy\u00f6kin kaarna on koristeellista, joka vanhemmiten irtoaa puusta liuskoina.<br><br>Humalapy\u00f6kki kasvaa parhaiten l\u00e4mpim\u00e4ll\u00e4 paikalla, muun puuston osittaisessa suojassa hikev\u00e4ll\u00e4 lehtomaalla. Se on koristeellinen muutaman yksil\u00f6n ryhmin\u00e4 tai yksitt\u00e4isen\u00e4 puuna. Humalapy\u00f6kki on luonnossa yleens\u00e4 alle 12 metrinen pikkupuu. Lajin mainitaan siet\u00e4v\u00e4n melko hyvin varjoa, mutta sen suolansietokyky on eritt\u00e4in huono. Istutusta suolattujen tienvarsien l\u00e4heisyyteen tulisikin v\u00e4ltt\u00e4\u00e4.<br><br>Koesiemen on ker\u00e4tty lajin luontaisen levinneisyysalueen pohjoisimmista osista, joten t\u00e4m\u00e4n humalapy\u00f6kin luulisi menestyv\u00e4n meill\u00e4kin. Siemen on syv\u00e4ss\u00e4 lepotilassa ja tarvitsee yleens\u00e4 l\u00e4mmin- ja kylm\u00e4k\u00e4sittelyn ennen kuin se it\u00e4\u00e4. Parhaiten t\u00e4m\u00e4 onnistuu kylv\u00e4m\u00e4ll\u00e4 siemen ulos kev\u00e4\u00e4ll\u00e4, jolloin luonto hoitaa tarvittavat k\u00e4sittelyt kes\u00e4n ja seuraavan talven aikana.<\/p>\n\n\n\n<h2 class=\"wp-block-heading\">Kasvin perustiedot<\/h2>\n\n\n\n<p>SukuOstryaLajiVirginiana<\/p>\n\n\n\n<h2 class=\"wp-block-heading\">Keywords<\/h2>\n\n\n\n<ul class=\"wp-block-list\">\n<li>Ulsike<\/li>\n\n\n\n<li>1997<\/li>\n\n\n\n<li>Ostrya<\/li>\n\n\n\n<li>Ostrya virginiana<\/li>\n<\/ul>\n","protected":false},"excerpt":{"rendered":"<p>Ulkomaisten kasvilajien menestymistutkimuksessa eli Ulsike-projektissa laadittiin vuosien 1992-1997 koelajeista kuvaukset. T\u00e4m\u00e4n sivun tiedot koskevat siten tietty\u00e4 koesiemener\u00e4\u00e4 ja ovat saattaneet p\u00e4ivitty\u00e4 mm. Ulsike-projektista saatujen kokemusten perusteella. koe-er\u00e4n tunnus: K09-96-255 alkuper\u00e4: Desjardinsville, Quebec, Kanada 45\u00b045&#8217;N, 77\u00b000&#8217;W Humalapy\u00f6kki on pienikokoinen mets\u00e4nreunapuu. Se ulottaa levineisyysalueensa pohjoisessa lehtipuuvy\u00f6hykkeen pohjoisimpaan reunaan, Manitoban, Ontarion ja Quebecin etel\u00e4osiin asti. Sill\u00e4 on vastinlajinsa [&hellip;]<\/p>\n","protected":false},"author":1,"featured_media":0,"parent":0,"menu_order":0,"comment_status":"closed","ping_status":"closed","template":"","meta":{"iawp_total_views":8,"footnotes":""},"class_list":["post-17900","page","type-page","status-publish","hentry"],"_links":{"self":[{"href":"https:\/\/mustila.fi\/en\/wp-json\/wp\/v2\/pages\/17900","targetHints":{"allow":["GET"]}}],"collection":[{"href":"https:\/\/mustila.fi\/en\/wp-json\/wp\/v2\/pages"}],"about":[{"href":"https:\/\/mustila.fi\/en\/wp-json\/wp\/v2\/types\/page"}],"author":[{"embeddable":true,"href":"https:\/\/mustila.fi\/en\/wp-json\/wp\/v2\/users\/1"}],"replies":[{"embeddable":true,"href":"https:\/\/mustila.fi\/en\/wp-json\/wp\/v2\/comments?post=17900"}],"version-history":[{"count":0,"href":"https:\/\/mustila.fi\/en\/wp-json\/wp\/v2\/pages\/17900\/revisions"}],"wp:attachment":[{"href":"https:\/\/mustila.fi\/en\/wp-json\/wp\/v2\/media?parent=17900"}],"curies":[{"name":"wp","href":"https:\/\/api.w.org\/{rel}","templated":true}]}}