{"id":18077,"date":"2024-01-29T19:58:35","date_gmt":"2024-01-29T19:58:35","guid":{"rendered":"https:\/\/mustila.fi\/?page_id=18077"},"modified":"2024-01-29T19:58:36","modified_gmt":"2024-01-29T19:58:36","slug":"eino-leino-mustilan-kotikunnas-fragmentti","status":"publish","type":"page","link":"https:\/\/mustila.fi\/en\/eino-leino-mustilan-kotikunnas-fragmentti\/","title":{"rendered":"Eino Leino: Mustilan kotikunnas (fragmentti)"},"content":{"rendered":"\n<p><em>Runoilija Eino Leino vieraili Mustilassa useasti ja aloitti 1920-luvulla Mustilasta kertovan artikkelin tai kirjan kirjoittamisen. Suomalaisen Kirjallisuuden Seuran arkistossa s\u00e4ilytett\u00e4v\u00e4 k\u00e4sikirjoitus katkeaa nelj\u00e4nnen kappaleen alkuun. On vahinko, ettei teksti\u00e4 ole olemassa enemp\u00e4\u00e4, sill\u00e4 luonnoksesta saa jo hyv\u00e4n aavistuksen siit\u00e4 poikkeuksellisesta, omintakeisesta kuvasta, jonka juuri Leino olisi voinut 1920-luvun Mustilasta antaa.<\/em><\/p>\n\n\n\n<h3 class=\"wp-block-heading\">Mustilan Kotikunnas.<\/h3>\n\n\n\n<p>Parin peninkulman p\u00e4\u00e4ss\u00e4 Korian asemalta, Lahti-Kouvolan radan varrella er\u00e4it\u00e4 kilometrej\u00e4 Elim\u00e4en kirkonkyl\u00e4st\u00e4 viel\u00e4kin eteenp\u00e4in, on valtioneuvos A. F. Tigerstedtin omistama mahtava maalaiskartano, joka h\u00e4nen ynn\u00e4 h\u00e4nen poikansa, is\u00e4nn\u00f6itsij\u00e4 C. G. Tigerstedtin nerokkaalla [ty\u00f6ll\u00e4]&nbsp;lienee jo nyky\u00e4\u00e4n maailmankuuluisuuden saavuttanut.<\/p>\n\n\n\n<p>T\u00e4t\u00e4 se tuskin lienee kuitenkaan tehnyt laajoilla tiluksillaan ja karjakartanoillaan, joilla kaikilla nykyaikaisen suurviljelyksen menetelmi\u00e4 toteutetaan, yht\u00e4 v\u00e4h\u00e4n kuin suurpiirteisill\u00e4 saha- ja myllyliikkeill\u00e4\u00e4n tai s\u00e4hk\u00f6istyslaitoksillaan, joita voi miss\u00e4 muualla hyv\u00e4ns\u00e4 meid\u00e4nkin maamme suurtiloilla tavata. Ei, t\u00e4m\u00e4n kartanon merkillisyys ei ole maanviljelyksellinen, ei karjantaloudellinen, eik\u00e4p\u00e4 edes yksinomaan mets\u00e4nhoidollinen. Tuntuu koko ajan t\u00e4m\u00e4n talon polkuja ja pientareita astellessa kuin kaikki nuo yll\u00e4mainitut n\u00e4k\u00f6kohdat olisivat kyll\u00e4kin t\u00e4\u00e4ll\u00e4 huomioonotetut, mutta eiv\u00e4t suinkaan yksinomaan hy\u00f6dyllisin\u00e4 tai pelkk\u00e4\u00e4 kauneutta kannattavina, vaan pys\u00e4hdettyin\u00e4 jonnekin niiden pyhille v\u00e4limaille, mihin tiede loppuu, mist\u00e4 taide alkaa, johtaen kumpikin jumalaisen alkuper\u00e4ns\u00e4 siit\u00e4 suuresta luonnonluojan uskosta, jota milloin teismiksi, milloin panteismiksi ihmisajatuksen historiassa sanotaan.<\/p>\n\n\n\n<p>T\u00e4m\u00e4n maakartanon erikoisuus on nimitt\u00e4in sen laaja-alainen kasvitieteellinen puu-puisto, jo nykyisell\u00e4 asteellaan kaikkien asianymm\u00e4rt\u00e4jien vaikeasti etsitt\u00e4v\u00e4 havaintov\u00e4line, mutta my\u00f6skin pyhiinvaelluspaikka monen sinne eksyneen el\u00e4m\u00e4n-erakon ja toivioretkel\u00e4isen.<\/p>\n\n\n\n<p>N\u00e4iden rivien vaatimaton kirjoittaja, on j\u00e4lkimm\u00e4isiin lukeutuen<\/p>\n","protected":false},"excerpt":{"rendered":"<p>Runoilija Eino Leino vieraili Mustilassa useasti ja aloitti 1920-luvulla Mustilasta kertovan artikkelin tai kirjan kirjoittamisen. Suomalaisen Kirjallisuuden Seuran arkistossa s\u00e4ilytett\u00e4v\u00e4 k\u00e4sikirjoitus katkeaa nelj\u00e4nnen kappaleen alkuun. On vahinko, ettei teksti\u00e4 ole olemassa enemp\u00e4\u00e4, sill\u00e4 luonnoksesta saa jo hyv\u00e4n aavistuksen siit\u00e4 poikkeuksellisesta, omintakeisesta kuvasta, jonka juuri Leino olisi voinut 1920-luvun Mustilasta antaa. Mustilan Kotikunnas. Parin peninkulman p\u00e4\u00e4ss\u00e4 [&hellip;]<\/p>\n","protected":false},"author":2,"featured_media":0,"parent":0,"menu_order":0,"comment_status":"closed","ping_status":"closed","template":"","meta":{"iawp_total_views":4,"footnotes":""},"class_list":["post-18077","page","type-page","status-publish","hentry"],"_links":{"self":[{"href":"https:\/\/mustila.fi\/en\/wp-json\/wp\/v2\/pages\/18077","targetHints":{"allow":["GET"]}}],"collection":[{"href":"https:\/\/mustila.fi\/en\/wp-json\/wp\/v2\/pages"}],"about":[{"href":"https:\/\/mustila.fi\/en\/wp-json\/wp\/v2\/types\/page"}],"author":[{"embeddable":true,"href":"https:\/\/mustila.fi\/en\/wp-json\/wp\/v2\/users\/2"}],"replies":[{"embeddable":true,"href":"https:\/\/mustila.fi\/en\/wp-json\/wp\/v2\/comments?post=18077"}],"version-history":[{"count":0,"href":"https:\/\/mustila.fi\/en\/wp-json\/wp\/v2\/pages\/18077\/revisions"}],"wp:attachment":[{"href":"https:\/\/mustila.fi\/en\/wp-json\/wp\/v2\/media?parent=18077"}],"curies":[{"name":"wp","href":"https:\/\/api.w.org\/{rel}","templated":true}]}}