{"id":18254,"date":"2025-04-24T06:00:00","date_gmt":"2025-04-24T06:00:00","guid":{"rendered":"https:\/\/mustila.fi\/?page_id=18254"},"modified":"2025-04-24T23:00:10","modified_gmt":"2025-04-24T23:00:10","slug":"mustilan-metsakirkko","status":"publish","type":"page","link":"https:\/\/mustila.fi\/en\/mustilan-metsakirkko\/","title":{"rendered":"Mustilan Mets\u00e4kirkko"},"content":{"rendered":"\n<p>Arboretum Mustilan mets\u00e4kirkko rakennettiin arboretumin etel\u00e4rinteelle yli satavuotiaitten tornimaisten serbiankuusten suojaamaan mets\u00e4huoneeseen kev\u00e4\u00e4ll\u00e4 2013 emeritusprofessori Peter M. A. Tigerstedtin ja el\u00e4k\u00f6ityneen kirkkoherran Osmo Puhakan yhteisest\u00e4 aloitteesta. Sen vihki k\u00e4ytt\u00f6\u00f6ns\u00e4 emerituspiispa Voitto Huotari 8. kes\u00e4kuuta 2013. Mets\u00e4kirkko on Elim\u00e4en kolmas k\u00e4yt\u00f6ss\u00e4 oleva kirkko, 1638 rakennetun Elim\u00e4en kirkon ja 1951 valmistuneen Korian kirkon lis\u00e4ksi.<\/p>\n\n\n\n<p>Mets\u00e4kirkkoa rajaa yli satavuotiaitten serbiankuusten muodostama sein\u00e4m\u00e4 sek\u00e4 kirkon pohjoispuolella virtaava puro. Kirkossa on maalattia lukuunottamatta douglaskuusesta rakennettua, asianmukaisesti korotettua kuoriosaa. Hirsist\u00e4 veistettyjen, selk\u00e4nojattomien penkkien, etel\u00e4p\u00e4\u00e4dyn porttikaaren ja puroa ylitt\u00e4v\u00e4n sillan lis\u00e4ksi kirkossa ei ole muita tekem\u00e4ll\u00e4 tehtyj\u00e4 rakenteita.<\/p>\n\n\n\n<p>Kirkossa on yksi luonnonkivinen alttari, joka sijaitsee kuorin takaosassa, ja jota koristaa valkopy\u00f6kist\u00e4 veistetty risti. Alttari on sijoitettu historiallisen <em>ad orientem<\/em> -k\u00e4yt\u00e4nn\u00f6n mukaisesti siten, ett\u00e4 pappi rukoillessaan k\u00e4\u00e4ntyy yhdess\u00e4 seurakunnan kanssa samaan rukoussuuntaan kohti alttaria. Alttaria ei ole mahdollista siirt\u00e4\u00e4, mutta paikalle voidaan tuoda tilap\u00e4inen puinen alttarip\u00f6yt\u00e4, mik\u00e4li rukoukset ja ehtoollisen asettaminen halutaan toteuttaa uudemman <em>versus populum<\/em> -k\u00e4yt\u00e4nn\u00f6n mukaisesti siten, ett\u00e4 pappi on koko ajan kasvot kohti seurakuntaa. <\/p>\n\n\n\n<p>Mets\u00e4kirkossa ei toistaiseksi ole omaa kastemaljaa. Asia on ty\u00f6n alla. Pappi huolehtii kastemaljan j\u00e4rjest\u00e4misest\u00e4 kasteita varten.<\/p>\n\n\n\n<p>Kirkko on avoinna arboretumin aukioloaikojen puitteissa tutustumista ja hiljentymist\u00e4 varten. Lis\u00e4ksi siell\u00e4 j\u00e4rjestet\u00e4\u00e4n silloin t\u00e4ll\u00f6in Elim\u00e4en seurakunnan tilaisuuksia, joihin on vapaa p\u00e4\u00e4sy. Mets\u00e4kirkko on vihitty luterilaiseksi kirkoksi, mutta my\u00f6s muut kristilliset kirkkokunnat, s\u00e4\u00e4nt\u00f6kunnat, killat, yhdistykset ja harrastuspiirit ovat tervetulleita kehitt\u00e4m\u00e4\u00e4n toimintaa Mets\u00e4kirkkoon.<\/p>\n\n\n\n<p>Mets\u00e4kirkko on varattavissa kasteita, h\u00e4it\u00e4 ym. yksityistilaisuuksia varten pient\u00e4 korvausta vastaan. Varaukset <strong><u><a href=\"https:\/\/mustila.fi\/ota_yhteytta\/\">arboretumin toimistosta<\/a><\/u><\/strong>. Kirkon k\u00e4ytt\u00e4ji\u00e4 pyydet\u00e4\u00e4n kunnioittamaan mets\u00e4kirkon olemusta sakraalitilana. Tarjoilut ja meluisammat ja leikkimieliset juhlien jatkot on mahdollista j\u00e4rjest\u00e4\u00e4 mets\u00e4kirkon viereisell\u00e4 <a href=\"https:\/\/mustila.fi\/alueet\/juhlapaikka\/\">Juhlapaikalla<\/a>, <a href=\"https:\/\/mustila.fi\/puistokahvila\/\">Puistokahvilassa<\/a> tai <a href=\"https:\/\/mustilaviini.fi\/\" target=\"_blank\" rel=\"noopener\">Mustila Viinin<\/a> Viinituvalla. Viimemainittujen kanssa voi sopia ennakkoon my\u00f6s herkulliset sy\u00f6miset ja juomiset. <\/p>\n\n\n\n<p><\/p>\n","protected":false},"excerpt":{"rendered":"<p>Arboretum Mustilan mets\u00e4kirkko rakennettiin arboretumin etel\u00e4rinteelle yli satavuotiaitten tornimaisten serbiankuusten suojaamaan mets\u00e4huoneeseen kev\u00e4\u00e4ll\u00e4 2013 emeritusprofessori Peter M. A. Tigerstedtin ja el\u00e4k\u00f6ityneen kirkkoherran Osmo Puhakan yhteisest\u00e4 aloitteesta. Sen vihki k\u00e4ytt\u00f6\u00f6ns\u00e4 emerituspiispa Voitto Huotari 8. kes\u00e4kuuta 2013. Mets\u00e4kirkko on Elim\u00e4en kolmas k\u00e4yt\u00f6ss\u00e4 oleva kirkko, 1638 rakennetun Elim\u00e4en kirkon ja 1951 valmistuneen Korian kirkon lis\u00e4ksi. Mets\u00e4kirkkoa rajaa yli [&hellip;]<\/p>\n","protected":false},"author":9,"featured_media":0,"parent":0,"menu_order":0,"comment_status":"closed","ping_status":"closed","template":"","meta":{"iawp_total_views":281,"footnotes":""},"class_list":["post-18254","page","type-page","status-publish","hentry"],"_links":{"self":[{"href":"https:\/\/mustila.fi\/en\/wp-json\/wp\/v2\/pages\/18254","targetHints":{"allow":["GET"]}}],"collection":[{"href":"https:\/\/mustila.fi\/en\/wp-json\/wp\/v2\/pages"}],"about":[{"href":"https:\/\/mustila.fi\/en\/wp-json\/wp\/v2\/types\/page"}],"author":[{"embeddable":true,"href":"https:\/\/mustila.fi\/en\/wp-json\/wp\/v2\/users\/9"}],"replies":[{"embeddable":true,"href":"https:\/\/mustila.fi\/en\/wp-json\/wp\/v2\/comments?post=18254"}],"version-history":[{"count":0,"href":"https:\/\/mustila.fi\/en\/wp-json\/wp\/v2\/pages\/18254\/revisions"}],"wp:attachment":[{"href":"https:\/\/mustila.fi\/en\/wp-json\/wp\/v2\/media?parent=18254"}],"curies":[{"name":"wp","href":"https:\/\/api.w.org\/{rel}","templated":true}]}}