{"id":6504,"date":"2023-07-27T09:14:57","date_gmt":"2023-07-27T09:14:57","guid":{"rendered":"https:\/\/mustila.fi\/?page_id=6504"},"modified":"2023-07-27T09:14:58","modified_gmt":"2023-07-27T09:14:58","slug":"mustila-kasvupaikkana","status":"publish","type":"page","link":"https:\/\/mustila.fi\/en\/mustila-kasvupaikkana\/","title":{"rendered":"Mustila kasvupaikkana"},"content":{"rendered":"\n<figure class=\"wp-block-image\"><img decoding=\"async\" src=\"\/wp-content\/uploads\/tiedostot\/levinn.gif\" alt=\"levinn.gif\"\/><\/figure>\n\n\n\n<h3 class=\"wp-block-heading\">Maantieteellinen sijainti<\/h3>\n\n\n\n<p>Arboretum Mustila sijaitsee boreaalisen havumets\u00e4vy\u00f6hykkeen etel\u00e4reunalla kohdassa&nbsp;60\u00b0 44\u2019 pohjoista leveytt\u00e4 ja 26\u00b0 29\u2019 it\u00e4ist\u00e4 pituutta. Suomenlahdelle on matkaa noin&nbsp;25 kilometri\u00e4. Arboretumin korkein kohta (Kenk\u00e4kallio) kohoaa 76 m merenpinnan yl\u00e4puolelle ja alavimmat alueet (Tammimets\u00e4) ovat noin 40 m mpy. Hedelm\u00e4puiden ja koristekasvien menestymisvy\u00f6hykkeiden mukaisen jaon perusteella Mustila on II- ja III-menestymisvy\u00f6hykkeiden rajalla. Arboretumin alueella on kuitenkin pienilmastoltaan huomattavasti toisistaan poikkeavia alueita: l\u00e4mpimi\u00e4 etel\u00e4rinteit\u00e4, suojaisia laaksoja, viile\u00e4n-kosteita pohjoisrinteit\u00e4, kylmi\u00e4 savi- ja suomaita. Istutuksia suunnitellessa on pyritty l\u00f6yt\u00e4m\u00e4\u00e4n kullekin kasvilajille sen luontaisia kasvupaikkavaatimuksia parhaiten vastaava istutuspaikka.<\/p>\n\n\n\n<h3 class=\"wp-block-heading\">Ilmasto<\/h3>\n\n\n\n<p>Suomi kuuluu kokonaisuudessaan boreaaliseen eli pohjoiseen havumets\u00e4vy\u00f6hykkeeseen, joka sirkumpolaarisena kiert\u00e4\u00e4 pohjoista pallonpuoliskoa. Vy\u00f6hykkeelle on tyypillist\u00e4 pitk\u00e4 ja kylm\u00e4 talvi sek\u00e4 lyhyt ja viile\u00e4 kes\u00e4. Suomen ilmastoon antavat oman leimansa sek\u00e4 Golfvirta ett\u00e4 id\u00e4ss\u00e4 levitt\u00e4ytyv\u00e4 laaja Euraasian manner. Golfvirran sek\u00e4 vallitsevien l\u00e4nsi- ja lounaistuulten ansiosta Suomen ilmasto on suotuisampi kuin muualla vastaavilla leveysasteilla.<\/p>\n\n\n\n<p>Mustila sijaitsee etel\u00e4boreaalisella alavy\u00f6hykkeell\u00e4, joka mereisyys-mantereisuusasteikolla on liev\u00e4sti mereinen. Ilmastojaksot voivat olla suhteellisen mereisi\u00e4 (pitk\u00e4t lauhat syksyt, sateiset, viile\u00e4t kes\u00e4t), toisaalta hyvinkin mantereisia (kovia talvipakkasia, ohuelti lunta, kuivia ja kuumia kesi\u00e4).<\/p>\n\n\n\n<p>Terminen kasvukausi (se osa vuodesta, jolloin vuorokautinen keskil\u00e4mp\u00f6tila on yli + 5\u00b0C) alkaa keskim\u00e4\u00e4rin 30.4. ja p\u00e4\u00e4ttyy 15.10. N\u00e4in ollen kasvukauden pituus on noin 170 vuorokautta. Keskim\u00e4\u00e4r\u00e4inen tehoisan l\u00e4mp\u00f6tilan summa on 1240 d.d., kun Suomen edullisimmilla alueilla se on noin 1300 d.d.. Tehoisalla l\u00e4mp\u00f6tilan summalla tarkoitetaan 5 asteen ylitt\u00e4vien vuorokausikeskil\u00e4mp\u00f6tilojen summaa, johon monien kasvien luontainen kasvurytmi (kasvuunl\u00e4ht\u00f6, kukinta, siementen kypsyminen, versojen tuleentuminen ja ruska) reagoivat. Minimil\u00e4mp\u00f6tilojen ohella l\u00e4mp\u00f6summalla on ratkaiseva merkitys arkojen kasvien menestymiselle.<\/p>\n\n\n\n<p>Hallaisuuden osalta arboretum sijaitsee alueella 5, jossa pakkasettoman jakson pituus on 100\u2013115 vuorokautta. Roudan paksuus on keskim\u00e4\u00e4rin 30\u201340 cm, ja se sulaa yleens\u00e4 ennen kasvukauden alkua. Vuoden keskil\u00e4mp\u00f6tila on Mustilassa + 4,4\u00b0C. L\u00e4mpimin kuukausi on hein\u00e4kuu, jolloin keskil\u00e4mp\u00f6tila on + 17\u00b0C. Kylmin kuukausi on tammikuu, keskil\u00e4mp\u00f6tila -6,6\u00b0C. Korkein mitattu l\u00e4mp\u00f6tila on +35\u00b0 C (2010) ja alhaisin -43,5 \u00b0C (1940).<\/p>\n\n\n\n<p>Vuotuinen sadem\u00e4\u00e4r\u00e4 on 693 mm, josta veden osuus on 2\/3 ja lumen 1\/3. Vuotuinen haihdunta on puolestaan 425 mm, joten ilmasto on liev\u00e4sti humidinen (sataa enemm\u00e4n kuin haihtuu). Lumen keskim\u00e4\u00e4r\u00e4inen syvyys on 20 cm. Paksuimmillaan se on helmikuussa (44 cm) ja ohuimmillaan huhti- ja lokakuussa (1 cm).<\/p>\n\n\n\n<p>(Tiedot: Ilmatieteen laitos, Lapinj\u00e4rven mittausasema, v.1971\u20132000. Sitten yll\u00e4olevan tekstin laatimisen on arboretuminkin alueella n\u00e4kynyt ilmaston l\u00e4mpeneminen mm. kasvaneena l\u00e4mp\u00f6summana, pidentynein\u00e4 kasvukausina ja talven keskim\u00e4\u00e4r\u00e4isen minimil\u00e4mp\u00f6tilan kohoamisena).<\/p>\n\n\n\n<h3 class=\"wp-block-heading\">Maaper\u00e4<\/h3>\n\n\n\n<p>Arboretumin perustana oleva kallio on hyvin vanhaa, sill\u00e4 se on syntynyt prekambrisella kaudella yli 2 miljardia vuotta sitten. Mustila kuuluu Kaakkois-Suomen rapakivialueeseen, jolle on tyypillist\u00e4 helposti rapautuva, suhteellisen happaman punaisen graniittin eli rapakivi.<\/p>\n\n\n\n<p>Maaper\u00e4 vaihtelee Arboretumin alueella suuresti, ja arboretumista l\u00f6yt\u00e4\u00e4 l\u00e4hes l\u00e4hes koko mets\u00e4tyyppikirjon lehdoista karukkokankaisiin ja avokallioihin asti.<\/p>\n\n\n\n<p>Puiston reunavy\u00f6hykkeet ovat p\u00e4\u00e4osin vanhoja savipohjaisia kaurapeltoja, joiden kasvupaikkaominaisuudet eiv\u00e4t ole erityisen hyv\u00e4t. Ravinteita savimaassa kyll\u00e4 on, mutta savi sitoo ne tiukasti, jolloin ne eiv\u00e4t ole helposti kasvien k\u00e4ytett\u00e4viss\u00e4. Lis\u00e4ksi j\u00e4ykk\u00e4 savimaa on kylm\u00e4 ja v\u00e4h\u00e4happinen kasvualusta, jonka silkka kovuus jo on esteen\u00e4 monien puulajien juurten kasvulle.<\/p>\n\n\n\n<p>Syvemm\u00e4ll\u00e4 Arboretumin alueella savi vaihettuu moreeniksi, joka soveltuu huomattavasti paremmin puiden kasvualustaksi. T\u00e4h\u00e4n on syyn\u00e4 maalajin edullinen huokosrakenne, joka l\u00e4p\u00e4isee vett\u00e4 suhteellisen hyvin, ja jonka ansiosta ravinteet ovat helposti kasvien saatavilla. Mustilan moreenimaat ovat p\u00e4\u00e4asiallisesti hietamoreenia.<\/p>\n\n\n\n<p>Noustaessa kohti Arboretumin korkeinta kohtaa muuttuu hietamoreeni aluksi hiekka- ja edelleen soramoreeniksi, joka on helposti vett\u00e4 l\u00e4p\u00e4isev\u00e4 ja niukkaravinteinen kasvualusta. Arboretumin korkeimmat kohdat ovat paljasta avokalliota, jonka liepeill\u00e4 kasvaa l\u00e4hinn\u00e4 sammalia, j\u00e4k\u00e4l\u00e4\u00e4, kanervaa ja m\u00e4nty\u00e4. Rehevimm\u00e4t kasvupaikat l\u00f6ytyv\u00e4t kosteista laaksoista, joista voi l\u00f6yt\u00e4\u00e4 niin soistuvia kuusikorpi kuin lehtomaisia kangasmetsi\u00e4.<\/p>\n\n\n\n<p>Varsinaista lehtoa Arboretumin alueella on hyvin v\u00e4h\u00e4n, mik\u00e4 asettaa omat rajoituksensa vaateliaiden lehtipuiden kasvatukselle metsikk\u00f6mitassa. Sen sijaan monilla havupuille otollisia tuoreita tai lehtomaisia, l\u00e4p\u00e4isevi\u00e4 kangasmaita on runsaasti.<\/p>\n","protected":false},"excerpt":{"rendered":"<p>Maantieteellinen sijainti Arboretum Mustila sijaitsee boreaalisen havumets\u00e4vy\u00f6hykkeen etel\u00e4reunalla kohdassa&nbsp;60\u00b0 44\u2019 pohjoista leveytt\u00e4 ja 26\u00b0 29\u2019 it\u00e4ist\u00e4 pituutta. Suomenlahdelle on matkaa noin&nbsp;25 kilometri\u00e4. Arboretumin korkein kohta (Kenk\u00e4kallio) kohoaa 76 m merenpinnan yl\u00e4puolelle ja alavimmat alueet (Tammimets\u00e4) ovat noin 40 m mpy. Hedelm\u00e4puiden ja koristekasvien menestymisvy\u00f6hykkeiden mukaisen jaon perusteella Mustila on II- ja III-menestymisvy\u00f6hykkeiden rajalla. Arboretumin alueella [&hellip;]<\/p>\n","protected":false},"author":2,"featured_media":0,"parent":0,"menu_order":0,"comment_status":"closed","ping_status":"closed","template":"","meta":{"iawp_total_views":220,"footnotes":""},"class_list":["post-6504","page","type-page","status-publish","hentry"],"_links":{"self":[{"href":"https:\/\/mustila.fi\/en\/wp-json\/wp\/v2\/pages\/6504","targetHints":{"allow":["GET"]}}],"collection":[{"href":"https:\/\/mustila.fi\/en\/wp-json\/wp\/v2\/pages"}],"about":[{"href":"https:\/\/mustila.fi\/en\/wp-json\/wp\/v2\/types\/page"}],"author":[{"embeddable":true,"href":"https:\/\/mustila.fi\/en\/wp-json\/wp\/v2\/users\/2"}],"replies":[{"embeddable":true,"href":"https:\/\/mustila.fi\/en\/wp-json\/wp\/v2\/comments?post=6504"}],"version-history":[{"count":0,"href":"https:\/\/mustila.fi\/en\/wp-json\/wp\/v2\/pages\/6504\/revisions"}],"wp:attachment":[{"href":"https:\/\/mustila.fi\/en\/wp-json\/wp\/v2\/media?parent=6504"}],"curies":[{"name":"wp","href":"https:\/\/api.w.org\/{rel}","templated":true}]}}