{"id":6524,"date":"2026-01-30T11:05:00","date_gmt":"2026-01-30T09:05:00","guid":{"rendered":"https:\/\/mustila.fi\/?page_id=6524"},"modified":"2026-01-30T11:06:43","modified_gmt":"2026-01-30T09:06:43","slug":"mustila-kirjallisuutta","status":"publish","type":"page","link":"https:\/\/mustila.fi\/en\/mustila-kirjallisuutta\/","title":{"rendered":"Mustila-kirjallisuutta"},"content":{"rendered":"\n<p>Socker af l\u00f6nn<br>Tigerstedt, A. F. 1921<br>Suomen mets\u00e4nhoitoyhdistyksen julkaisuja 28: 9\u201311<\/p>\n\n\n\n<p><strong><a href=\"https:\/\/helda.helsinki.fi\/handle\/10138\/17063\" target=\"_blank\" rel=\"noopener\">Mustilan Kotikunnas I: havupuut<\/a><\/strong><br>Tigerstedt, A. F.&nbsp;<br>Acta Forestalia Fennica. 1922. 24(2): 1\u2013231<br>Werner S\u00f6derstr\u00f6m Osakeyhti\u00f6. Porvoo. 231 s.&nbsp;<\/p>\n\n\n\n<p>Mustilan Kotikunnas II: lehtipuut<br>Tigerstedt, A. F.&nbsp;<br>Keskener\u00e4inen, julkaisematon k\u00e4sikirjoitus. Peter M. A. Tigerstedtin hallussa.&nbsp;<\/p>\n\n\n\n<p><a href=\"\/wp-content\/uploads\/tiedostot\/tigerstedt_1925_marschroute.pdf\"><strong>Marschroute der Deutschen Dendrologischen Gesellschaft durch das Pinetum in Mustila<\/strong><\/a><br>Tigerstedt, A. F.<br>A.-B. F. Tilgmann. Helsingfors. 1925.<br>[sis\u00e4lt\u00e4\u00e4 ainoan koskaan piirretyn kattavan Mustilan istutusten kartan, joka valitettavasti viel\u00e4 skannaamatta verkksivuja varten]<\/p>\n\n\n\n<p>Dendrologins yttersta m\u00e5l och medel<br>Tigerstedt, A. F.<br>Forstlig Tidsskrift 1926: 81\u201385<\/p>\n\n\n\n<p>Pinus murrayana<br>Tigerstedt, A. F.<br>Forstlig Tidsskrift 1927: 31\u201348<\/p>\n\n\n\n<p><a href=\"\/eino-leino-mustilan-kotikunnas-fragmentti\/\"><strong>Mustilan Kotikunnas<\/strong><\/a><br>Eino Leinon kirjoittama fragmentti 1920-luvulta<\/p>\n\n\n\n<p>III&nbsp;World Forestry Congress&nbsp;Excursion Guide to Arboretum Mustila<br>Anon. [Tigerstedt, C.G.]<br>Tilgmanns Tryckeri. 1949.<\/p>\n\n\n\n<p><a href=\"\/c-g-tigerstedt-ca-1950-arboretum-mustila\/\"><strong>Arboretum Mustila<\/strong><\/a><br>Tigerstedt, C. G.<br>julkaisematon (?) muistelmak\u00e4sikirjoitus, n. 1950-1960<\/p>\n\n\n\n<p>Utl\u00e4ndka l\u00f6vtr\u00e4d p\u00e5 Mustila<br>Forslund, Bo &amp;&nbsp;Tigerstedt, Peter<br>Laudaturarbete. Helsingfors Universitet. 1959.<\/p>\n\n\n\n<p><a href=\"\/wp-content\/uploads\/files\/mustilan_kotikunnas_1963_peter_tigerstedt.pdf\"><strong>Mustilan Kotikunnas<\/strong><\/a><br>Tigerstedt, Peter M. A.<br>Ankkapurha V, s. 48-56. Kymenlaakson osakunta. 1963.<\/p>\n\n\n\n<p>Abies-lajien kasvu, viljely ja viihtyminen Mustilan arboretumissa<br>Ik\u00e4valko, Kari<br>Laudaturty\u00f6. Helsingin Yliopisto. 1968.<\/p>\n\n\n\n<p>Picea-suku Mustilan arboretumissa<br>H\u00e4m\u00e4l\u00e4inen, Seppo<br>Laudaturty\u00f6. Helsingin Yliopisto. 1969.<\/p>\n\n\n\n<p>Dendrologiska experiment p\u00e5 Arboretum Mustila<br>Tigerstedt, P. M. A.&nbsp;<br>Lustg\u00e5rden 1970: 141\u2013174<\/p>\n\n\n\n<p>Rhododendron brachycarpum D.Don ex Don ssp. tigerstedtii eine neue Unterart<br>Nitzelius, Tor 1970<br>Deutsche Baumschule 22(7): 207\u2013212<\/p>\n\n\n\n<p><a href=\"http:\/\/scholar.lib.vt.edu\/ejournals\/JARS\/v26n3\/v26n3-nitzelius.htm\" target=\"_blank\" rel=\"noopener\"><strong>Rhododendron brachycarpum D. Don ex Don ssp. tigerstedtii a new subspecies<\/strong><\/a><br>Nitzelius, Tor 1972<br>Journal of the American Rhododendron Society: Vol. 26 no. 3<\/p>\n\n\n\n<p>A tentative list of plants growing in the Arboretum Mustila (<a href=\"\/wp-content\/uploads\/tiedostot\/penan_lista_harmaasavy.pdf\"><strong>PDF 8,23 Mt<\/strong><\/a>&nbsp;\/<strong>&nbsp;<a href=\"\/wp-content\/uploads\/tiedostot\/penan_lista_mv.pdf\">PDF 544 kt<\/a><\/strong>)<br>Alanko, Pentti<br>K\u00e4sikirjoitus. 1972.<\/p>\n\n\n\n<p>Arboretum Mustila:&nbsp;Kotikunnas [opaskirja\/kohdeselostekirja]<br>Anonyymi [Axel ja\/tai P.M.A.Tigerstedt]<br>Painovalmiste. Helsinki. 1982.<\/p>\n\n\n\n<p>Arboretum Mustila: parhaiten menestyneet puut ja pensaat<br>Tigerstedt, Peter M. A. &amp;&nbsp;Uosukainen, Marjatta<br>artikkelisarja Puutarha-lehdess\u00e4 1981\u20131983.<\/p>\n\n\n\n<p>Arboretum Mustila 1986&nbsp;[Summary of plantations with origins and map in English]<br>Tigerstedt, P. M. A. (editor)<br>Publication of the Suomi Dendrological Society, Vol. 2. Helsinki. 1986.<\/p>\n\n\n\n<p>Breeding of frosthardy rhododendrons<br>Uuosukainen, Marjatta&nbsp;&amp; Tigerstedt, P. M. A. 1988<br>Journal of Agricultural Science in Finland 60: 235-254<\/p>\n\n\n\n<p>Arboretum Mustila: svensk v\u00e4gledning<br>Tigerstedt, Axel&nbsp;<br>Arboretum Mustila Stiftelsen 1990. 24 s.&nbsp;<\/p>\n\n\n\n<p>Mustila Arboretum as a centre for introducing and breeding shrubs and trees<br>90th Anniversary Jubilee Symposium of Mustila Arboretum [article collection]<br>Moisio Manor 19-21 August \/&nbsp;Yliopistopaino 1992<\/p>\n\n\n\n<p>Pohjoisen Amerikan lehtipuita Suomeen &#8211; siemenkeruumatka Suurten J\u00e4rvien l\u00e4nsipuolelle<br>Reinikainen, Jukka<br>Sorbifolia vol. 25 (1994) no. 1: 37\u201346.<\/p>\n\n\n\n<p>Breeding cold-hardy rhododendrons<br>Tigerstedt, P. &amp; Uosukainen M. 1996&nbsp;<br>Journal of the American Rhododendron Society 50 (4): 185-189<\/p>\n\n\n\n<p>Arboretum Mustila: Retkeilyopas<br>anonyymi (kirjoittanut Jari Johansson &#8211; valokuvat Jukka Reinikainen)<br>Mustilan kotikunnass\u00e4\u00e4ti\u00f6. 1998. Kuvitettu ja t\u00e4ydennetty painos 2002.&nbsp;<\/p>\n\n\n\n<p>Mustilanalppiruusun tarina<br>Hagman, Max. &amp; Autio, Antti<br>Sorbifolia vol. 30 (1999) no. 1: 25\u201330.<br><br>Siemenkeruumatka it\u00e4iseen Pohjois-Amerikkaan 1996<br>Autio, Antti<br>Sorbifolia vol. 30 (1999) no. 2: 87\u2013102.<\/p>\n\n\n\n<p>Arboretum Mustila &#8211; 100 \u00e5r av dendrologi<br>Autio, Antti &amp;&nbsp;Hagman Max.<br>Lustg\u00e5rden 2002: 49\u201356.<\/p>\n\n\n\n<p><a href=\"\/wp-content\/uploads\/files\/342_Autio_Mustilan_3_siemenkeruuretki.pdf\"><strong>Mustilan III siemenkeruuretki Kanadaan<\/strong><\/a><br>Autio, Antti<br>Sorbifolia vol. 34 (2003) no. 2: 72\u201381.<\/p>\n\n\n\n<p>Ulkomaisten havupuulajien luontainen uudistuminen Arboretum Mustilassa<br>Lampinen, Elisa<br>Opinn\u00e4ytety\u00f6. Kymenlaakson ammattikorkeakoulu, mets\u00e4talouden koulutusohjelma. 2007.<\/p>\n\n\n\n<p>Mustilan arboretumin siemenkeruumatka Slovakiaan 2.\u20137.10.2005<br>Ujula, Juha<br>Sorbifolia vol. 41 (2010) no. 4: 173\u2013184.<\/p>\n\n\n\n<p><a href=\"https:\/\/publications.theseus.fi\/handle\/10024\/14580\" target=\"_blank\" rel=\"noopener\"><strong>Pihtakirvojen esiintyminen Arboretum Mustilassa<\/strong><\/a><br>Roimola, Heli<br>Opinn\u00e4ytety\u00f6. Kymenlaakson ammattikorkeakoulu, mets\u00e4talouden koulutusohjelma. 2010.<\/p>\n\n\n\n<p><a href=\"\/lumoava-metsapuisto-arboretum-mustila\/\"><strong>Lumoava mets\u00e4puisto: Arboretum Mustila<\/strong><\/a><br>Laine, M. &amp;&nbsp;Kolkka, K.L. &amp;&nbsp;L\u00e4hteem\u00e4ki, J&nbsp;&amp;&nbsp;Saarinen, J.<br>Arboretum Mustilan yst\u00e4v\u00e4t ry. 2010<\/p>\n\n\n\n<p>Arboretum Mustilassa viljellyt&nbsp;tammet<br>Saarinen, Jaakko &amp;&nbsp;Autio, Antti<br>Sorbifolia vol.&nbsp;43 (2012) no. 4: 148\u2013170.<\/p>\n\n\n\n<p>Arboretum Mustila: Retkeilyopas<br>Saarinen, Jaakko<br>Mustilan Kotikunnass\u00e4\u00e4ti\u00f6. 2013<\/p>\n\n\n\n<p><a href=\"https:\/\/www.theseus.fi\/handle\/10024\/111500\" target=\"_blank\" rel=\"noopener\"><strong>Arboretum Mustilan mets\u00e4perennaistutusten kartoitus<\/strong><\/a><br>Kanervo, Katja<br>Opinn\u00e4ytety\u00f6. H\u00e4meen Ammattikorkeakoulu, Lepaa, puutarhatalous. 2016.<\/p>\n\n\n\n<p><strong><a href=\"https:\/\/www.theseus.fi\/handle\/10024\/124171\" target=\"_blank\" rel=\"noopener\">Ulkomaisten havupuiden menestyminen ja k\u00e4ytt\u00f6 Suomessa<\/a><\/strong><br>Kiiskinen, Lauri<br>Opinn\u00e4ytety\u00f6. Mets\u00e4talouden koulutusohjelma, Kaakkois-Suomen Ammattikorkeakoulu. 2017.<\/p>\n\n\n\n<p><a href=\"https:\/\/helda.helsinki.fi\/handle\/10138\/315842\" target=\"_blank\" rel=\"noopener\"><strong>Mustilan arboretumin varttuneiden havupuuistutusten menestyminen ja fenotyyppinen vaihtelu<\/strong><\/a><br>Turunen, Tuuli<br>Pro Gradu -tutkielma. Helsingin yliopisto. 2020.<\/p>\n\n\n\n<p><strong><a href=\"https:\/\/www.hel.fi\/static\/liitteet\/kaupunkiymparisto\/julkaisut\/aineistot\/aineistoja-06-23.pdf\" target=\"_blank\" rel=\"noopener\">Helsingin kaupungin ja Arboretum Mustilan taimihanke: Uusia kasvilajeja kaupunkikasvillisuuteen<\/a><\/strong><br>Tegel, Satu &amp; Terho, Minna &amp; Saarinen, Jaakko &amp; Reinikainen, Jukka<br>Helsingin kaupunki. Kaupunkiymp\u00e4rist\u00f6n aineistoja 2023:6.<\/p>\n\n\n\n<p><\/p>\n","protected":false},"excerpt":{"rendered":"<p>Socker af l\u00f6nnTigerstedt, A. F. 1921Suomen mets\u00e4nhoitoyhdistyksen julkaisuja 28: 9\u201311 Mustilan Kotikunnas I: havupuutTigerstedt, A. F.&nbsp;Acta Forestalia Fennica. 1922. 24(2): 1\u2013231Werner S\u00f6derstr\u00f6m Osakeyhti\u00f6. Porvoo. 231 s.&nbsp; Mustilan Kotikunnas II: lehtipuutTigerstedt, A. F.&nbsp;Keskener\u00e4inen, julkaisematon k\u00e4sikirjoitus. Peter M. A. Tigerstedtin hallussa.&nbsp; Marschroute der Deutschen Dendrologischen Gesellschaft durch das Pinetum in MustilaTigerstedt, A. F.A.-B. F. Tilgmann. Helsingfors. 1925.[sis\u00e4lt\u00e4\u00e4 [&hellip;]<\/p>\n","protected":false},"author":9,"featured_media":0,"parent":0,"menu_order":0,"comment_status":"closed","ping_status":"closed","template":"","meta":{"iawp_total_views":142,"footnotes":""},"class_list":["post-6524","page","type-page","status-publish","hentry"],"_links":{"self":[{"href":"https:\/\/mustila.fi\/en\/wp-json\/wp\/v2\/pages\/6524","targetHints":{"allow":["GET"]}}],"collection":[{"href":"https:\/\/mustila.fi\/en\/wp-json\/wp\/v2\/pages"}],"about":[{"href":"https:\/\/mustila.fi\/en\/wp-json\/wp\/v2\/types\/page"}],"author":[{"embeddable":true,"href":"https:\/\/mustila.fi\/en\/wp-json\/wp\/v2\/users\/9"}],"replies":[{"embeddable":true,"href":"https:\/\/mustila.fi\/en\/wp-json\/wp\/v2\/comments?post=6524"}],"version-history":[{"count":0,"href":"https:\/\/mustila.fi\/en\/wp-json\/wp\/v2\/pages\/6524\/revisions"}],"wp:attachment":[{"href":"https:\/\/mustila.fi\/en\/wp-json\/wp\/v2\/media?parent=6524"}],"curies":[{"name":"wp","href":"https:\/\/api.w.org\/{rel}","templated":true}]}}