{"id":6541,"date":"2023-07-27T09:51:55","date_gmt":"2023-07-27T09:51:55","guid":{"rendered":"https:\/\/mustila.fi\/?page_id=6541"},"modified":"2023-09-26T19:40:50","modified_gmt":"2023-09-26T19:40:50","slug":"projektit-ukk","status":"publish","type":"page","link":"https:\/\/mustila.fi\/en\/projektit-ukk\/","title":{"rendered":"Projektit: UKK"},"content":{"rendered":"\n<p>Arboretumia hoitava Mustilan Kotikunnass\u00e4\u00e4ti\u00f6 k\u00e4ynnisti 1997 Maa- ja mets\u00e4talousministeri\u00f6n avustuksella projektin, jonka tavoitteena oli valita uusia talvenkest\u00e4vi\u00e4 koristekasvilajeja sek\u00e4 k\u00e4ynnist\u00e4\u00e4 valittujen lajien taimikasvatus. K\u00e4ynnistett\u00e4v\u00e4n tuotannon avulla on tarkoitus lis\u00e4t\u00e4 puistojemme ja muiden viheristutusten lajirunsautta k\u00e4ytt\u00e4en Suomen ilmastoon soveltuvia testattuja ja talvenkest\u00e4vi\u00e4 lis\u00e4yskantoja.<\/p>\n\n\n\n<h3 class=\"wp-block-heading\"><a href=\"https:\/\/mustila.fi\/uudet-kestavat-koristekasvit-ukk-hankkeen-tausta\/\" data-type=\"page\" data-id=\"17628\">Hankkeen tausta<\/a><\/h3>\n\n\n\n<h3 class=\"wp-block-heading\"><a href=\"https:\/\/mustila.fi\/tavoitteet\/\" data-type=\"page\" data-id=\"6548\">Hankkeen tavoitteet<\/a><\/h3>\n\n\n\n<h3 class=\"wp-block-heading\"><a href=\"https:\/\/mustila.fi\/lajiluettelo\/\" data-type=\"page\" data-id=\"6651\">Hankkeen lajiluettelo<\/a><\/h3>\n\n\n\n<p><\/p>\n\n\n\n<h3 class=\"wp-block-heading\">Taimikasvattajat<\/h3>\n\n\n\n<ul class=\"wp-block-list\">\n<li><a target=\"_blank\" href=\"http:\/\/www.wakkanet.fi\/~hikkori\/\" rel=\"noreferrer noopener\">Hannu Kortesniemi, Isojoki<\/a><\/li>\n\n\n\n<li><a target=\"_blank\" href=\"http:\/\/www.saunalahti.fi\/vemr\/\" rel=\"noreferrer noopener\">Vakka-Taimi \/ Vesa Muurinen, Pyh\u00e4ranta<\/a><\/li>\n\n\n\n<li>Jussi Salonen, Peltolantie 23, 36720 Aitoo, GSM: 040- 5522110<\/li>\n<\/ul>\n","protected":false},"excerpt":{"rendered":"<p>Arboretumia hoitava Mustilan Kotikunnass\u00e4\u00e4ti\u00f6 k\u00e4ynnisti 1997 Maa- ja mets\u00e4talousministeri\u00f6n avustuksella projektin, jonka tavoitteena oli valita uusia talvenkest\u00e4vi\u00e4 koristekasvilajeja sek\u00e4 k\u00e4ynnist\u00e4\u00e4 valittujen lajien taimikasvatus. K\u00e4ynnistett\u00e4v\u00e4n tuotannon avulla on tarkoitus lis\u00e4t\u00e4 puistojemme ja muiden viheristutusten lajirunsautta k\u00e4ytt\u00e4en Suomen ilmastoon soveltuvia testattuja ja talvenkest\u00e4vi\u00e4 lis\u00e4yskantoja. Hankkeen tausta Hankkeen tavoitteet Hankkeen lajiluettelo Taimikasvattajat<\/p>\n","protected":false},"author":2,"featured_media":0,"parent":0,"menu_order":0,"comment_status":"closed","ping_status":"closed","template":"","meta":{"iawp_total_views":30,"footnotes":""},"class_list":["post-6541","page","type-page","status-publish","hentry"],"_links":{"self":[{"href":"https:\/\/mustila.fi\/en\/wp-json\/wp\/v2\/pages\/6541","targetHints":{"allow":["GET"]}}],"collection":[{"href":"https:\/\/mustila.fi\/en\/wp-json\/wp\/v2\/pages"}],"about":[{"href":"https:\/\/mustila.fi\/en\/wp-json\/wp\/v2\/types\/page"}],"author":[{"embeddable":true,"href":"https:\/\/mustila.fi\/en\/wp-json\/wp\/v2\/users\/2"}],"replies":[{"embeddable":true,"href":"https:\/\/mustila.fi\/en\/wp-json\/wp\/v2\/comments?post=6541"}],"version-history":[{"count":0,"href":"https:\/\/mustila.fi\/en\/wp-json\/wp\/v2\/pages\/6541\/revisions"}],"wp:attachment":[{"href":"https:\/\/mustila.fi\/en\/wp-json\/wp\/v2\/media?parent=6541"}],"curies":[{"name":"wp","href":"https:\/\/api.w.org\/{rel}","templated":true}]}}