{"id":6551,"date":"2025-04-24T06:00:00","date_gmt":"2025-04-24T06:00:00","guid":{"rendered":"https:\/\/mustila.fi\/?page_id=6551"},"modified":"2025-04-24T21:20:30","modified_gmt":"2025-04-24T21:20:30","slug":"siemenrekisteri","status":"publish","type":"page","link":"https:\/\/mustila.fi\/en\/siemenrekisteri\/","title":{"rendered":"Siemenrekisteri"},"content":{"rendered":"\n<p>Siemenrekisteriss\u00e4 ovat kaikki Arboretum Mustilan vuodesta 1989 l\u00e4htien ker\u00e4\u00e4m\u00e4t tai tuomat siemener\u00e4t ja niiden alkuper\u00e4tiedot. Er\u00e4ill\u00e4 t\u00e4t\u00e4 varhaisemmilla siemenerill\u00e4 on mm. Mets\u00e4ntutkimuslaitoksen G-alkuisia tunnuksia tai ker\u00e4\u00e4j\u00e4kohtaisia tunnuksia. Verkkoversiossa ei toistaiseksi n\u00e4y vanhoja istutuksia eik\u00e4 sellaisia taimina tai pistokkaina saatua kasvimateriaalia, jolla ei ole karistamotunnusta.\u00a0<\/p>\n\n\n\n<p>Allaoleva ote siemenrekisterist\u00e4 on luettavissa Microsoft Excel -taulukkolaskentaohjelmalla. Siit\u00e4 on mahdollista mm. etsi\u00e4 Mustilasta ostamiensa siementen tai taimien alkuper\u00e4tiedot.<\/p>\n\n\n\n<p class=\"has-luminous-vivid-orange-background-color has-background\">Liit\u00e4 siemenrekisterin p\u00e4ivitetty tiedosto t\u00e4lle sivulle ladattavaksi.<\/p>\n","protected":false},"excerpt":{"rendered":"<p>Siemenrekisteriss\u00e4 ovat kaikki Arboretum Mustilan vuodesta 1989 l\u00e4htien ker\u00e4\u00e4m\u00e4t tai tuomat siemener\u00e4t ja niiden alkuper\u00e4tiedot. Er\u00e4ill\u00e4 t\u00e4t\u00e4 varhaisemmilla siemenerill\u00e4 on mm. Mets\u00e4ntutkimuslaitoksen G-alkuisia tunnuksia tai ker\u00e4\u00e4j\u00e4kohtaisia tunnuksia. Verkkoversiossa ei toistaiseksi n\u00e4y vanhoja istutuksia eik\u00e4 sellaisia taimina tai pistokkaina saatua kasvimateriaalia, jolla ei ole karistamotunnusta.\u00a0 Allaoleva ote siemenrekisterist\u00e4 on luettavissa Microsoft Excel -taulukkolaskentaohjelmalla. Siit\u00e4 on mahdollista [&hellip;]<\/p>\n","protected":false},"author":9,"featured_media":0,"parent":0,"menu_order":0,"comment_status":"closed","ping_status":"closed","template":"","meta":{"iawp_total_views":514,"footnotes":""},"class_list":["post-6551","page","type-page","status-publish","hentry"],"_links":{"self":[{"href":"https:\/\/mustila.fi\/en\/wp-json\/wp\/v2\/pages\/6551","targetHints":{"allow":["GET"]}}],"collection":[{"href":"https:\/\/mustila.fi\/en\/wp-json\/wp\/v2\/pages"}],"about":[{"href":"https:\/\/mustila.fi\/en\/wp-json\/wp\/v2\/types\/page"}],"author":[{"embeddable":true,"href":"https:\/\/mustila.fi\/en\/wp-json\/wp\/v2\/users\/9"}],"replies":[{"embeddable":true,"href":"https:\/\/mustila.fi\/en\/wp-json\/wp\/v2\/comments?post=6551"}],"version-history":[{"count":0,"href":"https:\/\/mustila.fi\/en\/wp-json\/wp\/v2\/pages\/6551\/revisions"}],"wp:attachment":[{"href":"https:\/\/mustila.fi\/en\/wp-json\/wp\/v2\/media?parent=6551"}],"curies":[{"name":"wp","href":"https:\/\/api.w.org\/{rel}","templated":true}]}}