{"id":6567,"date":"2023-07-28T12:00:00","date_gmt":"2023-07-28T12:00:00","guid":{"rendered":"https:\/\/mustila.fi\/?page_id=6567"},"modified":"2026-03-08T00:21:36","modified_gmt":"2026-03-07T22:21:36","slug":"liity-jaseneksi","status":"publish","type":"page","link":"https:\/\/mustila.fi\/en\/liity-jaseneksi\/","title":{"rendered":"Liity j\u00e4seneksi"},"content":{"rendered":"\n<p><strong>Yhdistyksen j\u00e4senmaksut v. 2025 ovat:<\/strong><\/p>\n\n\n\n<ul class=\"wp-block-list\">\n<li>Henkil\u00f6j\u00e4senen vuosimaksu 27,00 \u20ac<\/li>\n\n\n\n<li>Saman perheen toisen j\u00e4senen maksu 15,00 \u20ac<\/li>\n\n\n\n<li>Lapsij\u00e4sen 5,00 \u20ac<\/li>\n\n\n\n<li>Ainaisj\u00e4senyys 400,00 \u20ac (poistuu 25.4. alkaen, mutta vanhat ainaisj\u00e4senyydet s\u00e4ilyv\u00e4t)<\/li>\n\n\n\n<li>Kannatusj\u00e4senyys 240,00 \u20ac (esim. yritys- ja yhteis\u00f6j\u00e4senyydet)<\/li>\n<\/ul>\n\n\n\n<p><\/p>\n\n\n\n<p><strong>Yhdistykseen voit liitty\u00e4 l\u00e4hett\u00e4m\u00e4ll\u00e4 s\u00e4hk\u00f6postia osoitteeseen:&nbsp;<\/strong><a href=\"mailto:mustilan.ystavat@mustila.fi\">mustilan.ystavat@mustila.fi<\/a> tai puhelinsoitolla arboretumiin 05 3776679<\/p>\n\n\n\n<p><\/p>\n\n\n\n<p><\/p>\n\n\n\n<p><strong>EDUT ARBORETUM MUSTILAN YST\u00c4VILLE<\/strong><\/p>\n\n\n\n<p><br>&nbsp;\u00b7&nbsp;<strong>Maksuton sis\u00e4\u00e4np\u00e4\u00e4sy Arboretumiin<\/strong>. Puistoon menevill\u00e4 Yst\u00e4vill\u00e4 tulisi olla n\u00e4kyv\u00e4sti esill\u00e4 <em>AMY:n tarralippu<\/em>, joita saa Puistokahvilasta. Poikkeus maksuttomuuteen ovat maksulliset yleis\u00f6tapahtumat ja Taimip\u00e4iv\u00e4, jolloin p\u00e4\u00e4symaksun maksavat my\u00f6s Yst\u00e4v\u00e4t talkoolaisia lukuun ottamatta.<\/p>\n\n\n\n<p>\u00b7&nbsp;Arboretumin normaalihintaisista <strong>siemenist\u00e4 ja taimista -10&nbsp;% alennus<\/strong>.<\/p>\n\n\n\n<p>\u00b7\u00a0Mahdollisuus hankkia vain AMY:n j\u00e4senille tarjottavia, l\u00e4hinn\u00e4 tutkimusk\u00e4ytt\u00f6\u00f6n tarkoitettuja <strong>taimi- ja siemeneri\u00e4<\/strong>, jotka eiv\u00e4t ole yleisess\u00e4 myynniss\u00e4. N\u00e4ist\u00e4 tiedotetaan erikseen, ja niit\u00e4 saattaa olla tarjolla my\u00f6s\u00a0yst\u00e4vien tapaamisissa Mustilassa.<\/p>\n\n\n\n<p>\u00b7&nbsp;<strong>Lumoava mets\u00e4puisto -kirja<\/strong> saatavissa Puistokahvilasta j\u00e4senhintaan 20 euroa (ovh 25 eur).<\/p>\n\n\n\n<p>\u00b7&nbsp;Taimialennus Mustila Puutarhalla. Alennus taimista on -10&nbsp;% ja sen saa nimens\u00e4 ilmoittamalla (ei koske kausikasveja ja oheistuotteita).<\/p>\n\n\n\n<p>\u00b7\u00a0<strong>AMY:n j\u00e4senmerkki\u00e4<\/strong> (kupari tai hopeoitu \u00e0\u00a026\u00a0\u20ac + postituskulut) voi tilata s\u00e4hk\u00f6postitse <a href=\"mailto:mustilan.ystavat@mustila.fi\">mustilan.ystavat@mustila.fi<\/a>. Merkkej\u00e4 pyrit\u00e4\u00e4n my\u00f6s pit\u00e4m\u00e4\u00e4n tarjolla AMY:n tapaamisissa.<\/p>\n\n\n\n<p>Lis\u00e4ksi Yst\u00e4v\u00e4t voivat hankkia Arboretumista tarvikkeita, joita ei yleisesti ole saatavilla. N\u00e4it\u00e4 ovat mm. pisto-,\u00a0\u00a0 riippu- ja kietaisunimis\u00e4leet, kasvatuskennot Plantek25 (kovamuovinen 25 taimen kenno) ja apteekkipussit lipalla 67 x 100mm, lannoitteet ja kasvualustat.<\/p>\n\n\n\n<p>Arboretumiin on rakenneltu <strong>yksinkertaisia y\u00f6sijoja<\/strong>, joita my\u00f6s yst\u00e4v\u00e4yhdistyksen j\u00e4senet voivat tiedustella esim. &nbsp;&nbsp;&nbsp;talkooy\u00f6pymisi\u00e4 varten.<br>&nbsp;<\/p>\n\n\n\n<h2 class=\"wp-block-heading\"><\/h2>\n\n\n\n<p><\/p>\n","protected":false},"excerpt":{"rendered":"<p>Yhdistyksen j\u00e4senmaksut v. 2025 ovat: Yhdistykseen voit liitty\u00e4 l\u00e4hett\u00e4m\u00e4ll\u00e4 s\u00e4hk\u00f6postia osoitteeseen:&nbsp;mustilan.ystavat@mustila.fi tai puhelinsoitolla arboretumiin 05 3776679 EDUT ARBORETUM MUSTILAN YST\u00c4VILLE &nbsp;\u00b7&nbsp;Maksuton sis\u00e4\u00e4np\u00e4\u00e4sy Arboretumiin. Puistoon menevill\u00e4 Yst\u00e4vill\u00e4 tulisi olla n\u00e4kyv\u00e4sti esill\u00e4 AMY:n tarralippu, joita saa Puistokahvilasta. Poikkeus maksuttomuuteen ovat maksulliset yleis\u00f6tapahtumat ja Taimip\u00e4iv\u00e4, jolloin p\u00e4\u00e4symaksun maksavat my\u00f6s Yst\u00e4v\u00e4t talkoolaisia lukuun ottamatta. \u00b7&nbsp;Arboretumin normaalihintaisista siemenist\u00e4 ja taimista [&hellip;]<\/p>\n","protected":false},"author":9,"featured_media":0,"parent":0,"menu_order":0,"comment_status":"closed","ping_status":"closed","template":"","meta":{"iawp_total_views":549,"footnotes":""},"class_list":["post-6567","page","type-page","status-publish","hentry"],"_links":{"self":[{"href":"https:\/\/mustila.fi\/en\/wp-json\/wp\/v2\/pages\/6567","targetHints":{"allow":["GET"]}}],"collection":[{"href":"https:\/\/mustila.fi\/en\/wp-json\/wp\/v2\/pages"}],"about":[{"href":"https:\/\/mustila.fi\/en\/wp-json\/wp\/v2\/types\/page"}],"author":[{"embeddable":true,"href":"https:\/\/mustila.fi\/en\/wp-json\/wp\/v2\/users\/9"}],"replies":[{"embeddable":true,"href":"https:\/\/mustila.fi\/en\/wp-json\/wp\/v2\/comments?post=6567"}],"version-history":[{"count":0,"href":"https:\/\/mustila.fi\/en\/wp-json\/wp\/v2\/pages\/6567\/revisions"}],"wp:attachment":[{"href":"https:\/\/mustila.fi\/en\/wp-json\/wp\/v2\/media?parent=6567"}],"curies":[{"name":"wp","href":"https:\/\/api.w.org\/{rel}","templated":true}]}}