{"id":6577,"date":"2023-07-28T07:50:21","date_gmt":"2023-07-28T07:50:21","guid":{"rendered":"https:\/\/mustila.fi\/?page_id=6577"},"modified":"2023-07-28T07:50:22","modified_gmt":"2023-07-28T07:50:22","slug":"jasenmerkki","status":"publish","type":"page","link":"https:\/\/mustila.fi\/en\/jasenmerkki\/","title":{"rendered":"J\u00e4senmerkki"},"content":{"rendered":"\n<h1 class=\"wp-block-heading\">Arboretum Mustilan Yst\u00e4v\u00e4t ry:n j\u00e4senmerkki<\/h1>\n\n\n\n\n\n<figure class=\"wp-block-table\"><table><tbody><tr><td><img decoding=\"async\" alt=\"Hopeinen rintamerkki\" src=\"\/wp-content\/uploads\/tiedostot\/IMG_2811_AMY_merkki_hopeinen_300_80degr.jpg\">&nbsp;<\/td><td>&nbsp;<img decoding=\"async\" alt=\"Kuparoitu rintamerkki\" src=\"\/wp-content\/uploads\/tiedostot\/IMG_2811_AMY_merkki_kuparinen_300_80degr.jpg\"><\/td><\/tr><tr><td>Hopeinen rintamerkki<\/td><td>Kuparoitu rintamerkki<\/td><\/tr><\/tbody><\/table><\/figure>\n\n\n\n<p>Arboretum Mustilan Yst\u00e4vill\u00e4 on nyt mahdollisuus ostaa tyylik\u00e4s rintamerkki, jota voi pit\u00e4\u00e4 vaatteeseen kiinnitettyn\u00e4 ilmaisemassa j\u00e4senyytt\u00e4 yhdistyksess\u00e4mme. Merkki on kultasep\u00e4nty\u00f6t\u00e4 ja k\u00e4y my\u00f6s korusta.<\/p>\n\n\n\n<p>Yst\u00e4vien j\u00e4sen taiteilija Tiina Poutanen suunnitteli yhdistyksemme tunnukseksi punatammen terhon. Punatammi (Quercus rubra) kuuluu Mustilan peruspuustoon, ja puun siemenen\u00e4 tammen terho symboloi samalla uuden puun \u2013 tai vaikka kokonaisen mets\u00e4n \u2013 syntymist\u00e4.<\/p>\n\n\n\n<p>Pient\u00e4 rintamerkki\u00e4 on saatavana hopean- ja kuparinv\u00e4risen\u00e4. Kumpikin on aitoa, leimattua sterling-hopeaa (925), ja kuparinv\u00e4risess\u00e4 on p\u00e4\u00e4ll\u00e4 ohut kuparointi. Merkki kiinnittyy pinssinastalla.<\/p>\n\n\n\n<p>Punatammen terho on nimenomaan j\u00e4senmerkki ja sit\u00e4 myyd\u00e4\u00e4n ainoastaan Arboretum Mustilan Yst\u00e4vien j\u00e4senille. Merkin voi ostaa tilaamalla s\u00e4hk\u00f6postitse&nbsp;<a href=\"mailto:mustilan.ystavat@mustila.fi\">mustilan.ystavat@mustila.fi<\/a>&nbsp;ja se toimitetaan postitse. Rintamerkki\u00e4 on my\u00f6s saatavana Mustilan Yst\u00e4vien tilaisuuksissa.<\/p>\n\n\n\n<p><strong>J\u00e4senmerkki<\/strong><\/p>\n\n\n\n<ul class=\"wp-block-list\">\n<li>925-hopeaa joko hopeanv\u00e4risen\u00e4 tai kuparoituna (kerro, kumman haluat)<\/li>\n\n\n\n<li>Pituus 12 mm<\/li>\n\n\n\n<li>Pinssikiinnitys (nasta ja jousella varustettu vastakappale)<\/li>\n\n\n\n<li>Hinta 22,00 \u20ac<\/li>\n\n\n\n<li>L\u00e4hetyskulut 5,00 \u20ac<\/li>\n<\/ul>\n","protected":false},"excerpt":{"rendered":"<p>Arboretum Mustilan Yst\u00e4v\u00e4t ry:n j\u00e4senmerkki &nbsp; &nbsp; Hopeinen rintamerkki Kuparoitu rintamerkki Arboretum Mustilan Yst\u00e4vill\u00e4 on nyt mahdollisuus ostaa tyylik\u00e4s rintamerkki, jota voi pit\u00e4\u00e4 vaatteeseen kiinnitettyn\u00e4 ilmaisemassa j\u00e4senyytt\u00e4 yhdistyksess\u00e4mme. Merkki on kultasep\u00e4nty\u00f6t\u00e4 ja k\u00e4y my\u00f6s korusta. Yst\u00e4vien j\u00e4sen taiteilija Tiina Poutanen suunnitteli yhdistyksemme tunnukseksi punatammen terhon. Punatammi (Quercus rubra) kuuluu Mustilan peruspuustoon, ja puun siemenen\u00e4 tammen [&hellip;]<\/p>\n","protected":false},"author":2,"featured_media":0,"parent":0,"menu_order":0,"comment_status":"closed","ping_status":"closed","template":"","meta":{"iawp_total_views":38,"footnotes":""},"class_list":["post-6577","page","type-page","status-publish","hentry"],"_links":{"self":[{"href":"https:\/\/mustila.fi\/en\/wp-json\/wp\/v2\/pages\/6577","targetHints":{"allow":["GET"]}}],"collection":[{"href":"https:\/\/mustila.fi\/en\/wp-json\/wp\/v2\/pages"}],"about":[{"href":"https:\/\/mustila.fi\/en\/wp-json\/wp\/v2\/types\/page"}],"author":[{"embeddable":true,"href":"https:\/\/mustila.fi\/en\/wp-json\/wp\/v2\/users\/2"}],"replies":[{"embeddable":true,"href":"https:\/\/mustila.fi\/en\/wp-json\/wp\/v2\/comments?post=6577"}],"version-history":[{"count":0,"href":"https:\/\/mustila.fi\/en\/wp-json\/wp\/v2\/pages\/6577\/revisions"}],"wp:attachment":[{"href":"https:\/\/mustila.fi\/en\/wp-json\/wp\/v2\/media?parent=6577"}],"curies":[{"name":"wp","href":"https:\/\/api.w.org\/{rel}","templated":true}]}}